{"id":75293,"date":"2025-12-02T16:27:34","date_gmt":"2025-12-02T15:27:34","guid":{"rendered":"https:\/\/specialspex.artitex.dev\/product\/clip-e909\/"},"modified":"2026-04-18T12:08:14","modified_gmt":"2026-04-18T10:08:14","slug":"clip-e909","status":"publish","type":"product","link":"https:\/\/specialspex.artitex.dev\/de\/optischer-clip\/evil-eye-clip-e909\/","title":{"rendered":"clip e909"},"content":{"rendered":"<p>Der Evil Eye Clip-in e909 ist die ideale L\u00f6sung f\u00fcr Brillentr\u00e4ger, die beim Sport gerne scharf sehen.<\/p>\n<p>Indem du diesen Clip an deiner Evil Eye Sportbrille anbringst, passend f\u00fcr die Modelle: Trace (Pro), Fusor Pro, Elate und Pathline, kannst du deine normale Sportbrille ganz einfach in eine Korrektionsbrille verwandeln. So kannst du beim Radfahren, Laufen oder Wandern perfekte Sicht genie\u00dfen, ohne auf Komfort oder Leistung verzichten zu m\u00fcssen.<br \/>\nF\u00fcge der Bestellung hier einfach dein Rezept hinzu und schlie\u00dfe sie sofort ab. Bei den Gl\u00e4sern kannst du auf Gleitsichtgl\u00e4ser (mit Leseabschnitt) und eine Antibeschlagbeschichtung aufr\u00fcsten.  <\/p>\n<p data-start=\"224\" data-end=\"387\">M\u00f6chtest du sowohl die Brille als auch den Clip bestellen? W\u00e4hle zuerst die Brille in der verschreibungspflichtigen Version. Dann f\u00fcge im Konfigurationsprogramm einfach den Clip hinzu.  <\/p>\n<p data-start=\"389\" data-end=\"506\" data-is-last-node=\"\" data-is-only-node=\"\">Du m\u00f6chtest nur den Clip und die Gl\u00e4ser lieber von deinem eigenen Optiker anpassen lassen? Dann bestelle den Clip ohne das Rezept. <\/p>\n","protected":false},"excerpt":{"rendered":"<p>Der Evil Eye Clip-in e909 ist die ideale L\u00f6sung f\u00fcr Brillentr\u00e4ger, die beim Sport gerne scharf sehen.<\/p>\n<p>Indem du diesen Clip an deiner Evil Eye Sportbrille anbringst, passend f\u00fcr die Modelle: Trace (Pro), Fusor Pro, Elate und Pathline, kannst du deine normale Sportbrille ganz einfach in eine Korrektionsbrille verwandeln. So kannst du beim Radfahren, Laufen oder Wandern perfekte Sicht genie\u00dfen, ohne auf Komfort oder Leistung verzichten zu m\u00fcssen.<br \/>\nF\u00fcge der Bestellung hier einfach dein Rezept hinzu und schlie\u00dfe sie sofort ab. Bei den Gl\u00e4sern kannst du auf Gleitsichtgl\u00e4ser (mit Leseabschnitt) und eine Antibeschlagbeschichtung aufr\u00fcsten.  <\/p>\n<p data-start=\"224\" data-end=\"387\">M\u00f6chtest du sowohl die Brille als auch den Clip bestellen? W\u00e4hle zuerst die Brille in der verschreibungspflichtigen Version. Dann f\u00fcge im Konfigurationsprogramm einfach den Clip hinzu.  <\/p>\n<p data-start=\"389\" data-end=\"506\" data-is-last-node=\"\" data-is-only-node=\"\">Du m\u00f6chtest nur den Clip und die Gl\u00e4ser lieber von deinem eigenen Optiker anpassen lassen? Dann bestelle den Clip ohne das Rezept. <\/p>\n","protected":false},"featured_media":60520,"template":"","meta":[],"product_brand":[808],"product_cat":[682],"product_tag":[],"class_list":{"0":"post-75293","1":"product","2":"type-product","3":"status-publish","4":"has-post-thumbnail","6":"product_brand-evil-eye","7":"product_cat-optischer-clip","9":"first","10":"instock","11":"shipping-taxable","12":"purchasable","13":"product-type-simple"},"_links":{"self":[{"href":"https:\/\/specialspex.artitex.dev\/de\/wp-json\/wp\/v2\/product\/75293","targetHints":{"allow":["GET"]}}],"collection":[{"href":"https:\/\/specialspex.artitex.dev\/de\/wp-json\/wp\/v2\/product"}],"about":[{"href":"https:\/\/specialspex.artitex.dev\/de\/wp-json\/wp\/v2\/types\/product"}],"wp:featuredmedia":[{"embeddable":true,"href":"https:\/\/specialspex.artitex.dev\/de\/wp-json\/wp\/v2\/media\/60520"}],"wp:attachment":[{"href":"https:\/\/specialspex.artitex.dev\/de\/wp-json\/wp\/v2\/media?parent=75293"}],"wp:term":[{"taxonomy":"product_brand","embeddable":true,"href":"https:\/\/specialspex.artitex.dev\/de\/wp-json\/wp\/v2\/product_brand?post=75293"},{"taxonomy":"product_cat","embeddable":true,"href":"https:\/\/specialspex.artitex.dev\/de\/wp-json\/wp\/v2\/product_cat?post=75293"},{"taxonomy":"product_tag","embeddable":true,"href":"https:\/\/specialspex.artitex.dev\/de\/wp-json\/wp\/v2\/product_tag?post=75293"}],"curies":[{"name":"wp","href":"https:\/\/api.w.org\/{rel}","templated":true}]}}