{"id":75298,"date":"2025-12-02T16:24:34","date_gmt":"2025-12-02T15:24:34","guid":{"rendered":"https:\/\/specialspex.artitex.dev\/product\/clip-e907\/"},"modified":"2026-04-18T12:08:15","modified_gmt":"2026-04-18T10:08:15","slug":"clip-e907","status":"publish","type":"product","link":"https:\/\/specialspex.artitex.dev\/de\/optischer-clip\/evil-eye-clip-e907\/","title":{"rendered":"clip e907"},"content":{"rendered":"<p>Der Evil Eye Clip-in e907 ist die ideale L\u00f6sung f\u00fcr Brillentr\u00e4ger, die beim Sport gerne scharf sehen.<\/p>\n<p>Indem du diesen Clip an deiner Evil Eye Sportbrille anbringst, passend f\u00fcr die Modelle: Trace (Pro), Fusor Pro, Elate, Pathline, Traileye, Trailsense, Roadsense, E-sens Next, kannst du deine normale Sportbrille ganz einfach in eine Korrektionsbrille verwandeln. So kannst du beim Radfahren, Laufen oder Wandern perfekt sehen, ohne auf Komfort oder Leistung verzichten zu m\u00fcssen.<br \/>\nF\u00fcge einfach dein Rezept hier zur Bestellung hinzu und schlie\u00dfe sie sofort ab. Bei den Gl\u00e4sern kannst du auf Gleitsichtgl\u00e4ser (mit Leseabschnitt) und eine Antibeschlagbeschichtung aufr\u00fcsten.  <\/p>\n<p data-start=\"224\" data-end=\"387\">M\u00f6chtest du sowohl die Brille als auch den Clip bestellen? W\u00e4hle zuerst die Brille in der verschreibungspflichtigen Version. Dann f\u00fcge im Konfigurationsprogramm einfach den Clip hinzu.  <\/p>\n<p data-start=\"389\" data-end=\"506\" data-is-last-node=\"\" data-is-only-node=\"\">Du m\u00f6chtest nur den Clip und die Gl\u00e4ser lieber von deinem eigenen Optiker anpassen lassen? Dann bestelle den Clip ohne das Rezept. <\/p>\n","protected":false},"excerpt":{"rendered":"<p>Der Evil Eye Clip-in e907 ist die ideale L\u00f6sung f\u00fcr Brillentr\u00e4ger, die beim Sport gerne scharf sehen.<\/p>\n<p>Indem du diesen Clip an deiner Evil Eye Sportbrille anbringst, passend f\u00fcr die Modelle: Trace (Pro), Fusor Pro, Elate, Pathline, Traileye, Trailsense, Roadsense, E-sens Next, kannst du deine normale Sportbrille ganz einfach in eine Korrektionsbrille verwandeln. So kannst du beim Radfahren, Laufen oder Wandern perfekt sehen, ohne auf Komfort oder Leistung verzichten zu m\u00fcssen.<br \/>\nF\u00fcge einfach dein Rezept hier zur Bestellung hinzu und schlie\u00dfe sie sofort ab. Bei den Gl\u00e4sern kannst du auf Gleitsichtgl\u00e4ser (mit Leseabschnitt) und eine Antibeschlagbeschichtung aufr\u00fcsten.  <\/p>\n<p data-start=\"224\" data-end=\"387\">M\u00f6chtest du sowohl die Brille als auch den Clip bestellen? W\u00e4hle zuerst die Brille in der verschreibungspflichtigen Version. Dann f\u00fcge im Konfigurationsprogramm einfach den Clip hinzu.  <\/p>\n<p data-start=\"389\" data-end=\"506\" data-is-last-node=\"\" data-is-only-node=\"\">Du m\u00f6chtest nur den Clip und die Gl\u00e4ser lieber von deinem eigenen Optiker anpassen lassen? Dann bestelle den Clip ohne das Rezept. <\/p>\n","protected":false},"featured_media":60517,"template":"","meta":[],"product_brand":[808],"product_cat":[682],"product_tag":[],"class_list":{"0":"post-75298","1":"product","2":"type-product","3":"status-publish","4":"has-post-thumbnail","6":"product_brand-evil-eye","7":"product_cat-optischer-clip","8":"pa_geschikt-voor-frauen","9":"pa_geschikt-voor-manner","11":"first","12":"instock","13":"shipping-taxable","14":"purchasable","15":"product-type-simple"},"_links":{"self":[{"href":"https:\/\/specialspex.artitex.dev\/de\/wp-json\/wp\/v2\/product\/75298","targetHints":{"allow":["GET"]}}],"collection":[{"href":"https:\/\/specialspex.artitex.dev\/de\/wp-json\/wp\/v2\/product"}],"about":[{"href":"https:\/\/specialspex.artitex.dev\/de\/wp-json\/wp\/v2\/types\/product"}],"wp:featuredmedia":[{"embeddable":true,"href":"https:\/\/specialspex.artitex.dev\/de\/wp-json\/wp\/v2\/media\/60517"}],"wp:attachment":[{"href":"https:\/\/specialspex.artitex.dev\/de\/wp-json\/wp\/v2\/media?parent=75298"}],"wp:term":[{"taxonomy":"product_brand","embeddable":true,"href":"https:\/\/specialspex.artitex.dev\/de\/wp-json\/wp\/v2\/product_brand?post=75298"},{"taxonomy":"product_cat","embeddable":true,"href":"https:\/\/specialspex.artitex.dev\/de\/wp-json\/wp\/v2\/product_cat?post=75298"},{"taxonomy":"product_tag","embeddable":true,"href":"https:\/\/specialspex.artitex.dev\/de\/wp-json\/wp\/v2\/product_tag?post=75298"}],"curies":[{"name":"wp","href":"https:\/\/api.w.org\/{rel}","templated":true}]}}