{"id":75326,"date":"2025-11-25T11:35:28","date_gmt":"2025-11-25T10:35:28","guid":{"rendered":"https:\/\/specialspex.artitex.dev\/product\/klassee-medium\/"},"modified":"2026-04-18T12:08:57","modified_gmt":"2026-04-18T10:08:57","slug":"klassee-medium","status":"publish","type":"product","link":"https:\/\/specialspex.artitex.dev\/de\/sicherheit\/bolle-safety-klassee-medium\/","title":{"rendered":"Klassee Medium"},"content":{"rendered":"<p data-start=\"100\" data-end=\"431\">Diese Boll\u00e9 Schutzbrille kombiniert effektives und stilvolles Design mit maximalem Schutz. Das Modell ist die kleinere Version der Klassee und hat integrierte Seitenschilde, die vor fliegenden Partikeln, Fl\u00fcssigkeiten und Staub sch\u00fctzen. Die gr\u00f6\u00dfere Version ist die Klassee Wide. Sie ist standardm\u00e4\u00dfig nach EN-166 zertifiziert.   <\/p>\n<p data-start=\"433\" data-end=\"710\" data-is-last-node=\"\" data-is-only-node=\"\">- EN-166 zertifizierter Schutz<br data-start=\"469\" data-end=\"472\">- Integrierte Seitenkappen f\u00fcr zus\u00e4tzliche Sicherheit<br data-start=\"519\" data-end=\"522\">- Kompaktes Modell, kleinere Version der Classe<br data-start=\"567\" data-end=\"570\">- Kann in der gew\u00fcnschten Farbe oder mit Einf\u00e4rbung an die Sehst\u00e4rke angepasst werden<br data-start=\"624\" data-end=\"627\">- Die Brille kann komplett nach Wunsch zusammengebaut werden<br data-start=\"671\" data-end=\"674\">- Standardm\u00e4\u00dfige klare Gl\u00e4ser im Lieferumfang enthalten<\/p>\n","protected":false},"excerpt":{"rendered":"<p data-start=\"100\" data-end=\"431\">Diese Boll\u00e9 Schutzbrille kombiniert effektives und stilvolles Design mit maximalem Schutz. Das Modell ist die kleinere Version der Klassee und hat integrierte Seitenschilde, die vor fliegenden Partikeln, Fl\u00fcssigkeiten und Staub sch\u00fctzen. Die gr\u00f6\u00dfere Version ist die Klassee Wide. Sie ist standardm\u00e4\u00dfig nach EN-166 zertifiziert.   <\/p>\n<p data-start=\"433\" data-end=\"710\" data-is-last-node=\"\" data-is-only-node=\"\">- EN-166 zertifizierter Schutz<br data-start=\"469\" data-end=\"472\">- Integrierte Seitenkappen f\u00fcr zus\u00e4tzliche Sicherheit<br data-start=\"519\" data-end=\"522\">- Kompaktes Modell, kleinere Version der Classe<br data-start=\"567\" data-end=\"570\">- Kann in der gew\u00fcnschten Farbe oder mit Einf\u00e4rbung an die Sehst\u00e4rke angepasst werden<br data-start=\"624\" data-end=\"627\">- Die Brille kann nach Wunsch komplett zusammengebaut werden<br data-start=\"671\" data-end=\"674\">- Standardm\u00e4\u00dfige klare Gl\u00e4ser im Lieferumfang enthalten<\/p>\n","protected":false},"featured_media":61993,"template":"","meta":[],"product_brand":[786],"product_cat":[628],"product_tag":[],"class_list":{"0":"post-75326","1":"product","2":"type-product","3":"status-publish","4":"has-post-thumbnail","6":"product_brand-bolle-safety","7":"product_cat-sicherheit","8":"pa_geschikt-voor-frauen","9":"pa_geschikt-voor-manner","10":"pa_kleur-montuur-blau","11":"pa_maat-montuur-klein","12":"pa_maat-montuur-medium","13":"pa_soort-bril-op-sterkte-geeignet-fuer-hohe-staerken","14":"pa_soort-bril-op-sterkte-mit-sehstaerke","16":"first","17":"instock","18":"shipping-taxable","19":"purchasable","20":"product-type-simple"},"_links":{"self":[{"href":"https:\/\/specialspex.artitex.dev\/de\/wp-json\/wp\/v2\/product\/75326","targetHints":{"allow":["GET"]}}],"collection":[{"href":"https:\/\/specialspex.artitex.dev\/de\/wp-json\/wp\/v2\/product"}],"about":[{"href":"https:\/\/specialspex.artitex.dev\/de\/wp-json\/wp\/v2\/types\/product"}],"wp:featuredmedia":[{"embeddable":true,"href":"https:\/\/specialspex.artitex.dev\/de\/wp-json\/wp\/v2\/media\/61993"}],"wp:attachment":[{"href":"https:\/\/specialspex.artitex.dev\/de\/wp-json\/wp\/v2\/media?parent=75326"}],"wp:term":[{"taxonomy":"product_brand","embeddable":true,"href":"https:\/\/specialspex.artitex.dev\/de\/wp-json\/wp\/v2\/product_brand?post=75326"},{"taxonomy":"product_cat","embeddable":true,"href":"https:\/\/specialspex.artitex.dev\/de\/wp-json\/wp\/v2\/product_cat?post=75326"},{"taxonomy":"product_tag","embeddable":true,"href":"https:\/\/specialspex.artitex.dev\/de\/wp-json\/wp\/v2\/product_tag?post=75326"}],"curies":[{"name":"wp","href":"https:\/\/api.w.org\/{rel}","templated":true}]}}