{"id":75327,"date":"2025-12-01T16:57:14","date_gmt":"2025-12-01T15:57:14","guid":{"rendered":"https:\/\/specialspex.artitex.dev\/product\/lateralis\/"},"modified":"2025-12-01T16:57:14","modified_gmt":"2025-12-01T15:57:14","slug":"lateralis","status":"publish","type":"product","link":"https:\/\/specialspex.artitex.dev\/de\/sportbrille\/radfahrerbrille\/mountainbiking\/oakley-lateralis\/","title":{"rendered":"Lateralis"},"content":{"rendered":"<p data-start=\"230\" data-end=\"703\">Die Oakley Lateralis ist eine moderne und sportliche Brille, die allt\u00e4glichen Komfort mit einem eleganten, zeitgen\u00f6ssischen Look kombiniert. Das leichte O Matter-Material sorgt f\u00fcr eine glatte und langlebige Konstruktion, w\u00e4hrend die subtile Wrap-Form zus\u00e4tzliche Stabilit\u00e4t und Schutz vor Seitenlicht bietet. Dank der Unobtainium-Ohrst\u00f6psel bleibt die Brille auch in Bewegung oder beim Schwitzen fest an ihrem Platz, sodass die Lateralis sowohl f\u00fcr den Alltag als auch f\u00fcr leichte sportliche Aktivit\u00e4ten geeignet ist.  <\/p>\n<p data-start=\"705\" data-end=\"827\">Das Design zeichnet sich durch klare Linien und eine vielseitige Passform aus, die f\u00fcr verschiedene Gesichtsformen geeignet ist.<\/p>\n<p data-start=\"829\" data-end=\"1173\">- Leichter und strapazierf\u00e4higer O Matter-Rahmen<br data-start=\"872\" data-end=\"875\">- Unobtainium-Ohrst\u00f6psel f\u00fcr zus\u00e4tzlichen Halt beim Schwitzen<br data-start=\"929\" data-end=\"932\">- Subtile Wrap-Form f\u00fcr Stabilit\u00e4t und Lichtschutz<br data-start=\"989\" data-end=\"992\">- Modernes und vielseitiges Design f\u00fcr den t\u00e4glichen Gebrauch<br data-start=\"1050\" data-end=\"1053\">- Erh\u00e4ltlich mit verschreibungspflichtigen Gl\u00e4sern, sowohl mit Specialspex-Gl\u00e4sern als auch mit Original-Oakley-Gl\u00e4sern<br data-start=\"1133\" data-end=\"1136\">- Inklusive sch\u00fctzendem Aufbewahrungsetui<\/p>\n","protected":false},"excerpt":{"rendered":"<p data-start=\"230\" data-end=\"703\">Die Oakley Lateralis ist eine moderne und sportliche Brille, die allt\u00e4glichen Komfort mit einem eleganten, zeitgen\u00f6ssischen Look kombiniert. Das leichte O Matter-Material sorgt f\u00fcr eine glatte und langlebige Konstruktion, w\u00e4hrend die subtile Wrap-Form zus\u00e4tzliche Stabilit\u00e4t und Schutz vor Seitenlicht bietet. Dank der Unobtainium-Ohrst\u00f6psel bleibt die Brille auch in Bewegung oder beim Schwitzen fest an ihrem Platz, sodass die Lateralis sowohl f\u00fcr den Alltag als auch f\u00fcr leichte sportliche Aktivit\u00e4ten geeignet ist.  <\/p>\n<p data-start=\"705\" data-end=\"827\">Das Design zeichnet sich durch klare Linien und eine vielseitige Passform aus, die f\u00fcr verschiedene Gesichtsformen geeignet ist.<\/p>\n<p data-start=\"829\" data-end=\"1173\">- Leichter und strapazierf\u00e4higer O Matter-Rahmen<br data-start=\"872\" data-end=\"875\">- Unobtainium-Ohrst\u00f6psel f\u00fcr zus\u00e4tzlichen Halt beim Schwitzen<br data-start=\"929\" data-end=\"932\">- Subtile Wrap-Form f\u00fcr Stabilit\u00e4t und Lichtschutz<br data-start=\"989\" data-end=\"992\">- Modernes und vielseitiges Design f\u00fcr den t\u00e4glichen Gebrauch<br data-start=\"1050\" data-end=\"1053\">- Erh\u00e4ltlich mit verschreibungspflichtigen Gl\u00e4sern, sowohl mit Specialspex-Gl\u00e4sern als auch mit Original-Oakley-Gl\u00e4sern<br data-start=\"1133\" data-end=\"1136\">- Inklusive sch\u00fctzendem Aufbewahrungsetui<\/p>\n","protected":false},"featured_media":69684,"template":"","meta":[],"product_brand":[806],"product_cat":[584,638,559,687,688],"product_tag":[],"class_list":{"0":"post-75327","1":"product","2":"type-product","3":"status-publish","4":"has-post-thumbnail","6":"product_brand-oakley","7":"product_cat-sportbrille","8":"product_cat-mountainbiking","9":"product_cat-radfahrerbrille","10":"product_cat-surfen-kite-surfen","11":"product_cat-wassersport","12":"pa_geschikt-voor-frauen","13":"pa_geschikt-voor-manner","14":"pa_kleur-montuur-grun","15":"pa_kleur-montuur-schwarz","16":"pa_kleur-montuur-weiss","17":"pa_maat-montuur-extra-gros","18":"pa_maat-montuur-gross","19":"pa_soort-bril-op-sterkte-mit-sehstaerke","20":"pa_soort-bril-op-sterkte-ohne-sehstaerke","22":"first","23":"instock","24":"sale","25":"shipping-taxable","26":"purchasable","27":"product-type-variable"},"_links":{"self":[{"href":"https:\/\/specialspex.artitex.dev\/de\/wp-json\/wp\/v2\/product\/75327","targetHints":{"allow":["GET"]}}],"collection":[{"href":"https:\/\/specialspex.artitex.dev\/de\/wp-json\/wp\/v2\/product"}],"about":[{"href":"https:\/\/specialspex.artitex.dev\/de\/wp-json\/wp\/v2\/types\/product"}],"wp:featuredmedia":[{"embeddable":true,"href":"https:\/\/specialspex.artitex.dev\/de\/wp-json\/wp\/v2\/media\/69684"}],"wp:attachment":[{"href":"https:\/\/specialspex.artitex.dev\/de\/wp-json\/wp\/v2\/media?parent=75327"}],"wp:term":[{"taxonomy":"product_brand","embeddable":true,"href":"https:\/\/specialspex.artitex.dev\/de\/wp-json\/wp\/v2\/product_brand?post=75327"},{"taxonomy":"product_cat","embeddable":true,"href":"https:\/\/specialspex.artitex.dev\/de\/wp-json\/wp\/v2\/product_cat?post=75327"},{"taxonomy":"product_tag","embeddable":true,"href":"https:\/\/specialspex.artitex.dev\/de\/wp-json\/wp\/v2\/product_tag?post=75327"}],"curies":[{"name":"wp","href":"https:\/\/api.w.org\/{rel}","templated":true}]}}