{"id":75331,"date":"2025-11-25T11:04:38","date_gmt":"2025-11-25T10:04:38","guid":{"rendered":"https:\/\/specialspex.artitex.dev\/product\/tornado\/"},"modified":"2025-11-25T11:04:38","modified_gmt":"2025-11-25T10:04:38","slug":"tornado","status":"publish","type":"product","link":"https:\/\/specialspex.artitex.dev\/de\/sicherheit\/eyres-tornado\/","title":{"rendered":"Tornado"},"content":{"rendered":"<p data-start=\"167\" data-end=\"765\">Die Eyres Tornado ist eine modern gestaltete Schutzbrille, die den Bereich um die Augen optimal sch\u00fctzt. Dank der flie\u00dfenden, konturierten Linie, der integrierten B\u00fcgel und der verstellbaren Nasenpads liegt die Brille eng am Gesicht an und bietet einen hervorragenden Schutz vor St\u00f6\u00dfen, Staub und fliegenden Partikeln. Die Verwendung von hochwertigem Polycarbonat und TR-Material sorgt f\u00fcr eine langlebige und komfortable Konstruktion, die sich f\u00fcr den langfristigen professionellen Einsatz eignet. Die Kombination aus Silber und Kristallgrau verleiht der Tornado einen stilvollen und modernen Look.   <\/p>\n<p data-start=\"767\" data-end=\"1216\">- Konturiertes Design, das den Bereich um die Augen effektiv abschirmt<br data-start=\"840\" data-end=\"843\">- Seitenteile f\u00fcr zus\u00e4tzlichen Schutz vor Staub, Schmutz und seitlichen St\u00f6\u00dfen<br data-start=\"915\" data-end=\"918\">- Hergestellt aus hochwertigem Polycarbonat und TR-Material f\u00fcr Langlebigkeit und Komfort<br data-start=\"1002\" data-end=\"1005\">- Verstellbare Nasenpads f\u00fcr einen pers\u00f6nlichen und stabilen Sitz<br data-start=\"1069\" data-end=\"1072\">- Moderne und elegante Farbkombination aus Silber und Kristallgrau<br data-start=\"1136\" data-end=\"1139\">- Kann auf die St\u00e4rke gem\u00e4\u00df EN-166-Normierung angepasst werden<br data-start=\"1187\" data-end=\"1190\">- Schutzh\u00fclle enthalten<\/p>\n","protected":false},"excerpt":{"rendered":"<p data-start=\"167\" data-end=\"765\">Die Eyres Tornado ist eine modern gestaltete Schutzbrille, die den Bereich um die Augen optimal sch\u00fctzt. Dank der flie\u00dfenden, konturierten Linie, der integrierten B\u00fcgel und der verstellbaren Nasenpads liegt die Brille eng am Gesicht an und bietet einen hervorragenden Schutz vor St\u00f6\u00dfen, Staub und fliegenden Partikeln. Die Verwendung von hochwertigem Polycarbonat und TR-Material sorgt f\u00fcr eine langlebige und komfortable Konstruktion, die sich f\u00fcr den langfristigen professionellen Einsatz eignet. Die Kombination aus Silber und Kristallgrau verleiht der Tornado einen stilvollen und modernen Look.   <\/p>\n<p data-start=\"767\" data-end=\"1216\">- Konturiertes Design, das den Bereich um die Augen effektiv abschirmt<br data-start=\"840\" data-end=\"843\">- Seitenteile f\u00fcr zus\u00e4tzlichen Schutz vor Staub, Schmutz und seitlichen St\u00f6\u00dfen<br data-start=\"915\" data-end=\"918\">- Hergestellt aus hochwertigem Polycarbonat und TR-Material f\u00fcr Langlebigkeit und Komfort<br data-start=\"1002\" data-end=\"1005\">- Verstellbare Nasenpads f\u00fcr einen pers\u00f6nlichen und stabilen Sitz<br data-start=\"1069\" data-end=\"1072\">- Moderne und elegante Farbkombination aus Silber und Kristallgrau<br data-start=\"1136\" data-end=\"1139\">- Kann auf die St\u00e4rke gem\u00e4\u00df EN-166-Normierung angepasst werden<br data-start=\"1187\" data-end=\"1190\">- Schutzh\u00fclle enthalten<\/p>\n","protected":false},"featured_media":66227,"template":"","meta":[],"product_brand":[791],"product_cat":[628],"product_tag":[],"class_list":{"0":"post-75331","1":"product","2":"type-product","3":"status-publish","4":"has-post-thumbnail","6":"product_brand-eyres","7":"product_cat-sicherheit","8":"pa_geschikt-voor-frauen","9":"pa_geschikt-voor-manner","10":"pa_kleur-montuur-grau","11":"pa_kleur-montuur-weiss","12":"pa_maat-montuur-gross","13":"pa_maat-montuur-medium","14":"pa_soort-bril-op-sterkte-mit-sehstaerke","16":"first","17":"instock","18":"shipping-taxable","19":"purchasable","20":"product-type-simple"},"_links":{"self":[{"href":"https:\/\/specialspex.artitex.dev\/de\/wp-json\/wp\/v2\/product\/75331","targetHints":{"allow":["GET"]}}],"collection":[{"href":"https:\/\/specialspex.artitex.dev\/de\/wp-json\/wp\/v2\/product"}],"about":[{"href":"https:\/\/specialspex.artitex.dev\/de\/wp-json\/wp\/v2\/types\/product"}],"wp:featuredmedia":[{"embeddable":true,"href":"https:\/\/specialspex.artitex.dev\/de\/wp-json\/wp\/v2\/media\/66227"}],"wp:attachment":[{"href":"https:\/\/specialspex.artitex.dev\/de\/wp-json\/wp\/v2\/media?parent=75331"}],"wp:term":[{"taxonomy":"product_brand","embeddable":true,"href":"https:\/\/specialspex.artitex.dev\/de\/wp-json\/wp\/v2\/product_brand?post=75331"},{"taxonomy":"product_cat","embeddable":true,"href":"https:\/\/specialspex.artitex.dev\/de\/wp-json\/wp\/v2\/product_cat?post=75331"},{"taxonomy":"product_tag","embeddable":true,"href":"https:\/\/specialspex.artitex.dev\/de\/wp-json\/wp\/v2\/product_tag?post=75331"}],"curies":[{"name":"wp","href":"https:\/\/api.w.org\/{rel}","templated":true}]}}