{"id":75333,"date":"2025-11-25T11:31:05","date_gmt":"2025-11-25T10:31:05","guid":{"rendered":"https:\/\/specialspex.artitex.dev\/product\/b810-wide\/"},"modified":"2026-04-18T12:08:58","modified_gmt":"2026-04-18T10:08:58","slug":"b810-wide","status":"publish","type":"product","link":"https:\/\/specialspex.artitex.dev\/de\/sicherheit\/bolle-safety-b810-wide\/","title":{"rendered":"B810 Wide"},"content":{"rendered":"<p data-start=\"97\" data-end=\"393\">Diese Boll\u00e9 Schutzbrille kombiniert ein effektives und diskretes Design mit maximalem Schutz. Das Modell ist die gr\u00f6\u00dfere Version der B810 Medium und hat integrierte Seitenschilde, die vor fliegenden Partikeln, Fl\u00fcssigkeiten und Staub sch\u00fctzen. Sie ist standardm\u00e4\u00dfig EN-166-zertifiziert.  <\/p>\n<p data-start=\"395\" data-end=\"674\" data-is-last-node=\"\" data-is-only-node=\"\">- EN-166-zertifizierter Schutz<br data-start=\"431\" data-end=\"434\">- Integrierte Seitenkappen f\u00fcr zus\u00e4tzliche Sicherheit<br data-start=\"481\" data-end=\"484\">- Breiteres Modell, gr\u00f6\u00dfere Variante der B810 Medium<br data-start=\"531\" data-end=\"534\">- Kann nach deiner Sehst\u00e4rke in der Farbe deiner Wahl oder mit Co-T\u00f6nung angefertigt werden<br data-start=\"588\" data-end=\"591\">- Die Brille kann vollst\u00e4ndig individuell gestaltet werden<br data-start=\"635\" data-end=\"638\">- Klare Standardgl\u00e4ser im Lieferumfang enthalten<\/p>\n","protected":false},"excerpt":{"rendered":"<p data-start=\"97\" data-end=\"393\">Diese Boll\u00e9 Schutzbrille kombiniert ein effektives und diskretes Design mit maximalem Schutz. Das Modell ist die gr\u00f6\u00dfere Version der B810 Medium und hat integrierte Seitenschilde, die vor fliegenden Partikeln, Fl\u00fcssigkeiten und Staub sch\u00fctzen. Sie ist standardm\u00e4\u00dfig EN-166-zertifiziert.  <\/p>\n<p data-start=\"395\" data-end=\"674\" data-is-last-node=\"\" data-is-only-node=\"\">- EN-166-zertifizierter Schutz<br data-start=\"431\" data-end=\"434\">- Integrierte Seitenkappen f\u00fcr zus\u00e4tzliche Sicherheit<br data-start=\"481\" data-end=\"484\">- Breiteres Modell, gr\u00f6\u00dfere Variante der B810 Medium<br data-start=\"531\" data-end=\"534\">- Kann nach deiner Sehst\u00e4rke in der Farbe deiner Wahl oder mit Co-T\u00f6nung angefertigt werden<br data-start=\"588\" data-end=\"591\">- Die Brille kann vollst\u00e4ndig individuell gestaltet werden<br data-start=\"635\" data-end=\"638\">- Klare Standardgl\u00e4ser im Lieferumfang enthalten<\/p>\n","protected":false},"featured_media":61990,"template":"","meta":[],"product_brand":[786],"product_cat":[628],"product_tag":[],"class_list":{"0":"post-75333","1":"product","2":"type-product","3":"status-publish","4":"has-post-thumbnail","6":"product_brand-bolle-safety","7":"product_cat-sicherheit","8":"pa_geschikt-voor-frauen","9":"pa_geschikt-voor-manner","10":"pa_kleur-montuur-grau","11":"pa_maat-montuur-medium","12":"pa_soort-bril-op-sterkte-geeignet-fuer-hohe-staerken","13":"pa_soort-bril-op-sterkte-mit-sehstaerke","15":"first","16":"instock","17":"shipping-taxable","18":"purchasable","19":"product-type-simple"},"_links":{"self":[{"href":"https:\/\/specialspex.artitex.dev\/de\/wp-json\/wp\/v2\/product\/75333","targetHints":{"allow":["GET"]}}],"collection":[{"href":"https:\/\/specialspex.artitex.dev\/de\/wp-json\/wp\/v2\/product"}],"about":[{"href":"https:\/\/specialspex.artitex.dev\/de\/wp-json\/wp\/v2\/types\/product"}],"wp:featuredmedia":[{"embeddable":true,"href":"https:\/\/specialspex.artitex.dev\/de\/wp-json\/wp\/v2\/media\/61990"}],"wp:attachment":[{"href":"https:\/\/specialspex.artitex.dev\/de\/wp-json\/wp\/v2\/media?parent=75333"}],"wp:term":[{"taxonomy":"product_brand","embeddable":true,"href":"https:\/\/specialspex.artitex.dev\/de\/wp-json\/wp\/v2\/product_brand?post=75333"},{"taxonomy":"product_cat","embeddable":true,"href":"https:\/\/specialspex.artitex.dev\/de\/wp-json\/wp\/v2\/product_cat?post=75333"},{"taxonomy":"product_tag","embeddable":true,"href":"https:\/\/specialspex.artitex.dev\/de\/wp-json\/wp\/v2\/product_tag?post=75333"}],"curies":[{"name":"wp","href":"https:\/\/api.w.org\/{rel}","templated":true}]}}