{"id":75337,"date":"2025-11-25T10:51:50","date_gmt":"2025-11-25T09:51:50","guid":{"rendered":"https:\/\/specialspex.artitex.dev\/product\/tryon\/"},"modified":"2025-11-25T10:51:50","modified_gmt":"2025-11-25T09:51:50","slug":"tryon","status":"publish","type":"product","link":"https:\/\/specialspex.artitex.dev\/de\/sportbrille\/schiessbrille\/airsoft\/bolle-safety-tryon\/","title":{"rendered":"Tryon"},"content":{"rendered":"<p data-start=\"98\" data-end=\"387\">Diese stylische Schutzbrille kombiniert Design mit Funktionalit\u00e4t. Der eng anliegende Rahmen hat einen verstellbaren Nasensteg f\u00fcr optimalen Tragekomfort. Die Brille ist standardm\u00e4\u00dfig EN-166-zertifiziert und bietet einen wirksamen Schutz gegen fliegende feste und fl\u00fcssige Partikel und Staub.  <\/p>\n<p data-start=\"389\" data-end=\"666\" data-is-last-node=\"\" data-is-only-node=\"\">- EN-166-zertifizierter Schutz<br data-start=\"425\" data-end=\"428\">- Eng anliegender Rahmen mit verstellbarem Nasensteg<br data-start=\"475\" data-end=\"478\">- Funktionelles und stilvolles Design<br data-start=\"510\" data-end=\"513\">- Kann mit speziell gebogenen Gl\u00e4sern an verschreibungspflichtige Gl\u00e4ser angepasst werden<br data-start=\"563\" data-end=\"566\">- Die Brille kann vollst\u00e4ndig individuell angepasst werden, einschlie\u00dflich selbstt\u00f6nender Gl\u00e4ser<br data-start=\"627\" data-end=\"630\">- Standardm\u00e4\u00dfige klare Gl\u00e4ser im Lieferumfang enthalten<\/p>\n","protected":false},"excerpt":{"rendered":"<p data-start=\"98\" data-end=\"387\">Diese stylische Schutzbrille kombiniert Design mit Funktionalit\u00e4t. Der eng anliegende Rahmen hat einen verstellbaren Nasensteg f\u00fcr optimalen Tragekomfort. Die Brille ist standardm\u00e4\u00dfig EN-166-zertifiziert und bietet einen wirksamen Schutz gegen fliegende feste und fl\u00fcssige Partikel und Staub.  <\/p>\n<p data-start=\"389\" data-end=\"666\" data-is-last-node=\"\" data-is-only-node=\"\">- EN-166-zertifizierter Schutz<br data-start=\"425\" data-end=\"428\">- Eng anliegender Rahmen mit verstellbarem Nasensteg<br data-start=\"475\" data-end=\"478\">- Funktionelles und stilvolles Design<br data-start=\"510\" data-end=\"513\">- Kann mit speziell gebogenen Gl\u00e4sern an verschreibungspflichtige Gl\u00e4ser angepasst werden<br data-start=\"563\" data-end=\"566\">- Die Brille kann vollst\u00e4ndig individuell angepasst werden, einschlie\u00dflich selbstt\u00f6nender Gl\u00e4ser<br data-start=\"627\" data-end=\"630\">- Standardm\u00e4\u00dfige klare Gl\u00e4ser im Lieferumfang enthalten<\/p>\n","protected":false},"featured_media":45094,"template":"","meta":[],"product_brand":[786],"product_cat":[628,710,711,709],"product_tag":[],"class_list":{"0":"post-75337","1":"product","2":"type-product","3":"status-publish","4":"has-post-thumbnail","6":"product_brand-bolle-safety","7":"product_cat-sicherheit","8":"product_cat-airsoft","9":"product_cat-pistolenschiessen","10":"product_cat-schiessbrille","11":"pa_geschikt-voor-frauen","12":"pa_geschikt-voor-manner","13":"pa_kleur-montuur-blau","14":"pa_kleur-montuur-schwarz","15":"pa_maat-montuur-extra-gros","16":"pa_maat-montuur-gross","17":"pa_soort-bril-op-sterkte-mit-sehstaerke","19":"first","20":"instock","21":"shipping-taxable","22":"purchasable","23":"product-type-simple"},"_links":{"self":[{"href":"https:\/\/specialspex.artitex.dev\/de\/wp-json\/wp\/v2\/product\/75337","targetHints":{"allow":["GET"]}}],"collection":[{"href":"https:\/\/specialspex.artitex.dev\/de\/wp-json\/wp\/v2\/product"}],"about":[{"href":"https:\/\/specialspex.artitex.dev\/de\/wp-json\/wp\/v2\/types\/product"}],"wp:featuredmedia":[{"embeddable":true,"href":"https:\/\/specialspex.artitex.dev\/de\/wp-json\/wp\/v2\/media\/45094"}],"wp:attachment":[{"href":"https:\/\/specialspex.artitex.dev\/de\/wp-json\/wp\/v2\/media?parent=75337"}],"wp:term":[{"taxonomy":"product_brand","embeddable":true,"href":"https:\/\/specialspex.artitex.dev\/de\/wp-json\/wp\/v2\/product_brand?post=75337"},{"taxonomy":"product_cat","embeddable":true,"href":"https:\/\/specialspex.artitex.dev\/de\/wp-json\/wp\/v2\/product_cat?post=75337"},{"taxonomy":"product_tag","embeddable":true,"href":"https:\/\/specialspex.artitex.dev\/de\/wp-json\/wp\/v2\/product_tag?post=75337"}],"curies":[{"name":"wp","href":"https:\/\/api.w.org\/{rel}","templated":true}]}}