{"id":75340,"date":"2025-11-25T11:04:39","date_gmt":"2025-11-25T10:04:39","guid":{"rendered":"https:\/\/specialspex.artitex.dev\/product\/traileye-pro-l\/"},"modified":"2025-11-25T11:04:39","modified_gmt":"2025-11-25T10:04:39","slug":"traileye-pro-l","status":"publish","type":"product","link":"https:\/\/specialspex.artitex.dev\/de\/sportbrille\/bergsteigerbrille\/evil-eye-traileye-pro-l\/","title":{"rendered":"Traileye Pro L"},"content":{"rendered":"<p data-start=\"173\" data-end=\"571\">Die Evil Eye Trail Eye Pro L wurde f\u00fcr Athleten entwickelt, die beim Trailrunning, Mountainbiking und schnellen Offroad-Fahrten maximale Stabilit\u00e4t und ein gro\u00dfes Sichtfeld ben\u00f6tigen. Die L-Passform bietet extra Platz f\u00fcr gr\u00f6\u00dfere Gesichter, ohne dass die Brille verrutscht. Das breite Wrap-around-Design bietet dir eine extrem offene Sicht und optimalen Schutz vor Wind, Staub und spritzendem Schmutz.  <\/p>\n<p data-start=\"573\" data-end=\"1027\">Die Pro-Version ist mit einem Schwei\u00dfschutz ausgestattet, der verhindert, dass Feuchtigkeit in die Augen tropft, und sorgt f\u00fcr zus\u00e4tzlichen Halt und Komfort bei intensivem Training. Der leichte Halbrahmen sorgt f\u00fcr eine hervorragende Bel\u00fcftung, sodass die Gl\u00e4ser bei Anstiegen, Sprints oder hei\u00dfen Bedingungen nicht so schnell beschlagen. Die verstellbaren Nasenpads und die rutschfesten B\u00fcgel sorgen daf\u00fcr, dass die Brille auch auf technischen Trails und in unwegsamem Gel\u00e4nde stabil sitzt.  <\/p>\n<p data-start=\"1029\" data-end=\"1435\">- Pro-Version mit Schwei\u00dfschutz f\u00fcr trockene Augen und verbesserter Stabilit\u00e4t<br data-start=\"1102\" data-end=\"1105\">- Gro\u00dfe L-Passform f\u00fcr breite Gesichter<br data-start=\"1143\" data-end=\"1146\">- Wrap-around-Design mit sehr breiter Sicht<br data-start=\"1187\" data-end=\"1190\">- Halbrahmen mit starker Bel\u00fcftung gegen Ablagerungen<br data-start=\"1244\" data-end=\"1247\">- Leichter, flexibler Kunststoffrahmen f\u00fcr lang anhaltenden Komfort<br data-start=\"1310\" data-end=\"1313\">- Verstellbarer Nasensteg und Beingriff<br data-start=\"1357\" data-end=\"1360\">- Erh\u00e4ltlich mit kontrastverst\u00e4rkenden, verspiegelten und selbstt\u00f6nenden Gl\u00e4sern<\/p>\n<p data-start=\"1437\" data-end=\"1660\">St\u00e4rkungsoptionen: Die Trail Eye Pro L kann mit verschreibungspflichtigen Gl\u00e4sern mit einem Einsteckclip ausgestattet werden.<\/p>\n","protected":false},"excerpt":{"rendered":"<p data-start=\"173\" data-end=\"571\">Die Evil Eye Trail Eye Pro L wurde f\u00fcr Athleten entwickelt, die beim Trailrunning, Mountainbiking und schnellen Offroad-Fahrten maximale Stabilit\u00e4t und ein gro\u00dfes Sichtfeld ben\u00f6tigen. Die L-Passform bietet extra Platz f\u00fcr gr\u00f6\u00dfere Gesichter, ohne dass die Brille verrutscht. Das breite Wrap-around-Design bietet dir eine extrem offene Sicht und optimalen Schutz vor Wind, Staub und spritzendem Schmutz.  <\/p>\n<p data-start=\"573\" data-end=\"1027\">Die Pro-Version ist mit einem Schwei\u00dfschutz ausgestattet, der verhindert, dass Feuchtigkeit in die Augen tropft, und sorgt f\u00fcr zus\u00e4tzlichen Halt und Komfort bei intensivem Training. Der leichte Halbrahmen sorgt f\u00fcr eine hervorragende Bel\u00fcftung, sodass die Gl\u00e4ser bei Anstiegen, Sprints oder hei\u00dfen Bedingungen nicht so schnell beschlagen. Die verstellbaren Nasenpads und die rutschfesten B\u00fcgel sorgen daf\u00fcr, dass die Brille auch auf technischen Trails oder in unwegsamem Gel\u00e4nde stabil sitzt.  <\/p>\n<p data-start=\"1029\" data-end=\"1435\">- Pro-Version mit Schwei\u00dfschutz f\u00fcr trockene Augen und verbesserter Stabilit\u00e4t<br data-start=\"1102\" data-end=\"1105\">- Gro\u00dfe L-Passform f\u00fcr breite Gesichter<br data-start=\"1143\" data-end=\"1146\">- Wrap-around-Design mit sehr breiter Sicht<br data-start=\"1187\" data-end=\"1190\">- Halbrahmen mit starker Bel\u00fcftung gegen Ablagerungen<br data-start=\"1244\" data-end=\"1247\">- Leichter, flexibler Kunststoffrahmen f\u00fcr lang anhaltenden Komfort<br data-start=\"1310\" data-end=\"1313\">- Verstellbarer Nasensteg und Beingriff<br data-start=\"1357\" data-end=\"1360\">- Erh\u00e4ltlich mit kontrastverst\u00e4rkenden, verspiegelten und selbstt\u00f6nenden Gl\u00e4sern<\/p>\n<p data-start=\"1437\" data-end=\"1660\">St\u00e4rkungsoptionen: Die Trail Eye Pro L kann mit verschreibungspflichtigen Gl\u00e4sern mit einem Einsteckclip ausgestattet werden.<\/p>\n","protected":false},"featured_media":60286,"template":"","meta":[],"product_brand":[808],"product_cat":[584,658,660,560,638,561,559,664,665,662,592,661],"product_tag":[],"class_list":{"0":"post-75340","1":"product","2":"type-product","3":"status-publish","4":"has-post-thumbnail","6":"product_brand-evil-eye","7":"product_cat-sportbrille","8":"product_cat-bergsteigerbrille","9":"product_cat-golfbrille","10":"product_cat-laufen","11":"product_cat-mountainbiking","12":"product_cat-radfahren","13":"product_cat-radfahrerbrille","14":"product_cat-schlittschuhe","15":"product_cat-skilanglauf","16":"product_cat-trailrunning","17":"product_cat-volleyball","18":"product_cat-wandern","19":"pa_geschikt-voor-frauen","20":"pa_geschikt-voor-manner","21":"pa_kleur-montuur-lila","22":"pa_kleur-montuur-schwarz","23":"pa_maat-montuur-extra-gros","24":"pa_maat-montuur-gross","25":"pa_soort-bril-op-sterkte-ohne-sehstaerke","26":"pa_soort-bril-op-sterkte-with-prescription-insert","28":"first","29":"instock","30":"sale","31":"shipping-taxable","32":"purchasable","33":"product-type-variable"},"_links":{"self":[{"href":"https:\/\/specialspex.artitex.dev\/de\/wp-json\/wp\/v2\/product\/75340","targetHints":{"allow":["GET"]}}],"collection":[{"href":"https:\/\/specialspex.artitex.dev\/de\/wp-json\/wp\/v2\/product"}],"about":[{"href":"https:\/\/specialspex.artitex.dev\/de\/wp-json\/wp\/v2\/types\/product"}],"wp:featuredmedia":[{"embeddable":true,"href":"https:\/\/specialspex.artitex.dev\/de\/wp-json\/wp\/v2\/media\/60286"}],"wp:attachment":[{"href":"https:\/\/specialspex.artitex.dev\/de\/wp-json\/wp\/v2\/media?parent=75340"}],"wp:term":[{"taxonomy":"product_brand","embeddable":true,"href":"https:\/\/specialspex.artitex.dev\/de\/wp-json\/wp\/v2\/product_brand?post=75340"},{"taxonomy":"product_cat","embeddable":true,"href":"https:\/\/specialspex.artitex.dev\/de\/wp-json\/wp\/v2\/product_cat?post=75340"},{"taxonomy":"product_tag","embeddable":true,"href":"https:\/\/specialspex.artitex.dev\/de\/wp-json\/wp\/v2\/product_tag?post=75340"}],"curies":[{"name":"wp","href":"https:\/\/api.w.org\/{rel}","templated":true}]}}