{"id":75344,"date":"2025-11-25T09:48:00","date_gmt":"2025-11-25T08:48:00","guid":{"rendered":"https:\/\/specialspex.artitex.dev\/product\/intent\/"},"modified":"2026-04-18T12:09:02","modified_gmt":"2026-04-18T10:09:02","slug":"intent","status":"publish","type":"product","link":"https:\/\/specialspex.artitex.dev\/de\/sicherheit\/eyres-intent\/","title":{"rendered":"Intent"},"content":{"rendered":"<p data-start=\"250\" data-end=\"825\">Die Eyres Intent ist eine moderne und robuste Schutzbrille, die ausgezeichneten Schutz in Umgebungen bietet, in denen St\u00f6\u00dfe, Spritzer und D\u00e4mpfe ein Risiko darstellen. Die Brille hat eine abdichtende Gummir\u00fcckseite, die eine Schutzbarriere um die Augen bildet und das Eindringen von Feuchtigkeit, Staub und Spritzern erschwert. Dank des sportlichen und leichten Designs sitzt die Brille bequem auf dem Gesicht und bleibt auch bei intensiver Arbeit stabil. Damit ist die Intent ideal f\u00fcr den Einsatz in der Industrie, im Maschinenbau, auf dem Bau und in der Instandhaltung.   <\/p>\n<p data-start=\"827\" data-end=\"1265\">- Dichtungsgummir\u00fccken f\u00fcr zus\u00e4tzlichen Schutz vor D\u00e4mpfen, Staub und Spritzern<br data-start=\"916\" data-end=\"919\">- Leichtes, sportliches Design f\u00fcr langen Tragekomfort<br data-start=\"979\" data-end=\"982\">- Schlagfeste Sicherheitsgl\u00e4ser f\u00fcr zuverl\u00e4ssigen Aufprallschutz<br data-start=\"1046\" data-end=\"1049\">- Eng anliegende Passform mit griffigen Details f\u00fcr zus\u00e4tzliche Stabilit\u00e4t<br data-start=\"1117\" data-end=\"1120\">- Weites Sichtfeld f\u00fcr guten \u00dcberblick in gesch\u00e4ftigen Arbeitsumgebungen<br data-start=\"1185\" data-end=\"1188\">- Kann nach EN-166-Norm angepasst werden<br data-start=\"1236\" data-end=\"1239\">- Schutzh\u00fclle im Lieferumfang enthalten<\/p>\n","protected":false},"excerpt":{"rendered":"<p data-start=\"250\" data-end=\"825\">Die Eyres Intent ist eine moderne und robuste Schutzbrille, die ausgezeichneten Schutz in Umgebungen bietet, in denen St\u00f6\u00dfe, Spritzer und D\u00e4mpfe ein Risiko darstellen. Die Brille hat eine abdichtende Gummir\u00fcckseite, die eine Schutzbarriere um die Augen bildet und das Eindringen von Feuchtigkeit, Staub und Spritzern erschwert. Dank des sportlichen und leichten Designs sitzt die Brille bequem auf dem Gesicht und bleibt auch bei intensiver Arbeit stabil. Damit ist die Intent ideal f\u00fcr den Einsatz in der Industrie, im Maschinenbau, auf dem Bau und in der Instandhaltung.   <\/p>\n<p data-start=\"827\" data-end=\"1265\">- Dichtungsgummir\u00fccken f\u00fcr zus\u00e4tzlichen Schutz vor D\u00e4mpfen, Staub und Spritzern<br data-start=\"916\" data-end=\"919\">- Leichtes, sportliches Design f\u00fcr langen Tragekomfort<br data-start=\"979\" data-end=\"982\">- Schlagfeste Sicherheitsgl\u00e4ser f\u00fcr zuverl\u00e4ssigen Aufprallschutz<br data-start=\"1046\" data-end=\"1049\">- Eng anliegende Passform mit griffigen Details f\u00fcr zus\u00e4tzliche Stabilit\u00e4t<br data-start=\"1117\" data-end=\"1120\">- Weites Sichtfeld f\u00fcr guten \u00dcberblick in gesch\u00e4ftigen Arbeitsumgebungen<br data-start=\"1185\" data-end=\"1188\">- Kann nach EN-166-Norm angepasst werden<br data-start=\"1236\" data-end=\"1239\">- Schutzh\u00fclle im Lieferumfang enthalten<\/p>\n","protected":false},"featured_media":66135,"template":"","meta":[],"product_brand":[791],"product_cat":[628],"product_tag":[],"class_list":{"0":"post-75344","1":"product","2":"type-product","3":"status-publish","4":"has-post-thumbnail","6":"product_brand-eyres","7":"product_cat-sicherheit","8":"pa_geschikt-voor-frauen","9":"pa_geschikt-voor-manner","10":"pa_kleur-montuur-blau","11":"pa_kleur-montuur-transparent-klar","12":"pa_maat-montuur-gross","13":"pa_soort-bril-op-sterkte-mit-sehstaerke","15":"first","16":"instock","17":"shipping-taxable","18":"purchasable","19":"product-type-simple"},"_links":{"self":[{"href":"https:\/\/specialspex.artitex.dev\/de\/wp-json\/wp\/v2\/product\/75344","targetHints":{"allow":["GET"]}}],"collection":[{"href":"https:\/\/specialspex.artitex.dev\/de\/wp-json\/wp\/v2\/product"}],"about":[{"href":"https:\/\/specialspex.artitex.dev\/de\/wp-json\/wp\/v2\/types\/product"}],"wp:featuredmedia":[{"embeddable":true,"href":"https:\/\/specialspex.artitex.dev\/de\/wp-json\/wp\/v2\/media\/66135"}],"wp:attachment":[{"href":"https:\/\/specialspex.artitex.dev\/de\/wp-json\/wp\/v2\/media?parent=75344"}],"wp:term":[{"taxonomy":"product_brand","embeddable":true,"href":"https:\/\/specialspex.artitex.dev\/de\/wp-json\/wp\/v2\/product_brand?post=75344"},{"taxonomy":"product_cat","embeddable":true,"href":"https:\/\/specialspex.artitex.dev\/de\/wp-json\/wp\/v2\/product_cat?post=75344"},{"taxonomy":"product_tag","embeddable":true,"href":"https:\/\/specialspex.artitex.dev\/de\/wp-json\/wp\/v2\/product_tag?post=75344"}],"curies":[{"name":"wp","href":"https:\/\/api.w.org\/{rel}","templated":true}]}}