{"id":75347,"date":"2025-11-24T18:23:20","date_gmt":"2025-11-24T17:23:20","guid":{"rendered":"https:\/\/specialspex.artitex.dev\/product\/traileye-pro-s\/"},"modified":"2025-11-24T18:23:20","modified_gmt":"2025-11-24T17:23:20","slug":"traileye-pro-s","status":"publish","type":"product","link":"https:\/\/specialspex.artitex.dev\/de\/sportbrille\/radfahrerbrille\/gravelbiker-radfahren\/evil-eye-traileye-pro-s\/","title":{"rendered":"Traileye Pro S"},"content":{"rendered":"<p data-start=\"258\" data-end=\"656\">Die Evil Eye Trail Eye Pro S ist f\u00fcr technische Trails, hohe Geschwindigkeiten und wechselndes Terrain gebaut. Die S-Passform passt kompakt auf kleine bis mittlere Gesichter und das Wrap-around-Design bietet ein weites, ungehindertes Sichtfeld. Die Pro-Version ist mit einem Schwei\u00dfschutz ausgestattet, der verhindert, dass dir Feuchtigkeit in die Augen l\u00e4uft, und sorgt f\u00fcr zus\u00e4tzliche Stabilit\u00e4t bei intensiven Anstiegen und Abfahrten.  <\/p>\n<p data-start=\"658\" data-end=\"1052\">Der leichte Halbrahmen wurde f\u00fcr eine optimale Bel\u00fcftung entwickelt, sodass die Gl\u00e4ser bei starker Anstrengung nicht so schnell beschlagen. Die verstellbaren Nasenpads und die rutschfesten F\u00fc\u00dfe halten die Brille fest an ihrem Platz, auch wenn du \u00fcber Wurzeln, Felsen oder Schotter springst. Die Gl\u00e4ser von Evil Eye sind f\u00fcr ihre scharfe Kontrastwiedergabe bekannt, sodass du Unebenheiten auf dem Trail besser sehen und schneller reagieren kannst.  <\/p>\n<p data-start=\"1054\" data-end=\"1482\">- Pro-Version mit Schwei\u00dfschutz f\u00fcr trockene Augen und extra Grip<br data-start=\"1115\" data-end=\"1118\">- Geeignet f\u00fcr kleine bis mittelgro\u00dfe Gesichter<br data-start=\"1158\" data-end=\"1161\">- Wrap-around-Design mit breitem Sichtfeld<br data-start=\"1201\" data-end=\"1204\">- Halbkantenrahmen mit starker Bel\u00fcftung gegen Ablagerungen<br data-start=\"1261\" data-end=\"1264\">- Leichte Kunststoffkonstruktion f\u00fcr den intensiven t\u00e4glichen Gebrauch<br data-start=\"1333\" data-end=\"1336\">- Verstellbarer Nasensteg und fester Halt an den Beinen<br data-start=\"1388\" data-end=\"1391\">- Erh\u00e4ltlich mit kontrastverst\u00e4rkenden und verspiegelten Scheibenvarianten, inklusive Co-F\u00e4rbung<\/p>\n<p data-start=\"1484\" data-end=\"1701\">St\u00e4rkungsoptionen: Du kannst die Trail Eye Pro S mit Korrekturgl\u00e4sern mit einem Insert-Clip tragen.<\/p>\n","protected":false},"excerpt":{"rendered":"<p data-start=\"258\" data-end=\"656\">Die Evil Eye Trail Eye Pro S ist f\u00fcr technische Trails, hohe Geschwindigkeiten und wechselndes Terrain gebaut. Die S-Passform passt kompakt auf kleine bis mittlere Gesichter und das Wrap-around-Design bietet ein weites, ungehindertes Sichtfeld. Die Pro-Version ist mit einem Schwei\u00dfschutz ausgestattet, der verhindert, dass dir Feuchtigkeit in die Augen l\u00e4uft, und sorgt f\u00fcr zus\u00e4tzliche Stabilit\u00e4t bei intensiven Anstiegen und Abfahrten.  <\/p>\n<p data-start=\"658\" data-end=\"1052\">Der leichte Halbrahmen wurde f\u00fcr eine optimale Bel\u00fcftung entwickelt, damit die Gl\u00e4ser bei starker Anstrengung nicht so schnell beschlagen. Die verstellbaren Nasenpads und die rutschfesten B\u00fcgel halten die Brille fest an ihrem Platz, auch wenn du \u00fcber Wurzeln, Felsen oder Schotter springst. Die Gl\u00e4ser von Evil Eye sind f\u00fcr ihre scharfe Kontrastwiedergabe bekannt, sodass du Unebenheiten auf dem Trail besser sehen und schneller reagieren kannst.  <\/p>\n<p data-start=\"1054\" data-end=\"1482\">- Pro-Version mit Schwei\u00dfschutz f\u00fcr trockene Augen und extra Grip<br data-start=\"1115\" data-end=\"1118\">- Geeignet f\u00fcr kleine bis mittelgro\u00dfe Gesichter<br data-start=\"1158\" data-end=\"1161\">- Wrap-around-Design mit breitem Sichtfeld<br data-start=\"1201\" data-end=\"1204\">- Halbkantenrahmen mit starker Bel\u00fcftung gegen Ablagerungen<br data-start=\"1261\" data-end=\"1264\">- Leichte Kunststoffkonstruktion f\u00fcr den intensiven t\u00e4glichen Gebrauch<br data-start=\"1333\" data-end=\"1336\">- Verstellbarer Nasensteg und fester Halt an den Beinen<br data-start=\"1388\" data-end=\"1391\">- Erh\u00e4ltlich mit kontrastverst\u00e4rkenden und verspiegelten Scheibenvarianten, einschlie\u00dflich Co-F\u00e4rbung<\/p>\n<p data-start=\"1484\" data-end=\"1701\">St\u00e4rkenoptionen: Du kannst die Trail Eye Pro S mit Korrekturgl\u00e4sern \u00fcber das Evil Eye Full-RX-System im Visier oder mit einem Insert-Clip tragen. Beide Optionen sorgen f\u00fcr klare Sicht, ohne Kompromisse bei der Passform oder Stabilit\u00e4t einzugehen. <\/p>\n","protected":false},"featured_media":60286,"template":"","meta":[],"product_brand":[808],"product_cat":[584,639,560,561,559,665,662,592],"product_tag":[],"class_list":{"0":"post-75347","1":"product","2":"type-product","3":"status-publish","4":"has-post-thumbnail","6":"product_brand-evil-eye","7":"product_cat-sportbrille","8":"product_cat-gravelbiker-radfahren","9":"product_cat-laufen","10":"product_cat-radfahren","11":"product_cat-radfahrerbrille","12":"product_cat-skilanglauf","13":"product_cat-trailrunning","14":"product_cat-volleyball","15":"pa_geschikt-voor-manner","16":"pa_kleur-montuur-orange","17":"pa_kleur-montuur-schwarz","18":"pa_maat-montuur-gross","19":"pa_maat-montuur-medium","20":"pa_soort-bril-op-sterkte-ohne-sehstaerke","21":"pa_soort-bril-op-sterkte-with-prescription-insert","23":"first","24":"instock","25":"sale","26":"shipping-taxable","27":"purchasable","28":"product-type-variable"},"_links":{"self":[{"href":"https:\/\/specialspex.artitex.dev\/de\/wp-json\/wp\/v2\/product\/75347","targetHints":{"allow":["GET"]}}],"collection":[{"href":"https:\/\/specialspex.artitex.dev\/de\/wp-json\/wp\/v2\/product"}],"about":[{"href":"https:\/\/specialspex.artitex.dev\/de\/wp-json\/wp\/v2\/types\/product"}],"wp:featuredmedia":[{"embeddable":true,"href":"https:\/\/specialspex.artitex.dev\/de\/wp-json\/wp\/v2\/media\/60286"}],"wp:attachment":[{"href":"https:\/\/specialspex.artitex.dev\/de\/wp-json\/wp\/v2\/media?parent=75347"}],"wp:term":[{"taxonomy":"product_brand","embeddable":true,"href":"https:\/\/specialspex.artitex.dev\/de\/wp-json\/wp\/v2\/product_brand?post=75347"},{"taxonomy":"product_cat","embeddable":true,"href":"https:\/\/specialspex.artitex.dev\/de\/wp-json\/wp\/v2\/product_cat?post=75347"},{"taxonomy":"product_tag","embeddable":true,"href":"https:\/\/specialspex.artitex.dev\/de\/wp-json\/wp\/v2\/product_tag?post=75347"}],"curies":[{"name":"wp","href":"https:\/\/api.w.org\/{rel}","templated":true}]}}