{"id":75350,"date":"2025-11-24T17:36:45","date_gmt":"2025-11-24T16:36:45","guid":{"rendered":"https:\/\/specialspex.artitex.dev\/product\/nook\/"},"modified":"2025-11-24T17:36:45","modified_gmt":"2025-11-24T16:36:45","slug":"nook","status":"publish","type":"product","link":"https:\/\/specialspex.artitex.dev\/de\/sportbrille\/bergsteigerbrille\/evil-eye-nook\/","title":{"rendered":"Nook"},"content":{"rendered":"<p data-start=\"128\" data-end=\"544\">Die Evil Eye Nook wurde f\u00fcr Sportler entwickelt, die eine kompakte, leichte und stabile Sportbrille mit maximalem Schutz suchen. Mit ihrem vollst\u00e4ndig umschlie\u00dfenden Design bietet die Nook ein weites Sichtfeld und optimalen Schutz vor Wind, Staub und hellem Sonnenlicht. Der Rahmen ist leicht, flexibel und passt sich kleinen bis mittelgro\u00dfen Gesichtern ganz nat\u00fcrlich an, was ihn ideal f\u00fcr L\u00e4ufer, Mountainbiker und Multisportler macht.  <\/p>\n<p data-start=\"546\" data-end=\"837\">Der verstellbare Nasensteg und die rutschfesten F\u00fc\u00dfe sorgen f\u00fcr einen stabilen Sitz auch bei intensivem Training oder wechselnden Wetterbedingungen. Die Gl\u00e4ser von Evil Eye bieten scharfe Kontraste, zuverl\u00e4ssigen Schutz und hervorragende Leistung bei unterschiedlichen Lichtverh\u00e4ltnissen. <\/p>\n<p data-start=\"839\" data-end=\"1230\">- Wrap-around-Design mit vollem Schutz<br data-start=\"885\" data-end=\"888\">- Leichter Kunststoffrahmen f\u00fcr lang anhaltenden Tragekomfort<br data-start=\"941\" data-end=\"944\">- Geeignet f\u00fcr kleine bis mittelgro\u00dfe Gesichter<br data-start=\"984\" data-end=\"987\">- Weite Sicht ohne st\u00f6rende R\u00e4nder<br data-start=\"1026\" data-end=\"1029\">- Verstellbarer Nasensteg und Beingriff<br data-start=\"1133\" data-end=\"1136\">- Erh\u00e4ltlich mit einer Vielzahl von Scheibenoptionen, darunter kontrastverst\u00e4rkte und verspiegelte Varianten<\/p>\n<p data-start=\"1232\" data-end=\"1443\">St\u00e4rkenoptionen: Die Nook kann mit Korrektionsgl\u00e4sern \u00fcber das Evil Eye Full-Rx-System oder mit einem Insert-Clip ausgestattet werden. Beide L\u00f6sungen garantieren eine scharfe Sicht ohne Verlust an Stabilit\u00e4t oder Passform. <\/p>\n","protected":false},"excerpt":{"rendered":"<p data-start=\"128\" data-end=\"544\">Die Evil Eye Nook wurde f\u00fcr Sportler entwickelt, die eine kompakte, leichte und stabile Sportbrille mit maximalem Schutz suchen. Mit ihrem vollst\u00e4ndig umschlie\u00dfenden Design bietet die Nook ein weites Sichtfeld und optimalen Schutz vor Wind, Staub und hellem Sonnenlicht. Der Rahmen ist leicht, flexibel und passt sich kleinen bis mittelgro\u00dfen Gesichtern ganz nat\u00fcrlich an, was ihn ideal f\u00fcr L\u00e4ufer, Mountainbiker und Multisportler macht.  <\/p>\n<p data-start=\"546\" data-end=\"837\">Der verstellbare Nasensteg und die rutschfesten F\u00fc\u00dfe sorgen f\u00fcr einen stabilen Sitz auch bei intensivem Training oder wechselnden Wetterbedingungen. Die Gl\u00e4ser von Evil Eye bieten scharfe Kontraste, zuverl\u00e4ssigen Schutz und hervorragende Leistung bei unterschiedlichen Lichtverh\u00e4ltnissen. <\/p>\n<p data-start=\"839\" data-end=\"1230\">- Wrap-around-Design mit vollem Schutz<br data-start=\"885\" data-end=\"888\">- Leichter Kunststoffrahmen f\u00fcr lang anhaltenden Tragekomfort<br data-start=\"941\" data-end=\"944\">- Geeignet f\u00fcr kleine bis mittelgro\u00dfe Gesichter<br data-start=\"984\" data-end=\"987\">- Weite Sicht ohne st\u00f6rende R\u00e4nder<br data-start=\"1026\" data-end=\"1029\">- Verstellbarer Nasensteg und Beingriff<br data-start=\"1133\" data-end=\"1136\">- Erh\u00e4ltlich mit einer Vielzahl von Scheibenoptionen, darunter kontrastverst\u00e4rkte und verspiegelte Varianten<\/p>\n<p data-start=\"1232\" data-end=\"1443\">St\u00e4rkenoptionen: Die Nook kann mit Korrektionsgl\u00e4sern \u00fcber das Evil Eye full-rx System oder mit einem Insert Clip ausgestattet werden. Beide L\u00f6sungen garantieren eine scharfe Sicht ohne Verlust an Stabilit\u00e4t oder Passform. <\/p>\n","protected":false},"featured_media":66116,"template":"","meta":[],"product_brand":[808],"product_cat":[666,658,695,660,639,591,593,663,584,587,588,661,688],"product_tag":[],"class_list":{"0":"post-75350","1":"product","2":"type-product","3":"status-publish","4":"has-post-thumbnail","6":"product_brand-evil-eye","7":"product_cat-tourenmotorrad","8":"product_cat-bergsteigerbrille","9":"product_cat-fisch","10":"product_cat-golfbrille","11":"product_cat-gravelbiker-radfahren","12":"product_cat-padel","13":"product_cat-racket-sportarten","14":"product_cat-segeln","15":"product_cat-sportbrille","16":"product_cat-squash","17":"product_cat-tennis","18":"product_cat-wandern","19":"product_cat-wassersport","20":"pa_geschikt-voor-frauen","21":"pa_geschikt-voor-manner","22":"pa_kleur-montuur-blau","23":"pa_kleur-montuur-schwarz","24":"pa_maat-montuur-klein","25":"pa_maat-montuur-medium","26":"pa_soort-bril-op-sterkte-ohne-sehstaerke","28":"first","29":"instock","30":"sale","31":"shipping-taxable","32":"purchasable","33":"product-type-variable"},"_links":{"self":[{"href":"https:\/\/specialspex.artitex.dev\/de\/wp-json\/wp\/v2\/product\/75350","targetHints":{"allow":["GET"]}}],"collection":[{"href":"https:\/\/specialspex.artitex.dev\/de\/wp-json\/wp\/v2\/product"}],"about":[{"href":"https:\/\/specialspex.artitex.dev\/de\/wp-json\/wp\/v2\/types\/product"}],"wp:featuredmedia":[{"embeddable":true,"href":"https:\/\/specialspex.artitex.dev\/de\/wp-json\/wp\/v2\/media\/66116"}],"wp:attachment":[{"href":"https:\/\/specialspex.artitex.dev\/de\/wp-json\/wp\/v2\/media?parent=75350"}],"wp:term":[{"taxonomy":"product_brand","embeddable":true,"href":"https:\/\/specialspex.artitex.dev\/de\/wp-json\/wp\/v2\/product_brand?post=75350"},{"taxonomy":"product_cat","embeddable":true,"href":"https:\/\/specialspex.artitex.dev\/de\/wp-json\/wp\/v2\/product_cat?post=75350"},{"taxonomy":"product_tag","embeddable":true,"href":"https:\/\/specialspex.artitex.dev\/de\/wp-json\/wp\/v2\/product_tag?post=75350"}],"curies":[{"name":"wp","href":"https:\/\/api.w.org\/{rel}","templated":true}]}}