{"id":75354,"date":"2025-12-04T11:36:55","date_gmt":"2025-12-04T10:36:55","guid":{"rendered":"https:\/\/specialspex.artitex.dev\/product\/proxima\/"},"modified":"2025-12-04T11:36:55","modified_gmt":"2025-12-04T10:36:55","slug":"proxima","status":"publish","type":"product","link":"https:\/\/specialspex.artitex.dev\/de\/sportbrille\/wintersport\/ski-und-snowboardbrillen\/julbo-proxima\/","title":{"rendered":"Proxima"},"content":{"rendered":"<p data-start=\"134\" data-end=\"486\">Die Proxima Skibrille kombiniert minimalistisches Design mit fortschrittlichen Funktionen im Schnee. Das rahmenlose Design und die sph\u00e4rischen Gl\u00e4ser sind perfekt f\u00fcr kleinere Gesichter und bieten einen engen Sitz und ein breites peripheres Sichtfeld. Der Schaumstoff mit doppelter Dichte und das Silikonband sorgen f\u00fcr Komfort und Festigkeit bei allen Bedingungen.  <\/p>\n<p data-start=\"488\" data-end=\"858\" data-is-last-node=\"\" data-is-only-node=\"\">- Rahmenloses Design mit sph\u00e4rischen Gl\u00e4sern<br data-start=\"525\" data-end=\"528\">- Speziell f\u00fcr kleinere Gesichter entwickelt<br data-start=\"562\" data-end=\"565\">- Doppelt verdichteter Schaumstoff f\u00fcr bequemen Sitz<br data-start=\"617\" data-end=\"620\">- Durchgehendes Silikonband f\u00fcr optimalen Halt<br data-start=\"738\" data-end=\"741\">- Weites peripheres Sichtfeld und voller Augenschutz<\/p>\n","protected":false},"excerpt":{"rendered":"<p data-start=\"134\" data-end=\"486\">Die Proxima Skibrille kombiniert minimalistisches Design mit fortschrittlichen Funktionen im Schnee. Das rahmenlose Design und die sph\u00e4rischen Gl\u00e4ser sind perfekt f\u00fcr kleinere Gesichter und bieten einen engen Sitz und ein breites peripheres Sichtfeld. Der Schaumstoff mit doppelter Dichte und das Silikonband sorgen f\u00fcr Komfort und Festigkeit bei allen Bedingungen.  <\/p>\n<p data-start=\"488\" data-end=\"858\" data-is-last-node=\"\" data-is-only-node=\"\">- Rahmenloses Design mit sph\u00e4rischen Gl\u00e4sern<br data-start=\"525\" data-end=\"528\">- Speziell f\u00fcr kleinere Gesichter entwickelt<br data-start=\"562\" data-end=\"565\">- Doppelt verdichteter Schaumstoff f\u00fcr bequemen Sitz<br data-start=\"617\" data-end=\"620\">- Durchgehendes Silikonband f\u00fcr optimalen Halt<br data-start=\"738\" data-end=\"741\">- Weites peripheres Sichtfeld und voller Augenschutz<\/p>\n","protected":false},"featured_media":72097,"template":"","meta":[],"product_brand":[790],"product_cat":[700,698],"product_tag":[],"class_list":{"0":"post-75354","1":"product","2":"type-product","3":"status-publish","4":"has-post-thumbnail","6":"product_brand-julbo","7":"product_cat-wintersport","8":"product_cat-ski-und-snowboardbrillen","9":"pa_geschikt-voor-frauen","10":"pa_kleur-montuur-schwarz","11":"pa_kleur-montuur-weiss","12":"pa_maat-montuur-klein","13":"pa_maat-montuur-medium","14":"pa_soort-bril-op-sterkte-ohne-sehstaerke","15":"pa_soort-bril-op-sterkte-with-prescription-insert","17":"first","18":"instock","19":"shipping-taxable","20":"purchasable","21":"product-type-variable"},"_links":{"self":[{"href":"https:\/\/specialspex.artitex.dev\/de\/wp-json\/wp\/v2\/product\/75354","targetHints":{"allow":["GET"]}}],"collection":[{"href":"https:\/\/specialspex.artitex.dev\/de\/wp-json\/wp\/v2\/product"}],"about":[{"href":"https:\/\/specialspex.artitex.dev\/de\/wp-json\/wp\/v2\/types\/product"}],"wp:featuredmedia":[{"embeddable":true,"href":"https:\/\/specialspex.artitex.dev\/de\/wp-json\/wp\/v2\/media\/72097"}],"wp:attachment":[{"href":"https:\/\/specialspex.artitex.dev\/de\/wp-json\/wp\/v2\/media?parent=75354"}],"wp:term":[{"taxonomy":"product_brand","embeddable":true,"href":"https:\/\/specialspex.artitex.dev\/de\/wp-json\/wp\/v2\/product_brand?post=75354"},{"taxonomy":"product_cat","embeddable":true,"href":"https:\/\/specialspex.artitex.dev\/de\/wp-json\/wp\/v2\/product_cat?post=75354"},{"taxonomy":"product_tag","embeddable":true,"href":"https:\/\/specialspex.artitex.dev\/de\/wp-json\/wp\/v2\/product_tag?post=75354"}],"curies":[{"name":"wp","href":"https:\/\/api.w.org\/{rel}","templated":true}]}}