{"id":75358,"date":"2025-12-04T11:23:27","date_gmt":"2025-12-04T10:23:27","guid":{"rendered":"https:\/\/specialspex.artitex.dev\/product\/lake-garda\/"},"modified":"2026-04-18T12:07:55","modified_gmt":"2026-04-18T10:07:55","slug":"lake-garda","status":"publish","type":"product","link":"https:\/\/specialspex.artitex.dev\/de\/sportbrille\/ocean-lake-garda\/","title":{"rendered":"Lake Garda"},"content":{"rendered":"<p data-start=\"151\" data-end=\"605\">Die Ocean Lake Garda ist eine technisch entwickelte Wassersportbrille, die optimalen Schutz beim Segeln, Kiten, Surfen und anderen intensiven Aktivit\u00e4ten auf dem Wasser bietet. Die leichte und robuste Konstruktion sorgt f\u00fcr Stabilit\u00e4t bei windigen Bedingungen, w\u00e4hrend die Wrap-Around-Passform die Augen vor Sonne, Salzwasser und Reflexionen sch\u00fctzt. Dank der bequemen, rutschfesten Passform bleibt die Brille auch bei nassen oder rauen Bedingungen fest an ihrem Platz.  <\/p>\n<p data-start=\"607\" data-end=\"790\">Die Lake Garda bietet zuverl\u00e4ssige Leistung auf dem Meer, Seen und Fl\u00fcssen und ist ein Favorit unter Wassersportlern, die Komfort und Schutz mit einem sportlichen Look kombinieren wollen.<\/p>\n<p data-start=\"792\" data-end=\"1255\">- Wrap-around-Design f\u00fcr optimalen Schutz vor Wind, Wasser und Sonne<br data-start=\"864\" data-end=\"867\">- Leichte und robuste Konstruktion f\u00fcr intensiven Wassersport<br data-start=\"947\" data-end=\"950\">- Rutschfeste Passform, die auch bei N\u00e4sse fest an ihrem Platz bleibt<br data-start=\"1017\" data-end=\"1020\">- Ideal zum Segeln, Kitesurfen, Windsurfen, Suppen und Bootfahren<br data-start=\"1081\" data-end=\"1084\">- Erh\u00e4ltlich mit Gl\u00e4sern, die die Blendung bei hellem Sonnenlicht reduzieren<br data-start=\"1153\" data-end=\"1156\">- Kann mit hochwertigen Specialspex-Gl\u00e4sern mit Korrektionsgl\u00e4sern erworben werden<br data-start=\"1215\" data-end=\"1218\">- Inklusive Schutzh\u00fclle<\/p>\n","protected":false},"excerpt":{"rendered":"<p data-start=\"151\" data-end=\"605\">Die Ocean Lake Garda ist eine technisch entwickelte Wassersportbrille, die optimalen Schutz beim Segeln, Kiten, Surfen und anderen intensiven Aktivit\u00e4ten auf dem Wasser bietet. Die leichte und robuste Konstruktion sorgt f\u00fcr Stabilit\u00e4t bei windigen Bedingungen, w\u00e4hrend die Wrap-Around-Passform die Augen vor Sonne, Salzwasser und Reflexionen sch\u00fctzt. Dank der bequemen, rutschfesten Passform bleibt die Brille auch bei nassen oder rauen Bedingungen fest an ihrem Platz.  <\/p>\n<p data-start=\"607\" data-end=\"790\">Die Lake Garda bietet zuverl\u00e4ssige Leistung auf dem Meer, Seen und Fl\u00fcssen und ist ein Favorit unter Wassersportlern, die Komfort und Schutz mit einem sportlichen Look kombinieren wollen.<\/p>\n<p data-start=\"792\" data-end=\"1255\">- Wrap-around-Design f\u00fcr optimalen Schutz vor Wind, Wasser und Sonne<br data-start=\"864\" data-end=\"867\">- Leichte und robuste Konstruktion f\u00fcr intensiven Wassersport<br data-start=\"947\" data-end=\"950\">- Rutschfeste Passform, die auch bei N\u00e4sse fest an ihrem Platz bleibt<br data-start=\"1017\" data-end=\"1020\">- Ideal zum Segeln, Kitesurfen, Windsurfen, Suppen und Bootfahren<br data-start=\"1081\" data-end=\"1084\">- Erh\u00e4ltlich mit Gl\u00e4sern, die die Blendung bei hellem Sonnenlicht reduzieren<br data-start=\"1153\" data-end=\"1156\">- Kann mit hochwertigen Specialspex-Gl\u00e4sern mit Korrektionsgl\u00e4sern erworben werden<br data-start=\"1215\" data-end=\"1218\">- Inklusive Schutzh\u00fclle<\/p>\n","protected":false},"featured_media":63895,"template":"","meta":[],"product_brand":[816],"product_cat":[584,687,688],"product_tag":[],"class_list":{"0":"post-75358","1":"product","2":"type-product","3":"status-publish","4":"has-post-thumbnail","6":"product_brand-ocean","7":"product_cat-sportbrille","8":"product_cat-surfen-kite-surfen","9":"product_cat-wassersport","10":"pa_geschikt-voor-frauen","11":"pa_geschikt-voor-manner","12":"pa_kleur-montuur-schwarz","13":"pa_kleur-montuur-weiss","14":"pa_maat-montuur-gross","15":"pa_maat-montuur-medium","16":"pa_soort-bril-op-sterkte-mit-sehstaerke","17":"pa_soort-bril-op-sterkte-ohne-sehstaerke","19":"first","20":"instock","21":"shipping-taxable","22":"purchasable","23":"product-type-variable"},"_links":{"self":[{"href":"https:\/\/specialspex.artitex.dev\/de\/wp-json\/wp\/v2\/product\/75358","targetHints":{"allow":["GET"]}}],"collection":[{"href":"https:\/\/specialspex.artitex.dev\/de\/wp-json\/wp\/v2\/product"}],"about":[{"href":"https:\/\/specialspex.artitex.dev\/de\/wp-json\/wp\/v2\/types\/product"}],"wp:featuredmedia":[{"embeddable":true,"href":"https:\/\/specialspex.artitex.dev\/de\/wp-json\/wp\/v2\/media\/63895"}],"wp:attachment":[{"href":"https:\/\/specialspex.artitex.dev\/de\/wp-json\/wp\/v2\/media?parent=75358"}],"wp:term":[{"taxonomy":"product_brand","embeddable":true,"href":"https:\/\/specialspex.artitex.dev\/de\/wp-json\/wp\/v2\/product_brand?post=75358"},{"taxonomy":"product_cat","embeddable":true,"href":"https:\/\/specialspex.artitex.dev\/de\/wp-json\/wp\/v2\/product_cat?post=75358"},{"taxonomy":"product_tag","embeddable":true,"href":"https:\/\/specialspex.artitex.dev\/de\/wp-json\/wp\/v2\/product_tag?post=75358"}],"curies":[{"name":"wp","href":"https:\/\/api.w.org\/{rel}","templated":true}]}}