{"id":75389,"date":"2025-12-03T11:42:01","date_gmt":"2025-12-03T10:42:01","guid":{"rendered":"https:\/\/specialspex.artitex.dev\/product\/outline\/"},"modified":"2026-04-18T12:08:06","modified_gmt":"2026-04-18T10:08:06","slug":"outline","status":"publish","type":"product","link":"https:\/\/specialspex.artitex.dev\/de\/sportbrille\/julbo-outline\/","title":{"rendered":"Outline"},"content":{"rendered":"<p data-start=\"58\" data-end=\"303\">Die Julbo OUTLINE wurde f\u00fcr Ausdauersportler entwickelt, die Komfort und Leistung kombinieren. Der umh\u00fcllende Rahmen, die verstellbaren Beine und die Nase sowie die hervorragende Bel\u00fcftung sorgen f\u00fcr Stabilit\u00e4t und optimale Sicht bei intensiven Aktivit\u00e4ten. <\/p>\n<p data-start=\"305\" data-end=\"588\"><br data-start=\"332\" data-end=\"335\">- Umfassendes Design f\u00fcr maximalen Schutz<br data-start=\"380\" data-end=\"383\">- Verstellbare Beine und Nase f\u00fcr perfekten Sitz<br data-start=\"432\" data-end=\"435\">- Hervorragende Bel\u00fcftung f\u00fcr Komfort bei Anstrengung<br data-start=\"487\" data-end=\"490\">- Leicht und stabil bei Ausdauersportarten<br data-start=\"535\" data-end=\"538\">- Ideal f\u00fcr Radfahren, Laufen und Trailrunning<\/p>\n","protected":false},"excerpt":{"rendered":"<p data-start=\"58\" data-end=\"303\">Die Julbo OUTLINE wurde f\u00fcr Ausdauersportler entwickelt, die Komfort und Leistung kombinieren. Der umh\u00fcllende Rahmen, die verstellbaren Beine und die Nase sowie die hervorragende Bel\u00fcftung sorgen f\u00fcr Stabilit\u00e4t und optimale Sicht bei intensiven Aktivit\u00e4ten. <\/p>\n<p data-start=\"305\" data-end=\"588\"><br data-start=\"332\" data-end=\"335\">- Wickeldesign f\u00fcr maximalen Schutz<br data-start=\"380\" data-end=\"383\">- Verstellbare Beine und Nase f\u00fcr perfekten Sitz<br data-start=\"432\" data-end=\"435\">- Hervorragende Bel\u00fcftung f\u00fcr Komfort bei Anstrengung<br data-start=\"487\" data-end=\"490\">- Leicht und stabil bei Ausdauersportarten<br data-start=\"535\" data-end=\"538\">- Ideal f\u00fcr Radfahren, Laufen und Trailrunning<\/p>\n","protected":false},"featured_media":45202,"template":"","meta":[],"product_brand":[790],"product_cat":[584],"product_tag":[],"class_list":{"0":"post-75389","1":"product","2":"type-product","3":"status-publish","4":"has-post-thumbnail","6":"product_brand-julbo","7":"product_cat-sportbrille","8":"pa_geschikt-voor-frauen","9":"pa_geschikt-voor-manner","10":"pa_kleur-montuur-grau","11":"pa_kleur-montuur-schwarz","12":"pa_maat-montuur-klein","13":"pa_maat-montuur-medium","14":"pa_soort-bril-op-sterkte-mit-sehstaerke","15":"pa_soort-bril-op-sterkte-ohne-sehstaerke","17":"first","18":"instock","19":"shipping-taxable","20":"purchasable","21":"product-type-variable"},"_links":{"self":[{"href":"https:\/\/specialspex.artitex.dev\/de\/wp-json\/wp\/v2\/product\/75389","targetHints":{"allow":["GET"]}}],"collection":[{"href":"https:\/\/specialspex.artitex.dev\/de\/wp-json\/wp\/v2\/product"}],"about":[{"href":"https:\/\/specialspex.artitex.dev\/de\/wp-json\/wp\/v2\/types\/product"}],"wp:featuredmedia":[{"embeddable":true,"href":"https:\/\/specialspex.artitex.dev\/de\/wp-json\/wp\/v2\/media\/45202"}],"wp:attachment":[{"href":"https:\/\/specialspex.artitex.dev\/de\/wp-json\/wp\/v2\/media?parent=75389"}],"wp:term":[{"taxonomy":"product_brand","embeddable":true,"href":"https:\/\/specialspex.artitex.dev\/de\/wp-json\/wp\/v2\/product_brand?post=75389"},{"taxonomy":"product_cat","embeddable":true,"href":"https:\/\/specialspex.artitex.dev\/de\/wp-json\/wp\/v2\/product_cat?post=75389"},{"taxonomy":"product_tag","embeddable":true,"href":"https:\/\/specialspex.artitex.dev\/de\/wp-json\/wp\/v2\/product_tag?post=75389"}],"curies":[{"name":"wp","href":"https:\/\/api.w.org\/{rel}","templated":true}]}}