{"id":75410,"date":"2025-12-03T11:19:39","date_gmt":"2025-12-03T10:19:39","guid":{"rendered":"https:\/\/specialspex.artitex.dev\/product\/monterosa-2\/"},"modified":"2025-12-03T11:19:39","modified_gmt":"2025-12-03T10:19:39","slug":"monterosa-2","status":"publish","type":"product","link":"https:\/\/specialspex.artitex.dev\/de\/sportbrille\/bergsteigerbrille\/julbo-monterosa-2\/","title":{"rendered":"Monterosa 2"},"content":{"rendered":"<p data-start=\"62\" data-end=\"324\">Die Julbo MONTEROSA 2 ist der ideale Begleiter f\u00fcr die Erkundung von Berglandschaften. Das moderne, sportliche Design, die Grip Tech-Beine und das rutschfeste Nasenst\u00fcck sorgen f\u00fcr Komfort und Stabilit\u00e4t, w\u00e4hrend die abnehmbaren Seitenabdeckungen zus\u00e4tzlichen Schutz in der H\u00f6he bieten. <\/p>\n<p data-start=\"326\" data-end=\"606\"><br data-start=\"353\" data-end=\"356\">- Modernes, sportliches Design f\u00fcr den Bergsport<br data-start=\"399\" data-end=\"402\">- Grip Tech Beine und rutschfeste Zehenkappe f\u00fcr optimale Passform<br data-start=\"457\" data-end=\"460\">- Abnehmbare Seitenabdeckungen f\u00fcr zus\u00e4tzlichen Schutz<br data-start=\"508\" data-end=\"511\">- Komfortabel und stabil f\u00fcr l\u00e4ngeren Gebrauch<br data-start=\"557\" data-end=\"560\">- Ideal f\u00fcr Bergsteigen und alpine Abenteuer<\/p>\n","protected":false},"excerpt":{"rendered":"<p data-start=\"62\" data-end=\"324\">Die Julbo MONTEROSA 2 ist der ideale Begleiter f\u00fcr die Erkundung von Berglandschaften. Das moderne, sportliche Design, die Grip Tech-Beine und das rutschfeste Nasenst\u00fcck sorgen f\u00fcr Komfort und Stabilit\u00e4t, w\u00e4hrend die abnehmbaren Seitenabdeckungen zus\u00e4tzlichen Schutz in der H\u00f6he bieten. <\/p>\n<p data-start=\"326\" data-end=\"606\"><br data-start=\"353\" data-end=\"356\">- Modernes, sportliches Design f\u00fcr den Bergsport<br data-start=\"399\" data-end=\"402\">- Grip Tech Beine und rutschfeste Zehenkappe f\u00fcr optimale Passform<br data-start=\"457\" data-end=\"460\">- Abnehmbare Seitenabdeckungen f\u00fcr zus\u00e4tzlichen Schutz<br data-start=\"508\" data-end=\"511\">- Komfortabel und stabil f\u00fcr l\u00e4ngeren Gebrauch<br data-start=\"557\" data-end=\"560\">- Ideal f\u00fcr Bergsteigen und alpine Abenteuer<\/p>\n","protected":false},"featured_media":48139,"template":"","meta":[],"product_brand":[790],"product_cat":[658,699,661],"product_tag":[],"class_list":{"0":"post-75410","1":"product","2":"type-product","3":"status-publish","4":"has-post-thumbnail","6":"product_brand-julbo","7":"product_cat-bergsteigerbrille","8":"product_cat-gletscher","9":"product_cat-wandern","10":"pa_geschikt-voor-frauen","11":"pa_kleur-montuur-grau","12":"pa_kleur-montuur-grun","13":"pa_kleur-montuur-weiss","14":"pa_maat-montuur-klein","15":"pa_soort-bril-op-sterkte-mit-sehstaerke","16":"pa_soort-bril-op-sterkte-ohne-sehstaerke","18":"first","19":"instock","20":"shipping-taxable","21":"purchasable","22":"product-type-variable"},"_links":{"self":[{"href":"https:\/\/specialspex.artitex.dev\/de\/wp-json\/wp\/v2\/product\/75410","targetHints":{"allow":["GET"]}}],"collection":[{"href":"https:\/\/specialspex.artitex.dev\/de\/wp-json\/wp\/v2\/product"}],"about":[{"href":"https:\/\/specialspex.artitex.dev\/de\/wp-json\/wp\/v2\/types\/product"}],"wp:featuredmedia":[{"embeddable":true,"href":"https:\/\/specialspex.artitex.dev\/de\/wp-json\/wp\/v2\/media\/48139"}],"wp:attachment":[{"href":"https:\/\/specialspex.artitex.dev\/de\/wp-json\/wp\/v2\/media?parent=75410"}],"wp:term":[{"taxonomy":"product_brand","embeddable":true,"href":"https:\/\/specialspex.artitex.dev\/de\/wp-json\/wp\/v2\/product_brand?post=75410"},{"taxonomy":"product_cat","embeddable":true,"href":"https:\/\/specialspex.artitex.dev\/de\/wp-json\/wp\/v2\/product_cat?post=75410"},{"taxonomy":"product_tag","embeddable":true,"href":"https:\/\/specialspex.artitex.dev\/de\/wp-json\/wp\/v2\/product_tag?post=75410"}],"curies":[{"name":"wp","href":"https:\/\/api.w.org\/{rel}","templated":true}]}}