{"id":75477,"date":"2025-12-04T12:13:19","date_gmt":"2025-12-04T11:13:19","guid":{"rendered":"https:\/\/specialspex.artitex.dev\/product\/australia\/"},"modified":"2026-04-18T12:07:54","modified_gmt":"2026-04-18T10:07:54","slug":"australia","status":"publish","type":"product","link":"https:\/\/specialspex.artitex.dev\/de\/sportbrille\/ocean-australia\/","title":{"rendered":"Australia"},"content":{"rendered":"<p data-start=\"148\" data-end=\"615\">Die Ocean Australia ist eine sportliche und robuste Wassersportbrille, die f\u00fcr maximalen Schutz und Stabilit\u00e4t bei intensiven Aktivit\u00e4ten auf dem Wasser entwickelt wurde. Die Wrap-Around-Form liegt eng am Gesicht an und bietet hervorragenden Schutz vor Sonne, Wind, Spritzwasser und Blendung von der Wasseroberfl\u00e4che. Dank der leichten Konstruktion und der rutschfesten Passform bleibt die Brille auch bei nassen oder rasanten Bedingungen bequem und sicher.  <\/p>\n<p data-start=\"617\" data-end=\"858\">Die Australia ist ideal f\u00fcr Segler, Kitesurfer, Windsurfer, Supper und alle, die viel Zeit am Meer, an Seen oder Fl\u00fcssen verbringen. Das Design kombiniert Funktionalit\u00e4t mit einem sportlichen Look und passt in jede Wassersportumgebung. <\/p>\n<p data-start=\"860\" data-end=\"1309\">- Wrap-around-Design f\u00fcr maximale Abdeckung und Schutz<br data-start=\"918\" data-end=\"921\">- Leichter und strapazierf\u00e4higer Rahmen, geeignet f\u00fcr intensiven Wassersport<br data-start=\"996\" data-end=\"999\">- Rutschfester Sitz, der auch bei N\u00e4sse sicher bleibt<br data-start=\"1060\" data-end=\"1063\">- Gl\u00e4ser, die die Blendung auf dem Wasser reduzieren, f\u00fcr bessere Sicht<br data-start=\"1129\" data-end=\"1132\">- Ideal f\u00fcr Segeln, Kitesurfen, Windsurfen, Suppen und andere Wassersportarten<br data-start=\"1207\" data-end=\"1210\">- Kann mit hochwertigen Specialspex-Gl\u00e4sern ausgestattet werden<br data-start=\"1269\" data-end=\"1272\">- Schutzetui im Lieferumfang enthalten<\/p>\n","protected":false},"excerpt":{"rendered":"<p data-start=\"148\" data-end=\"615\">Die Ocean Australia ist eine sportliche und robuste Wassersportbrille, die f\u00fcr maximalen Schutz und Stabilit\u00e4t bei intensiven Aktivit\u00e4ten auf dem Wasser entwickelt wurde. Die Wrap-Around-Form liegt eng am Gesicht an und bietet hervorragenden Schutz vor Sonne, Wind, Spritzwasser und Blendung von der Wasseroberfl\u00e4che. Dank der leichten Konstruktion und der rutschfesten Passform bleibt die Brille auch bei nassen oder rasanten Bedingungen bequem und sicher.  <\/p>\n<p data-start=\"617\" data-end=\"858\">Die Australia ist ideal f\u00fcr Segler, Kitesurfer, Windsurfer, Supper und alle, die viel Zeit am Meer, an Seen oder Fl\u00fcssen verbringen. Das Design kombiniert Funktionalit\u00e4t mit einem sportlichen Look und passt in jede Wassersportumgebung. <\/p>\n<p data-start=\"860\" data-end=\"1309\">- Wrap-around-Design f\u00fcr maximale Abdeckung und Schutz<br data-start=\"918\" data-end=\"921\">- Leichter und strapazierf\u00e4higer Rahmen, geeignet f\u00fcr intensiven Wassersport<br data-start=\"996\" data-end=\"999\">- Rutschfester Sitz, der auch bei N\u00e4sse sicher bleibt<br data-start=\"1060\" data-end=\"1063\">- Gl\u00e4ser, die die Blendung auf dem Wasser reduzieren, f\u00fcr bessere Sicht<br data-start=\"1129\" data-end=\"1132\">- Ideal f\u00fcr Segeln, Kitesurfen, Windsurfen, Suppen und andere Wassersportarten<br data-start=\"1207\" data-end=\"1210\">- Kann mit hochwertigen Specialspex-Gl\u00e4sern ausgestattet werden<br data-start=\"1269\" data-end=\"1272\">- Schutzetui im Lieferumfang enthalten<\/p>\n","protected":false},"featured_media":72166,"template":"","meta":[],"product_brand":[816],"product_cat":[584,687,688],"product_tag":[],"class_list":{"0":"post-75477","1":"product","2":"type-product","3":"status-publish","4":"has-post-thumbnail","6":"product_brand-ocean","7":"product_cat-sportbrille","8":"product_cat-surfen-kite-surfen","9":"product_cat-wassersport","10":"pa_geschikt-voor-frauen","11":"pa_geschikt-voor-manner","12":"pa_kleur-montuur-blau","13":"pa_kleur-montuur-schwarz-2","14":"pa_kleur-montuur-schwarz","15":"pa_kleur-montuur-weiss","16":"pa_maat-montuur-gross","17":"pa_maat-montuur-medium","18":"pa_soort-bril-op-sterkte-mit-sehstaerke","19":"pa_soort-bril-op-sterkte-ohne-sehstaerke","21":"first","22":"instock","23":"sale","24":"shipping-taxable","25":"purchasable","26":"product-type-variable"},"_links":{"self":[{"href":"https:\/\/specialspex.artitex.dev\/de\/wp-json\/wp\/v2\/product\/75477","targetHints":{"allow":["GET"]}}],"collection":[{"href":"https:\/\/specialspex.artitex.dev\/de\/wp-json\/wp\/v2\/product"}],"about":[{"href":"https:\/\/specialspex.artitex.dev\/de\/wp-json\/wp\/v2\/types\/product"}],"wp:featuredmedia":[{"embeddable":true,"href":"https:\/\/specialspex.artitex.dev\/de\/wp-json\/wp\/v2\/media\/72166"}],"wp:attachment":[{"href":"https:\/\/specialspex.artitex.dev\/de\/wp-json\/wp\/v2\/media?parent=75477"}],"wp:term":[{"taxonomy":"product_brand","embeddable":true,"href":"https:\/\/specialspex.artitex.dev\/de\/wp-json\/wp\/v2\/product_brand?post=75477"},{"taxonomy":"product_cat","embeddable":true,"href":"https:\/\/specialspex.artitex.dev\/de\/wp-json\/wp\/v2\/product_cat?post=75477"},{"taxonomy":"product_tag","embeddable":true,"href":"https:\/\/specialspex.artitex.dev\/de\/wp-json\/wp\/v2\/product_tag?post=75477"}],"curies":[{"name":"wp","href":"https:\/\/api.w.org\/{rel}","templated":true}]}}