{"id":75499,"date":"2025-11-25T12:19:27","date_gmt":"2025-11-25T11:19:27","guid":{"rendered":"https:\/\/specialspex.artitex.dev\/product\/kover\/"},"modified":"2025-11-25T12:19:27","modified_gmt":"2025-11-25T11:19:27","slug":"kover","status":"publish","type":"product","link":"https:\/\/specialspex.artitex.dev\/de\/sportbrille\/schiessbrille\/airsoft\/bolle-safety-kover\/","title":{"rendered":"Kover"},"content":{"rendered":"<p data-start=\"92\" data-end=\"455\">Die Kover Schutzbrille bietet dank der Dichtung und des B\u00fcgels eines der h\u00f6chsten Schutzniveaus innerhalb unseres Korrektursortiments. Das bequeme und verstellbare Modell passt auf die meisten Gesichter, w\u00e4hrend der breite Rahmen ein weites Sichtfeld bietet. Die Brille ist nach EN-166 zertifiziert und sch\u00fctzt vor fliegenden festen und fl\u00fcssigen Partikeln und Staub.  <\/p>\n<p data-start=\"457\" data-end=\"796\" data-is-last-node=\"\" data-is-only-node=\"\">- EN-166-zertifizierter Schutz<br data-start=\"493\" data-end=\"496\">- Hohes Schutzniveau durch Dichtung und Band<br data-start=\"542\" data-end=\"545\">- Bequem und anpassbar f\u00fcr die meisten Gesichter<br data-start=\"598\" data-end=\"601\">- Breites Sichtfeld dank breitem Rahmen<br data-start=\"640\" data-end=\"643\">- Kann mit speziell gebogenen Gl\u00e4sern nach Ma\u00df angefertigt werden<br data-start=\"693\" data-end=\"696\">- Die Brille kann vollst\u00e4ndig individuell angepasst werden, einschlie\u00dflich Co-T\u00f6nung<br data-start=\"757\" data-end=\"760\">- Standardm\u00e4\u00dfig klare Gl\u00e4ser enthalten<\/p>\n","protected":false},"excerpt":{"rendered":"<p data-start=\"92\" data-end=\"455\">Die Kover Schutzbrille bietet dank der Dichtung und des B\u00fcgels eines der h\u00f6chsten Schutzniveaus innerhalb unseres Korrektursortiments. Das bequeme und verstellbare Modell passt auf die meisten Gesichter, w\u00e4hrend der breite Rahmen ein weites Sichtfeld bietet. Die Brille ist nach EN-166 zertifiziert und sch\u00fctzt vor fliegenden festen und fl\u00fcssigen Partikeln und Staub.  <\/p>\n<p data-start=\"457\" data-end=\"796\" data-is-last-node=\"\" data-is-only-node=\"\">- EN-166-zertifizierter Schutz<br data-start=\"493\" data-end=\"496\">- Hohes Schutzniveau durch Dichtung und Band<br data-start=\"542\" data-end=\"545\">- Bequem und anpassbar f\u00fcr die meisten Gesichter<br data-start=\"598\" data-end=\"601\">- Breites Sichtfeld dank breitem Rahmen<br data-start=\"640\" data-end=\"643\">- Kann mit speziell gebogenen Gl\u00e4sern nach Ma\u00df angefertigt werden<br data-start=\"693\" data-end=\"696\">- Die Brille kann vollst\u00e4ndig individuell angepasst werden, einschlie\u00dflich Co-T\u00f6nung<br data-start=\"757\" data-end=\"760\">- Standardm\u00e4\u00dfig klare Gl\u00e4ser enthalten<\/p>\n","protected":false},"featured_media":60370,"template":"","meta":[],"product_brand":[786],"product_cat":[628,710,709],"product_tag":[],"class_list":{"0":"post-75499","1":"product","2":"type-product","3":"status-publish","4":"has-post-thumbnail","6":"product_brand-bolle-safety","7":"product_cat-sicherheit","8":"product_cat-airsoft","9":"product_cat-schiessbrille","10":"pa_geschikt-voor-frauen","11":"pa_geschikt-voor-manner","12":"pa_kleur-montuur-blau","13":"pa_maat-montuur-extra-gros","14":"pa_maat-montuur-gross","15":"pa_soort-bril-op-sterkte-geeignet-fuer-hohe-staerken","16":"pa_soort-bril-op-sterkte-mit-sehstaerke","18":"first","19":"instock","20":"shipping-taxable","21":"purchasable","22":"product-type-simple"},"_links":{"self":[{"href":"https:\/\/specialspex.artitex.dev\/de\/wp-json\/wp\/v2\/product\/75499","targetHints":{"allow":["GET"]}}],"collection":[{"href":"https:\/\/specialspex.artitex.dev\/de\/wp-json\/wp\/v2\/product"}],"about":[{"href":"https:\/\/specialspex.artitex.dev\/de\/wp-json\/wp\/v2\/types\/product"}],"wp:featuredmedia":[{"embeddable":true,"href":"https:\/\/specialspex.artitex.dev\/de\/wp-json\/wp\/v2\/media\/60370"}],"wp:attachment":[{"href":"https:\/\/specialspex.artitex.dev\/de\/wp-json\/wp\/v2\/media?parent=75499"}],"wp:term":[{"taxonomy":"product_brand","embeddable":true,"href":"https:\/\/specialspex.artitex.dev\/de\/wp-json\/wp\/v2\/product_brand?post=75499"},{"taxonomy":"product_cat","embeddable":true,"href":"https:\/\/specialspex.artitex.dev\/de\/wp-json\/wp\/v2\/product_cat?post=75499"},{"taxonomy":"product_tag","embeddable":true,"href":"https:\/\/specialspex.artitex.dev\/de\/wp-json\/wp\/v2\/product_tag?post=75499"}],"curies":[{"name":"wp","href":"https:\/\/api.w.org\/{rel}","templated":true}]}}