{"id":75500,"date":"2025-11-27T10:15:20","date_gmt":"2025-11-27T09:15:20","guid":{"rendered":"https:\/\/specialspex.artitex.dev\/product\/metalink-55\/"},"modified":"2025-11-27T10:15:20","modified_gmt":"2025-11-27T09:15:20","slug":"metalink-55","status":"publish","type":"product","link":"https:\/\/specialspex.artitex.dev\/de\/sport-laessig\/oakley-metalink-55\/","title":{"rendered":"Metalink 55"},"content":{"rendered":"<p data-start=\"179\" data-end=\"697\">Die Oakley Metalink ist eine moderne und vielseitige Brille, die einen sportlichen Look mit leichtem Komfort kombiniert. Die Vorderseite besteht aus robustem O Matter-Material, w\u00e4hrend die schlanken Brillenb\u00fcgel aus Metall f\u00fcr zus\u00e4tzliche Haltbarkeit und einen raffinierten Look sorgen. Mit ihrer bequemen Passform und ihrem flexiblen Design ist die Metalink ideal f\u00fcr den Alltag, die Arbeit oder f\u00fcr aktive Momente. Die Unobtainium-Ohrb\u00fcgel bieten zus\u00e4tzlichen Halt und sorgen daf\u00fcr, dass die Brille auch beim Schwitzen an ihrem Platz bleibt.   <\/p>\n<p data-start=\"699\" data-end=\"1106\">- Leichte Kombination aus O Matter-Front und Metall-Brillenfedern<br data-start=\"768\" data-end=\"771\">- Unobtainium-Ohrst\u00f6psel f\u00fcr zus\u00e4tzlichen Halt und Stabilit\u00e4t<br data-start=\"823\" data-end=\"826\">- Bequeme Passform f\u00fcr den t\u00e4glichen und langfristigen Gebrauch<br data-start=\"884\" data-end=\"887\">- Modernes rechteckiges Design f\u00fcr einen aktiven Lebensstil<br data-start=\"952\" data-end=\"955\">- Langlebige Konstruktion mit hochwertiger Verarbeitung<br data-start=\"1004\" data-end=\"1007\">- Kann mit hochwertigen Specialspex-Gl\u00e4sern auf die Sehst\u00e4rke aufger\u00fcstet werden<br data-start=\"1066\" data-end=\"1069\">- Schutzetui enthalten<\/p>\n","protected":false},"excerpt":{"rendered":"<p data-start=\"179\" data-end=\"697\">Die Oakley Metalink ist eine moderne und vielseitige Brille, die einen sportlichen Look mit leichtem Komfort kombiniert. Die Vorderseite besteht aus robustem O Matter-Material, w\u00e4hrend die schlanken Brillenb\u00fcgel aus Metall f\u00fcr zus\u00e4tzliche Haltbarkeit und einen raffinierten Look sorgen. Mit ihrer bequemen Passform und ihrem flexiblen Design ist die Metalink ideal f\u00fcr den Alltag, die Arbeit oder f\u00fcr aktive Momente. Die Unobtainium-Ohrb\u00fcgel bieten zus\u00e4tzlichen Halt und sorgen daf\u00fcr, dass die Brille auch beim Schwitzen an ihrem Platz bleibt.   <\/p>\n<p data-start=\"699\" data-end=\"1106\">- Leichte Kombination aus O Matter-Front und Metall-Brillenfedern<br data-start=\"768\" data-end=\"771\">- Unobtainium-Ohrst\u00f6psel f\u00fcr zus\u00e4tzlichen Halt und Stabilit\u00e4t<br data-start=\"823\" data-end=\"826\">- Bequeme Passform f\u00fcr den t\u00e4glichen und langfristigen Gebrauch<br data-start=\"884\" data-end=\"887\">- Modernes rechteckiges Design f\u00fcr einen aktiven Lebensstil<br data-start=\"952\" data-end=\"955\">- Langlebige Konstruktion mit hochwertiger Verarbeitung<br data-start=\"1004\" data-end=\"1007\">- Kann mit hochwertigen Specialspex-Gl\u00e4sern auf die Sehst\u00e4rke aufger\u00fcstet werden<br data-start=\"1066\" data-end=\"1069\">- Schutzetui enthalten<\/p>\n","protected":false},"featured_media":67460,"template":"","meta":[],"product_brand":[806],"product_cat":[696],"product_tag":[],"class_list":{"0":"post-75500","1":"product","2":"type-product","3":"status-publish","4":"has-post-thumbnail","6":"product_brand-oakley","7":"product_cat-sport-laessig","8":"pa_geschikt-voor-frauen","9":"pa_geschikt-voor-manner","10":"pa_kleur-montuur-braun","11":"pa_kleur-montuur-rot","12":"pa_kleur-montuur-schwarz","13":"pa_maat-montuur-extra-gros","14":"pa_maat-montuur-gross","15":"pa_soort-bril-op-sterkte-mit-sehstaerke","17":"first","18":"instock","19":"sale","20":"shipping-taxable","21":"purchasable","22":"product-type-variable"},"_links":{"self":[{"href":"https:\/\/specialspex.artitex.dev\/de\/wp-json\/wp\/v2\/product\/75500","targetHints":{"allow":["GET"]}}],"collection":[{"href":"https:\/\/specialspex.artitex.dev\/de\/wp-json\/wp\/v2\/product"}],"about":[{"href":"https:\/\/specialspex.artitex.dev\/de\/wp-json\/wp\/v2\/types\/product"}],"wp:featuredmedia":[{"embeddable":true,"href":"https:\/\/specialspex.artitex.dev\/de\/wp-json\/wp\/v2\/media\/67460"}],"wp:attachment":[{"href":"https:\/\/specialspex.artitex.dev\/de\/wp-json\/wp\/v2\/media?parent=75500"}],"wp:term":[{"taxonomy":"product_brand","embeddable":true,"href":"https:\/\/specialspex.artitex.dev\/de\/wp-json\/wp\/v2\/product_brand?post=75500"},{"taxonomy":"product_cat","embeddable":true,"href":"https:\/\/specialspex.artitex.dev\/de\/wp-json\/wp\/v2\/product_cat?post=75500"},{"taxonomy":"product_tag","embeddable":true,"href":"https:\/\/specialspex.artitex.dev\/de\/wp-json\/wp\/v2\/product_tag?post=75500"}],"curies":[{"name":"wp","href":"https:\/\/api.w.org\/{rel}","templated":true}]}}