{"id":75509,"date":"2025-11-25T12:28:27","date_gmt":"2025-11-25T11:28:27","guid":{"rendered":"https:\/\/specialspex.artitex.dev\/product\/tracker\/"},"modified":"2025-11-25T12:28:27","modified_gmt":"2025-11-25T11:28:27","slug":"tracker","status":"publish","type":"product","link":"https:\/\/specialspex.artitex.dev\/de\/sportbrille\/schiessbrille\/airsoft\/bolle-safety-tracker\/","title":{"rendered":"Tracker"},"content":{"rendered":"<p data-start=\"94\" data-end=\"489\">Die Tracker-Schutzbrille ist ultra-bequem und technisch fortschrittlich. Das Hybridmodell bietet sowohl Schutz vor mechanischen als auch vor chemischen Gefahren und ist damit ein exklusives Modell in unserem Sortiment. Die bel\u00fcftete und robuste Brille sch\u00fctzt oben und unten und ist mit einem verstellbaren Band f\u00fcr maximale Funktionalit\u00e4t ausgestattet. Die Schutzbrille ist EN-166-zertifiziert.   <\/p>\n<p data-start=\"491\" data-end=\"830\" data-is-last-node=\"\" data-is-only-node=\"\">- EN-166-zertifizierter Schutz<br data-start=\"527\" data-end=\"530\">- Schutz vor mechanischen und chemischen Gefahren<br data-start=\"583\" data-end=\"586\">- Hybrides, bel\u00fcftetes und robustes Design<br data-start=\"628\" data-end=\"631\">- Schutz an der Ober- und Unterseite<br data-start=\"669\" data-end=\"672\">- Verstellbares Band f\u00fcr vielseitigen Einsatz<br data-start=\"714\" data-end=\"717\">- Kann mit dem Einsatzclip an die Sehst\u00e4rke angepasst werden, geeignet f\u00fcr h\u00f6here Sehst\u00e4rken<br data-start=\"783\" data-end=\"786\">- Auch multifokale Linsen im Clip m\u00f6glich<\/p>\n","protected":false},"excerpt":{"rendered":"<p data-start=\"94\" data-end=\"489\">Die Tracker-Schutzbrille ist ultra-bequem und technisch fortschrittlich. Das Hybridmodell bietet sowohl Schutz vor mechanischen als auch vor chemischen Gefahren und ist damit ein exklusives Modell in unserem Sortiment. Die bel\u00fcftete und robuste Brille sch\u00fctzt oben und unten und ist mit einem verstellbaren Band f\u00fcr maximale Funktionalit\u00e4t ausgestattet. Die Schutzbrille ist EN-166-zertifiziert.   <\/p>\n<p data-start=\"491\" data-end=\"830\" data-is-last-node=\"\" data-is-only-node=\"\">- EN-166-zertifizierter Schutz<br data-start=\"527\" data-end=\"530\">- Schutz vor mechanischen und chemischen Gefahren<br data-start=\"583\" data-end=\"586\">- Hybrides, bel\u00fcftetes und robustes Design<br data-start=\"628\" data-end=\"631\">- Schutz an der Ober- und Unterseite<br data-start=\"669\" data-end=\"672\">- Verstellbares Band f\u00fcr vielseitigen Einsatz<br data-start=\"714\" data-end=\"717\">- Kann mit dem Einsatzclip an die Sehst\u00e4rke angepasst werden, geeignet f\u00fcr h\u00f6here Sehst\u00e4rken<br data-start=\"783\" data-end=\"786\">- Auch multifokale Linsen im Clip m\u00f6glich<\/p>\n<p data-start=\"457\" data-end=\"796\" data-is-last-node=\"\" data-is-only-node=\"\">- Inklusive Standard-Klarsichtbrille im Clip<\/p>\n","protected":false},"featured_media":52492,"template":"","meta":[],"product_brand":[786],"product_cat":[628,710,712,711,709],"product_tag":[],"class_list":{"0":"post-75509","1":"product","2":"type-product","3":"status-publish","4":"has-post-thumbnail","6":"product_brand-bolle-safety","7":"product_cat-sicherheit","8":"product_cat-airsoft","9":"product_cat-jagen","10":"product_cat-pistolenschiessen","11":"product_cat-schiessbrille","12":"pa_geschikt-voor-frauen","13":"pa_geschikt-voor-manner","14":"pa_kleur-montuur-grau","15":"pa_kleur-montuur-schwarz","16":"pa_maat-montuur-gross","17":"pa_soort-bril-op-sterkte-geeignet-fuer-hohe-staerken","18":"pa_soort-bril-op-sterkte-with-prescription-insert","20":"first","21":"instock","22":"shipping-taxable","23":"purchasable","24":"product-type-simple"},"_links":{"self":[{"href":"https:\/\/specialspex.artitex.dev\/de\/wp-json\/wp\/v2\/product\/75509","targetHints":{"allow":["GET"]}}],"collection":[{"href":"https:\/\/specialspex.artitex.dev\/de\/wp-json\/wp\/v2\/product"}],"about":[{"href":"https:\/\/specialspex.artitex.dev\/de\/wp-json\/wp\/v2\/types\/product"}],"wp:featuredmedia":[{"embeddable":true,"href":"https:\/\/specialspex.artitex.dev\/de\/wp-json\/wp\/v2\/media\/52492"}],"wp:attachment":[{"href":"https:\/\/specialspex.artitex.dev\/de\/wp-json\/wp\/v2\/media?parent=75509"}],"wp:term":[{"taxonomy":"product_brand","embeddable":true,"href":"https:\/\/specialspex.artitex.dev\/de\/wp-json\/wp\/v2\/product_brand?post=75509"},{"taxonomy":"product_cat","embeddable":true,"href":"https:\/\/specialspex.artitex.dev\/de\/wp-json\/wp\/v2\/product_cat?post=75509"},{"taxonomy":"product_tag","embeddable":true,"href":"https:\/\/specialspex.artitex.dev\/de\/wp-json\/wp\/v2\/product_tag?post=75509"}],"curies":[{"name":"wp","href":"https:\/\/api.w.org\/{rel}","templated":true}]}}