{"id":75516,"date":"2025-11-25T11:58:02","date_gmt":"2025-11-25T10:58:02","guid":{"rendered":"https:\/\/specialspex.artitex.dev\/product\/elate-t-s\/"},"modified":"2025-11-25T11:58:02","modified_gmt":"2025-11-25T10:58:02","slug":"elate-t-s","status":"publish","type":"product","link":"https:\/\/specialspex.artitex.dev\/de\/sportbrille\/bergsteigerbrille\/evil-eye-elate-t-s\/","title":{"rendered":"Elate.T S"},"content":{"rendered":"<p data-start=\"137\" data-end=\"472\">Die Evil Eye Elate T S ist eine vielseitige Sportbrille f\u00fcr den Alltag, zum Laufen, Radfahren und Outdoor-Training. Dank der kompakten S-Passform passt der Rahmen perfekt auf kleine bis mittlere Gesichter. Das leichte Design und die Wrap-around-Form sorgen f\u00fcr einen stabilen, bequemen Sitz ohne Druckstellen, auch bei l\u00e4ngeren Trainingseinheiten.  <\/p>\n<p data-start=\"474\" data-end=\"911\">Die Elate T S bietet ein klares und weites Sichtfeld mit zuverl\u00e4ssigem Schutz vor Wind und hellem Licht. Die Bel\u00fcftungs\u00f6ffnungen reduzieren Ausschl\u00e4ge bei intensivem Training, w\u00e4hrend der verstellbare Nasensteg und die rutschfesten Beine daf\u00fcr sorgen, dass die Brille fest an ihrem Platz bleibt, auch wenn du schwitzt oder dich \u00fcber unebenes Gel\u00e4nde bewegst. Die Gl\u00e4seroptionen von Evil Eye sorgen f\u00fcr scharfe Kontraste und gleichbleibende Leistung bei unterschiedlichen Lichtverh\u00e4ltnissen.  <\/p>\n<p data-start=\"913\" data-end=\"1312\">- Kompakte S-Passform f\u00fcr kleine bis mittelgro\u00dfe Gesichter<br data-start=\"963\" data-end=\"966\">- Wrap-around-Design mit breiter Sicht und guter Abschirmung<br data-start=\"1023\" data-end=\"1026\">- Leichter Kunststoffrahmen f\u00fcr den Alltags- und Sportgebrauch<br data-start=\"1091\" data-end=\"1094\">- Bel\u00fcftungszonen zur Reduzierung von Ablagerungen<br data-start=\"1137\" data-end=\"1140\">- Verstellbarer Nasensteg und rutschfeste F\u00fc\u00dfe f\u00fcr stabilen Sitz<br data-start=\"1204\" data-end=\"1207\">- Erh\u00e4ltlich mit verschiedenen Scheibenprogrammen, darunter kontrastverst\u00e4rkte und verspiegelte Varianten<\/p>\n<p data-start=\"1314\" data-end=\"1534\">St\u00e4rkeoptionen: Die Elate T S kann mit verschreibungspflichtigen Gl\u00e4sern aus dem Evil Eye- und Specialspex-Sortiment ausgestattet werden, die eine klare Sicht bieten, ohne die Stabilit\u00e4t oder den Tragekomfort zu beeintr\u00e4chtigen.<\/p>\n","protected":false},"excerpt":{"rendered":"<p data-start=\"137\" data-end=\"472\">Die Evil Eye Elate T S ist eine vielseitige Sportbrille f\u00fcr den Alltag, zum Laufen, Radfahren und Outdoor-Training. Dank der kompakten S-Passform passt der Rahmen perfekt auf kleine bis mittlere Gesichter. Das leichte Design und die Wrap-around-Form sorgen f\u00fcr einen stabilen, bequemen Sitz ohne Druckstellen, auch bei l\u00e4ngeren Trainingseinheiten.  <\/p>\n<p data-start=\"474\" data-end=\"911\">Die Elate T S bietet ein klares und weites Sichtfeld mit zuverl\u00e4ssigem Schutz vor Wind und hellem Licht. Die Bel\u00fcftungs\u00f6ffnungen reduzieren Ausschlag bei intensivem Training, w\u00e4hrend der verstellbare Nasensteg und die rutschfesten F\u00fc\u00dfe daf\u00fcr sorgen, dass die Brille fest an ihrem Platz bleibt, auch wenn du schwitzt oder dich \u00fcber unebenes Gel\u00e4nde bewegst. Die Gl\u00e4seroptionen von Evil Eye sorgen f\u00fcr scharfe Kontraste und gleichbleibende Leistung bei unterschiedlichen Lichtverh\u00e4ltnissen.  <\/p>\n<p data-start=\"913\" data-end=\"1312\">- Kompakte S-Passform f\u00fcr kleine bis mittelgro\u00dfe Gesichter<br data-start=\"963\" data-end=\"966\">- Wrap-around-Design mit breiter Sicht und guter Abschirmung<br data-start=\"1023\" data-end=\"1026\">- Leichter Kunststoffrahmen f\u00fcr den Alltags- und Sportgebrauch<br data-start=\"1091\" data-end=\"1094\">- Bel\u00fcftungszonen zur Reduzierung von Ablagerungen<br data-start=\"1137\" data-end=\"1140\">- Verstellbarer Nasensteg und rutschfeste F\u00fc\u00dfe f\u00fcr stabilen Sitz<br data-start=\"1204\" data-end=\"1207\">- Erh\u00e4ltlich mit verschiedenen Scheibenprogrammen, darunter kontrastverst\u00e4rkte und verspiegelte Varianten<\/p>\n<p data-start=\"1314\" data-end=\"1534\">St\u00e4rkeoptionen: Die Elate T S kann mit verschreibungspflichtigen Gl\u00e4sern aus dem Evil Eye- und Specialspex-Sortiment ausgestattet werden, die eine klare Sicht bieten, ohne die Stabilit\u00e4t oder den Tragekomfort zu beeintr\u00e4chtigen.<\/p>\n","protected":false},"featured_media":60901,"template":"","meta":[],"product_brand":[808],"product_cat":[658,695,660,639,677,560,659,638,591,593,561,559,664,663,665,584,587,588,666,662,592,661],"product_tag":[],"class_list":{"0":"post-75516","1":"product","2":"type-product","3":"status-publish","4":"has-post-thumbnail","6":"product_brand-evil-eye","7":"product_cat-bergsteigerbrille","8":"product_cat-fisch","9":"product_cat-golfbrille","10":"product_cat-gravelbiker-radfahren","11":"product_cat-kletterbrille","12":"product_cat-laufen","13":"product_cat-motorradbrille","14":"product_cat-mountainbiking","15":"product_cat-padel","16":"product_cat-racket-sportarten","17":"product_cat-radfahren","18":"product_cat-radfahrerbrille","19":"product_cat-schlittschuhe","20":"product_cat-segeln","21":"product_cat-skilanglauf","22":"product_cat-sportbrille","23":"product_cat-squash","24":"product_cat-tennis","25":"product_cat-tourenmotorrad","26":"product_cat-trailrunning","27":"product_cat-volleyball","28":"product_cat-wandern","29":"pa_geschikt-voor-frauen","30":"pa_geschikt-voor-manner","31":"pa_kleur-montuur-blau","32":"pa_kleur-montuur-grau","33":"pa_kleur-montuur-grun","34":"pa_kleur-montuur-orange","35":"pa_kleur-montuur-rot","36":"pa_kleur-montuur-schwarz","37":"pa_maat-montuur-gross","38":"pa_maat-montuur-medium","39":"pa_soort-bril-op-sterkte-mit-sehstaerke","40":"pa_soort-bril-op-sterkte-ohne-sehstaerke","42":"first","43":"instock","44":"sale","45":"shipping-taxable","46":"purchasable","47":"product-type-variable"},"_links":{"self":[{"href":"https:\/\/specialspex.artitex.dev\/de\/wp-json\/wp\/v2\/product\/75516","targetHints":{"allow":["GET"]}}],"collection":[{"href":"https:\/\/specialspex.artitex.dev\/de\/wp-json\/wp\/v2\/product"}],"about":[{"href":"https:\/\/specialspex.artitex.dev\/de\/wp-json\/wp\/v2\/types\/product"}],"wp:featuredmedia":[{"embeddable":true,"href":"https:\/\/specialspex.artitex.dev\/de\/wp-json\/wp\/v2\/media\/60901"}],"wp:attachment":[{"href":"https:\/\/specialspex.artitex.dev\/de\/wp-json\/wp\/v2\/media?parent=75516"}],"wp:term":[{"taxonomy":"product_brand","embeddable":true,"href":"https:\/\/specialspex.artitex.dev\/de\/wp-json\/wp\/v2\/product_brand?post=75516"},{"taxonomy":"product_cat","embeddable":true,"href":"https:\/\/specialspex.artitex.dev\/de\/wp-json\/wp\/v2\/product_cat?post=75516"},{"taxonomy":"product_tag","embeddable":true,"href":"https:\/\/specialspex.artitex.dev\/de\/wp-json\/wp\/v2\/product_tag?post=75516"}],"curies":[{"name":"wp","href":"https:\/\/api.w.org\/{rel}","templated":true}]}}