{"id":75543,"date":"2025-11-17T14:26:00","date_gmt":"2025-11-17T13:26:00","guid":{"rendered":"https:\/\/specialspex.artitex.dev\/product\/softness-r-s\/"},"modified":"2026-04-18T12:09:10","modified_gmt":"2026-04-18T10:09:10","slug":"softness-r-s","status":"publish","type":"product","link":"https:\/\/specialspex.artitex.dev\/de\/sportbrille\/ballsport\/demetz-softness-r-s\/","title":{"rendered":"Softness R Small"},"content":{"rendered":"<p data-start=\"155\" data-end=\"632\">Der Demetz Softness R S wurde speziell f\u00fcr junge Sportler entwickelt, die ein Maximum an Sicherheit und Tragekomfort ben\u00f6tigen. Der Rahmen besteht aus einem nahezu unzerbrechlichen, flexiblen Material, das eine hervorragende Sto\u00dfd\u00e4mpfung bietet und einer intensiven Nutzung standh\u00e4lt. Dank der kompakten Form passt sich die Brille perfekt an kleinere Gesichtsformen an und bleibt auch beim aktiven Spiel sicher an ihrem Platz. Die breite Scheibenform sorgt f\u00fcr klare Sicht und guten Schutz in jeder Sportsituation.   <\/p>\n<p data-start=\"634\" data-end=\"992\">- Nahezu unzerbrechlicher und flexibler Rahmen f\u00fcr maximale Sicherheit<br data-start=\"698\" data-end=\"701\">- Kompakte Passform, ideal f\u00fcr kleine Kinder<br data-start=\"747\" data-end=\"750\">- Sto\u00dfd\u00e4mpfendes Design f\u00fcr Schutz bei Ballspielen und aktivem Spiel<br data-start=\"827\" data-end=\"830\">- Breite Linsenform f\u00fcr ein klares und weites Sichtfeld<br data-start=\"883\" data-end=\"886\">- Erh\u00e4ltlich mit hochwertigen Linsen von Specialspex<br data-start=\"952\" data-end=\"955\">- Inklusive Schutzh\u00fclle<\/p>\n","protected":false},"excerpt":{"rendered":"<p data-start=\"155\" data-end=\"632\">Der Demetz Softness R S wurde speziell f\u00fcr junge Sportler entwickelt, die ein Maximum an Sicherheit und Tragekomfort ben\u00f6tigen. Der Rahmen besteht aus einem nahezu unzerbrechlichen, flexiblen Material, das eine hervorragende Sto\u00dfd\u00e4mpfung bietet und einer intensiven Nutzung standh\u00e4lt. Dank der kompakten Form passt sich die Brille perfekt an kleinere Gesichtsformen an und bleibt auch beim aktiven Spiel sicher an ihrem Platz. Die breite Scheibenform sorgt f\u00fcr klare Sicht und guten Schutz in jeder Sportsituation.   <\/p>\n<p data-start=\"634\" data-end=\"992\">- Nahezu unzerbrechlicher und flexibler Rahmen f\u00fcr maximale Sicherheit<br data-start=\"698\" data-end=\"701\">- Kompakte Passform, ideal f\u00fcr kleine Kinder<br data-start=\"747\" data-end=\"750\">- Sto\u00dfd\u00e4mpfendes Design f\u00fcr Schutz bei Ballspielen und aktivem Spiel<br data-start=\"827\" data-end=\"830\">- Breite Linsenform f\u00fcr ein klares und weites Sichtfeld<br data-start=\"883\" data-end=\"886\">- Erh\u00e4ltlich mit hochwertigen Linsen von Specialspex<br data-start=\"952\" data-end=\"955\">- Inklusive Schutzh\u00fclle<\/p>\n","protected":false},"featured_media":60862,"template":"","meta":[],"product_brand":[795],"product_cat":[584,590,585,589,586,591,593,594,587,588,592],"product_tag":[],"class_list":{"0":"post-75543","1":"product","2":"type-product","3":"status-publish","4":"has-post-thumbnail","6":"product_brand-demetz","7":"product_cat-sportbrille","8":"product_cat-ballsport","9":"product_cat-basketball","10":"product_cat-fussballbrille","11":"product_cat-hockey","12":"product_cat-padel","13":"product_cat-racket-sportarten","14":"product_cat-sportbrillen-fuer-kinder","15":"product_cat-squash","16":"product_cat-tennis","17":"product_cat-volleyball","18":"pa_geschikt-voor-sportbrillen-fuer-kinder","19":"pa_kleur-montuur-blau","20":"pa_kleur-montuur-grau","21":"pa_kleur-montuur-lila","22":"pa_kleur-montuur-rot","23":"pa_kleur-montuur-schwarz","24":"pa_maat-montuur-kinder-6-10-jahre","25":"pa_maat-montuur-kinder-von-8-12-jahren","26":"pa_soort-bril-op-sterkte-geeignet-fuer-hohe-staerken","27":"pa_soort-bril-op-sterkte-mit-sehstaerke","28":"pa_soort-bril-op-sterkte-ohne-sehstaerke","30":"first","31":"instock","32":"shipping-taxable","33":"purchasable","34":"product-type-variable"},"_links":{"self":[{"href":"https:\/\/specialspex.artitex.dev\/de\/wp-json\/wp\/v2\/product\/75543","targetHints":{"allow":["GET"]}}],"collection":[{"href":"https:\/\/specialspex.artitex.dev\/de\/wp-json\/wp\/v2\/product"}],"about":[{"href":"https:\/\/specialspex.artitex.dev\/de\/wp-json\/wp\/v2\/types\/product"}],"wp:featuredmedia":[{"embeddable":true,"href":"https:\/\/specialspex.artitex.dev\/de\/wp-json\/wp\/v2\/media\/60862"}],"wp:attachment":[{"href":"https:\/\/specialspex.artitex.dev\/de\/wp-json\/wp\/v2\/media?parent=75543"}],"wp:term":[{"taxonomy":"product_brand","embeddable":true,"href":"https:\/\/specialspex.artitex.dev\/de\/wp-json\/wp\/v2\/product_brand?post=75543"},{"taxonomy":"product_cat","embeddable":true,"href":"https:\/\/specialspex.artitex.dev\/de\/wp-json\/wp\/v2\/product_cat?post=75543"},{"taxonomy":"product_tag","embeddable":true,"href":"https:\/\/specialspex.artitex.dev\/de\/wp-json\/wp\/v2\/product_tag?post=75543"}],"curies":[{"name":"wp","href":"https:\/\/api.w.org\/{rel}","templated":true}]}}