{"id":75616,"date":"2025-12-03T15:42:04","date_gmt":"2025-12-03T14:42:04","guid":{"rendered":"https:\/\/specialspex.artitex.dev\/product\/m-framestrike\/"},"modified":"2025-12-03T15:42:04","modified_gmt":"2025-12-03T14:42:04","slug":"m-framestrike","status":"publish","type":"product","link":"https:\/\/specialspex.artitex.dev\/de\/sportbrille\/schiessbrille\/airsoft\/oakley-m-framestrike\/","title":{"rendered":"M Frame\u00aeStrike"},"content":{"rendered":"<p data-start=\"249\" data-end=\"639\">Die Oakley M Frame Strike ist ein ballistisches Hochleistungsmodell, das strenge Sicherheits- und Schutzstandards erf\u00fcllt. Diese Brille wird h\u00e4ufig in taktischen Umgebungen, beim Schie\u00dfsport und in Situationen eingesetzt, in denen maximaler Augenschutz unerl\u00e4sslich ist. Die gro\u00dfe, gew\u00f6lbte Strike-Scheibe bietet ein weites Sichtfeld und vollen Schutz vor St\u00f6\u00dfen, umherfliegenden Tr\u00fcmmern, Sonne und Wind.  <\/p>\n<p data-start=\"641\" data-end=\"1013\">Das Halbrahmen-Design erm\u00f6glicht eine ungehinderte Sicht nach unten, was ideal f\u00fcr Pr\u00e4zisionsarbeit und dynamische Bewegungen ist. Der Rahmen ist aus ultraleichtem und strapazierf\u00e4higem O Matter gefertigt, damit die Brille auch bei l\u00e4ngerem Gebrauch bequem sitzt. Dank der Unobtainium-Nasenpads und -Ohrst\u00f6psel bleibt der Rahmen auch bei gro\u00dfer Anstrengung oder Schwei\u00dfbildung fest an seinem Platz.  <\/p>\n<p data-start=\"1015\" data-end=\"1507\">- Ballistischer Linsenschutz f\u00fcr taktische Anwendungen und Schie\u00dfsport<br data-start=\"1088\" data-end=\"1091\">- Gro\u00dfe Strike-Linse f\u00fcr ein weites Sichtfeld und maximale Abdeckung<br data-start=\"1158\" data-end=\"1161\">- Halbrahmen-Design f\u00fcr freie Sicht nach unten bei Pr\u00e4zisionsaktivit\u00e4ten<br data-start=\"1235\" data-end=\"1238\">- Leichter und robuster O Matter-Rahmen<br data-start=\"1281\" data-end=\"1284\">- Nasenpads und Ohrst\u00f6psel aus Unobtainium f\u00fcr festen Halt bei Schwei\u00df<br data-start=\"1352\" data-end=\"1355\">- Geeignet f\u00fcr Schie\u00dfsport, taktischen Einsatz, Industrie und Sicherheitszwecke<br data-start=\"1436\" data-end=\"1439\">- Nicht fest einstellbar<br data-start=\"1467\" data-end=\"1470\">- Schutzh\u00fclle im Lieferumfang<\/p>\n","protected":false},"excerpt":{"rendered":"<p data-start=\"249\" data-end=\"639\">Die Oakley M Frame Strike ist ein ballistisches Hochleistungsmodell, das strenge Sicherheits- und Schutzstandards erf\u00fcllt. Diese Brille wird h\u00e4ufig in taktischen Umgebungen, beim Schie\u00dfsport und in Situationen eingesetzt, in denen maximaler Augenschutz unerl\u00e4sslich ist. Die gro\u00dfe, gew\u00f6lbte Strike-Scheibe bietet ein weites Sichtfeld und vollen Schutz vor St\u00f6\u00dfen, umherfliegenden Tr\u00fcmmern, Sonne und Wind.  <\/p>\n<p data-start=\"641\" data-end=\"1013\">Das Halbrahmen-Design erm\u00f6glicht eine ungehinderte Sicht nach unten, was ideal f\u00fcr Pr\u00e4zisionsarbeit und dynamische Bewegungen ist. Der Rahmen ist aus ultraleichtem und strapazierf\u00e4higem O Matter gefertigt, damit die Brille auch bei l\u00e4ngerem Gebrauch bequem sitzt. Dank der Unobtainium-Nasenpads und -Ohrst\u00f6psel bleibt der Rahmen auch bei gro\u00dfer Anstrengung oder Schwei\u00dfbildung fest an seinem Platz.  <\/p>\n<p data-start=\"1015\" data-end=\"1507\">- Ballistischer Linsenschutz f\u00fcr taktische Anwendungen und Schie\u00dfsport<br data-start=\"1088\" data-end=\"1091\">- Gro\u00dfe Strike-Linse f\u00fcr ein weites Sichtfeld und maximale Abdeckung<br data-start=\"1158\" data-end=\"1161\">- Halbrand-Design f\u00fcr freie Sicht nach unten bei Pr\u00e4zisionsaktivit\u00e4ten<br data-start=\"1235\" data-end=\"1238\">- Leichter und robuster O Matter-Rahmen<br data-start=\"1281\" data-end=\"1284\">- Nasenpads und Ohrst\u00f6psel aus Unobtainium f\u00fcr festen Halt beim Schwitzen<br data-start=\"1352\" data-end=\"1355\">- Geeignet f\u00fcr Schie\u00dfsport, taktischen Einsatz, Industrie und Sicherheitszwecke<br data-start=\"1436\" data-end=\"1439\">- Nicht fest einstellbar<br data-start=\"1467\" data-end=\"1470\">- Inklusive sch\u00fctzendem Aufbewahrungsetui<\/p>\n","protected":false},"featured_media":71397,"template":"","meta":[],"product_brand":[806],"product_cat":[584,710,709,628],"product_tag":[],"class_list":{"0":"post-75616","1":"product","2":"type-product","3":"status-publish","4":"has-post-thumbnail","6":"product_brand-oakley","7":"product_cat-sportbrille","8":"product_cat-airsoft","9":"product_cat-schiessbrille","10":"product_cat-sicherheit","11":"pa_geschikt-voor-manner","12":"pa_kleur-montuur-schwarz","13":"pa_maat-montuur-extra-gros","14":"pa_soort-bril-op-sterkte-ohne-sehstaerke","16":"first","17":"instock","18":"sale","19":"shipping-taxable","20":"purchasable","21":"product-type-simple"},"_links":{"self":[{"href":"https:\/\/specialspex.artitex.dev\/de\/wp-json\/wp\/v2\/product\/75616","targetHints":{"allow":["GET"]}}],"collection":[{"href":"https:\/\/specialspex.artitex.dev\/de\/wp-json\/wp\/v2\/product"}],"about":[{"href":"https:\/\/specialspex.artitex.dev\/de\/wp-json\/wp\/v2\/types\/product"}],"wp:featuredmedia":[{"embeddable":true,"href":"https:\/\/specialspex.artitex.dev\/de\/wp-json\/wp\/v2\/media\/71397"}],"wp:attachment":[{"href":"https:\/\/specialspex.artitex.dev\/de\/wp-json\/wp\/v2\/media?parent=75616"}],"wp:term":[{"taxonomy":"product_brand","embeddable":true,"href":"https:\/\/specialspex.artitex.dev\/de\/wp-json\/wp\/v2\/product_brand?post=75616"},{"taxonomy":"product_cat","embeddable":true,"href":"https:\/\/specialspex.artitex.dev\/de\/wp-json\/wp\/v2\/product_cat?post=75616"},{"taxonomy":"product_tag","embeddable":true,"href":"https:\/\/specialspex.artitex.dev\/de\/wp-json\/wp\/v2\/product_tag?post=75616"}],"curies":[{"name":"wp","href":"https:\/\/api.w.org\/{rel}","templated":true}]}}