{"id":75617,"date":"2025-12-03T20:02:29","date_gmt":"2025-12-03T19:02:29","guid":{"rendered":"https:\/\/specialspex.artitex.dev\/product\/shield\/"},"modified":"2026-04-18T12:08:02","modified_gmt":"2026-04-18T10:08:02","slug":"shield","status":"publish","type":"product","link":"https:\/\/specialspex.artitex.dev\/de\/sportbrille\/bergsteigerbrille\/julbo-shield\/","title":{"rendered":"Shield"},"content":{"rendered":"<p data-start=\"57\" data-end=\"390\">Die Julbo SHIELD ist eine vielseitige All-Terrain-Goggle, die Stil und Technologie vereint. Das rechteckige Design, die weichen, abnehmbaren Aufs\u00e4tze und die Air Flow-Bel\u00fcftung sorgen f\u00fcr Komfort und Schutz auf jedem Terrain. Dank der Grip Nose und der rutschfesten F\u00fc\u00dfe bleibt die Brille auch bei intensiven Aktivit\u00e4ten fest an ihrem Platz.  <\/p>\n<p data-start=\"392\" data-end=\"711\"><br data-start=\"419\" data-end=\"422\">- Abnehmbare weiche Schildaufs\u00e4tze f\u00fcr zus\u00e4tzlichen Komfort und Schutz<br data-start=\"493\" data-end=\"496\">- Air Flow-Bel\u00fcftung f\u00fcr optimale Luftzirkulation<br data-start=\"547\" data-end=\"550\">- Grip Nose und rutschfeste F\u00fc\u00dfe f\u00fcr festen Halt<br data-start=\"598\" data-end=\"601\">- Elegantes rechteckiges Design mit technischer Leistung<br data-start=\"655\" data-end=\"658\">- Ideal f\u00fcr den Cross-Mountain- und All-Terrain-Einsatz<\/p>\n<p>&nbsp;<\/p>\n","protected":false},"excerpt":{"rendered":"<p data-start=\"57\" data-end=\"390\">Die Julbo SHIELD ist eine vielseitige All-Terrain-Goggle, die Stil und Technologie vereint. Das rechteckige Design, die weichen, abnehmbaren Aufs\u00e4tze und die Air Flow-Bel\u00fcftung sorgen f\u00fcr Komfort und Schutz auf jedem Terrain. Dank der Grip Nose und der rutschfesten F\u00fc\u00dfe bleibt die Brille auch bei intensiven Aktivit\u00e4ten fest an ihrem Platz.  <\/p>\n<p data-start=\"392\" data-end=\"711\"><br data-start=\"419\" data-end=\"422\">- Abnehmbare weiche Schildaufs\u00e4tze f\u00fcr zus\u00e4tzlichen Komfort und Schutz<br data-start=\"493\" data-end=\"496\">- Air Flow-Bel\u00fcftung f\u00fcr optimale Luftzirkulation<br data-start=\"547\" data-end=\"550\">- Grip Nose und rutschfeste F\u00fc\u00dfe f\u00fcr festen Halt<br data-start=\"598\" data-end=\"601\">- Elegantes rechteckiges Design mit technischer Leistung<br data-start=\"655\" data-end=\"658\">- Ideal f\u00fcr den Cross-Mountain- und All-Terrain-Einsatz<\/p>\n","protected":false},"featured_media":71527,"template":"","meta":[],"product_brand":[790],"product_cat":[658,699,638,561,661],"product_tag":[],"class_list":{"0":"post-75617","1":"product","2":"type-product","3":"status-publish","4":"has-post-thumbnail","6":"product_brand-julbo","7":"product_cat-bergsteigerbrille","8":"product_cat-gletscher","9":"product_cat-mountainbiking","10":"product_cat-radfahren","11":"product_cat-wandern","12":"pa_geschikt-voor-frauen","13":"pa_geschikt-voor-manner","14":"pa_kleur-montuur-blau","15":"pa_kleur-montuur-grun","16":"pa_kleur-montuur-schwarz","17":"pa_maat-montuur-gross","18":"pa_maat-montuur-medium","19":"pa_soort-bril-op-sterkte-mit-sehstaerke","20":"pa_soort-bril-op-sterkte-ohne-sehstaerke","22":"first","23":"instock","24":"shipping-taxable","25":"purchasable","26":"product-type-variable"},"_links":{"self":[{"href":"https:\/\/specialspex.artitex.dev\/de\/wp-json\/wp\/v2\/product\/75617","targetHints":{"allow":["GET"]}}],"collection":[{"href":"https:\/\/specialspex.artitex.dev\/de\/wp-json\/wp\/v2\/product"}],"about":[{"href":"https:\/\/specialspex.artitex.dev\/de\/wp-json\/wp\/v2\/types\/product"}],"wp:featuredmedia":[{"embeddable":true,"href":"https:\/\/specialspex.artitex.dev\/de\/wp-json\/wp\/v2\/media\/71527"}],"wp:attachment":[{"href":"https:\/\/specialspex.artitex.dev\/de\/wp-json\/wp\/v2\/media?parent=75617"}],"wp:term":[{"taxonomy":"product_brand","embeddable":true,"href":"https:\/\/specialspex.artitex.dev\/de\/wp-json\/wp\/v2\/product_brand?post=75617"},{"taxonomy":"product_cat","embeddable":true,"href":"https:\/\/specialspex.artitex.dev\/de\/wp-json\/wp\/v2\/product_cat?post=75617"},{"taxonomy":"product_tag","embeddable":true,"href":"https:\/\/specialspex.artitex.dev\/de\/wp-json\/wp\/v2\/product_tag?post=75617"}],"curies":[{"name":"wp","href":"https:\/\/api.w.org\/{rel}","templated":true}]}}