{"id":75645,"date":"2025-12-03T14:48:35","date_gmt":"2025-12-03T13:48:35","guid":{"rendered":"https:\/\/specialspex.artitex.dev\/product\/wire-tap-2-0\/"},"modified":"2025-12-03T14:48:35","modified_gmt":"2025-12-03T13:48:35","slug":"wire-tap-2-0","status":"publish","type":"product","link":"https:\/\/specialspex.artitex.dev\/de\/motorradbrille\/oakley-wire-tap-2-0\/","title":{"rendered":"Wire Tap 2.0"},"content":{"rendered":"<p data-start=\"198\" data-end=\"640\">Die Oakley Wire Tap 2.0 ist eine robuste, metallene Motorradbrille, die maximale Stabilit\u00e4t und Schutz mit einem modernen, technischen Look kombiniert. Der Rahmen ist von der industriellen Geometrie inspiriert und aus einem leichten, aber robusten Aluminium-Metall-Gemisch gefertigt. Dank ihrer hohen Wickelkurve bietet die Wire Tap 2.0 eine nat\u00fcrliche, gesichtsnahe Passform, die zus\u00e4tzlichen Schutz vor Wind, Fahrtwind und Staub bietet - ideal f\u00fcr Motorradfahrer.  <\/p>\n<p data-start=\"642\" data-end=\"911\">Die Unobtainium-Ohrst\u00f6psel und -Nasenpads sorgen f\u00fcr zus\u00e4tzlichen Halt, wenn du dich bewegst oder schwitzt, und halten die Brille bei h\u00f6heren Geschwindigkeiten oder l\u00e4ngeren Fahrten fest an ihrem Platz. Die Wire Tap 2.0 wurde f\u00fcr alle entwickelt, die auch unterwegs klare Sicht, Stabilit\u00e4t und Style kombinieren wollen. <\/p>\n<p data-start=\"913\" data-end=\"1418\">- High-Wrap-Rahmenform, die das Gesicht eng umschlie\u00dft und zus\u00e4tzlichen Windschutz bietet<br data-start=\"996\" data-end=\"999\">- Leichter, stabiler Metallrahmen f\u00fcr Stabilit\u00e4t unter dem Helm<br data-start=\"1067\" data-end=\"1070\">- Unobtainium-Ohrst\u00f6psel und -Nasenpads f\u00fcr festen Halt, auch wenn du schwitzt<br data-start=\"1143\" data-end=\"1146\">- Hervorragend geeignet als Motorradbrille dank der Kurve, des Schutzes und der Stabilit\u00e4t<br data-start=\"1226\" data-end=\"1229\">- Erh\u00e4ltlich mit Prizm-Gl\u00e4sern f\u00fcr bessere Kontrast- und Detailsicht<br data-start=\"1295\" data-end=\"1298\">- Sowohl mit Specialspex-Gl\u00e4sern als auch mit Original-Oakley-Gl\u00e4sern erh\u00e4ltlich<br data-start=\"1378\" data-end=\"1381\">- Inklusive sch\u00fctzendem Aufbewahrungsetui<\/p>\n","protected":false},"excerpt":{"rendered":"<p data-start=\"198\" data-end=\"640\">Die Oakley Wire Tap 2.0 ist eine robuste, metallene Motorradbrille, die maximale Stabilit\u00e4t und Schutz mit einem modernen, technischen Look kombiniert. Der Rahmen ist von der industriellen Geometrie inspiriert und aus einem leichten, aber robusten Aluminium-Metall-Gemisch gefertigt. Dank der hohen Wickelkurve bietet die Wire Tap 2.0 eine nat\u00fcrliche, gesichtsnahe Passform, die zus\u00e4tzlichen Schutz vor Wind, Fahrtwind und Staub bietet - ideal f\u00fcr Motorradfahrer.  <\/p>\n<p data-start=\"642\" data-end=\"911\">Die Unobtainium-Ohrst\u00f6psel und -Nasenpads sorgen f\u00fcr zus\u00e4tzlichen Halt, wenn du dich bewegst oder schwitzt, und halten die Brille bei h\u00f6heren Geschwindigkeiten oder l\u00e4ngeren Fahrten fest an ihrem Platz. Die Wire Tap 2.0 wurde f\u00fcr alle entwickelt, die auch unterwegs klare Sicht, Stabilit\u00e4t und Stil kombinieren wollen. <\/p>\n<p data-start=\"913\" data-end=\"1418\">- High-Wrap-Rahmenform, die das Gesicht eng umschlie\u00dft und zus\u00e4tzlichen Windschutz bietet<br data-start=\"996\" data-end=\"999\">- Leichter, stabiler Metallrahmen f\u00fcr Stabilit\u00e4t unter dem Helm<br data-start=\"1067\" data-end=\"1070\">- Unobtainium-Ohrst\u00f6psel und -Nasenpads f\u00fcr festen Halt, auch wenn du schwitzt<br data-start=\"1143\" data-end=\"1146\">- Hervorragend geeignet als Motorradbrille dank der Kurve, des Schutzes und der Stabilit\u00e4t<br data-start=\"1226\" data-end=\"1229\">- Erh\u00e4ltlich mit Prizm-Gl\u00e4sern f\u00fcr bessere Kontrast- und Detailsicht<br data-start=\"1295\" data-end=\"1298\">- Sowohl mit Specialspex-Gl\u00e4sern als auch mit Original-Oakley-Gl\u00e4sern erh\u00e4ltlich<br data-start=\"1378\" data-end=\"1381\">- Inklusive sch\u00fctzendem Aufbewahrungsetui<\/p>\n","protected":false},"featured_media":63781,"template":"","meta":[],"product_brand":[806],"product_cat":[659,666],"product_tag":[],"class_list":{"0":"post-75645","1":"product","2":"type-product","3":"status-publish","4":"has-post-thumbnail","6":"product_brand-oakley","7":"product_cat-motorradbrille","8":"product_cat-tourenmotorrad","9":"pa_geschikt-voor-frauen","10":"pa_geschikt-voor-manner","11":"pa_kleur-montuur-schwarz","12":"pa_kleur-montuur-silber","13":"pa_maat-montuur-gross","14":"pa_maat-montuur-medium","15":"pa_soort-bril-op-sterkte-mit-sehstaerke","16":"pa_soort-bril-op-sterkte-ohne-sehstaerke","18":"first","19":"instock","20":"shipping-taxable","21":"purchasable","22":"product-type-variable"},"_links":{"self":[{"href":"https:\/\/specialspex.artitex.dev\/de\/wp-json\/wp\/v2\/product\/75645","targetHints":{"allow":["GET"]}}],"collection":[{"href":"https:\/\/specialspex.artitex.dev\/de\/wp-json\/wp\/v2\/product"}],"about":[{"href":"https:\/\/specialspex.artitex.dev\/de\/wp-json\/wp\/v2\/types\/product"}],"wp:featuredmedia":[{"embeddable":true,"href":"https:\/\/specialspex.artitex.dev\/de\/wp-json\/wp\/v2\/media\/63781"}],"wp:attachment":[{"href":"https:\/\/specialspex.artitex.dev\/de\/wp-json\/wp\/v2\/media?parent=75645"}],"wp:term":[{"taxonomy":"product_brand","embeddable":true,"href":"https:\/\/specialspex.artitex.dev\/de\/wp-json\/wp\/v2\/product_brand?post=75645"},{"taxonomy":"product_cat","embeddable":true,"href":"https:\/\/specialspex.artitex.dev\/de\/wp-json\/wp\/v2\/product_cat?post=75645"},{"taxonomy":"product_tag","embeddable":true,"href":"https:\/\/specialspex.artitex.dev\/de\/wp-json\/wp\/v2\/product_tag?post=75645"}],"curies":[{"name":"wp","href":"https:\/\/api.w.org\/{rel}","templated":true}]}}