{"id":75650,"date":"2025-11-28T10:08:48","date_gmt":"2025-11-28T09:08:48","guid":{"rendered":"https:\/\/specialspex.artitex.dev\/product\/max\/"},"modified":"2025-11-28T10:08:48","modified_gmt":"2025-11-28T09:08:48","slug":"max","status":"publish","type":"product","link":"https:\/\/specialspex.artitex.dev\/de\/sportbrille\/bergsteigerbrille\/specialspex-max\/","title":{"rendered":"Max"},"content":{"rendered":"<p data-start=\"80\" data-end=\"559\">Die Max ist eine gebogene, sportliche Brille, die sich perfekt zum Radfahren und Laufen eignet. Dank ihrer Wrap-around-Form liegt sie eng am Gesicht an und sch\u00fctzt deine Augen vor Wind, Staub und Sonnenlicht. Die randlose Unterseite sorgt f\u00fcr zus\u00e4tzliche Bel\u00fcftung und minimiert das Beschlagen bei intensivem Training. Mit den verstellbaren Nasenpads kannst du die Brille ganz einfach an jede Gesichtsform anpassen, damit sie auch bei hohen Geschwindigkeiten oder schnellen Bewegungen stabil bleibt.   <\/p>\n<p data-start=\"561\" data-end=\"896\">- Gebogenes Wrap-Design, das dicht abschlie\u00dft und optimalen Schutz bietet<br data-start=\"629\" data-end=\"632\">- Randlose Unterseite f\u00fcr bessere Bel\u00fcftung und geringeres Risiko des Beschlagens<br data-start=\"701\" data-end=\"704\">- Verstellbare Nasenpads f\u00fcr einen pers\u00f6nlichen und stabilen Sitz<br data-start=\"771\" data-end=\"774\">- Ideal f\u00fcr Radfahren, Laufen und intensive Outdoor-Aktivit\u00e4ten<br data-start=\"839\" data-end=\"842\" data-is-only-node=\"\">- Leichtes und bequemes Design f\u00fcr lange Trainingseinheiten<\/p>\n<p data-start=\"898\" data-end=\"1140\">Erh\u00e4ltlich als Korrektionsbrille<br data-start=\"917\" data-end=\"920\">Die Max ist voll verschreibungspflichtig mit speziell gebogenen Gl\u00e4sern in der von dir gew\u00e4hlten T\u00f6nung, einschlie\u00dflich Co-T\u00f6nungsoptionen. So kannst du dir eine pers\u00f6nliche Sportbrille zusammenstellen, die perfekt auf deine Sehkraft und deine Bedingungen abgestimmt ist. <\/p>\n","protected":false},"excerpt":{"rendered":"<p data-start=\"80\" data-end=\"559\">Die Max ist eine gebogene, sportliche Brille, die sich perfekt zum Radfahren und Laufen eignet. Dank ihrer Wrap-around-Form liegt sie eng am Gesicht an und sch\u00fctzt deine Augen vor Wind, Staub und Sonnenlicht. Die randlose Unterseite sorgt f\u00fcr zus\u00e4tzliche Bel\u00fcftung und minimiert das Beschlagen bei intensivem Training. Mit den verstellbaren Nasenpads kannst du die Brille ganz einfach an jede Gesichtsform anpassen, damit sie auch bei hohen Geschwindigkeiten oder schnellen Bewegungen stabil bleibt.   <\/p>\n<p data-start=\"561\" data-end=\"896\">- Gebogenes Wrap-Design, das dicht abschlie\u00dft und optimalen Schutz bietet<br data-start=\"629\" data-end=\"632\">- Randlose Unterseite f\u00fcr bessere Bel\u00fcftung und geringeres Risiko des Beschlagens<br data-start=\"701\" data-end=\"704\">- Verstellbare Nasenpads f\u00fcr einen pers\u00f6nlichen und stabilen Sitz<br data-start=\"771\" data-end=\"774\">- Ideal f\u00fcr Radfahren, Laufen und intensive Outdoor-Aktivit\u00e4ten<br data-start=\"839\" data-end=\"842\" data-is-only-node=\"\">- Leichtes und bequemes Design f\u00fcr lange Trainingseinheiten<\/p>\n<p data-start=\"898\" data-end=\"1140\">Erh\u00e4ltlich als Korrektionsbrille<br data-start=\"917\" data-end=\"920\">Die Max ist voll verschreibungspflichtig mit speziell gebogenen Gl\u00e4sern in der von dir gew\u00e4hlten T\u00f6nung, einschlie\u00dflich Co-T\u00f6nungsoptionen. So kannst du dir eine pers\u00f6nliche Sportbrille zusammenstellen, die perfekt auf deine Sehkraft und deine Bedingungen abgestimmt ist. <\/p>\n","protected":false},"featured_media":3673,"template":"","meta":[],"product_brand":[783],"product_cat":[584,658,695,660,639,560,638,591,593,561,559,663,665,588,661],"product_tag":[],"class_list":{"0":"post-75650","1":"product","2":"type-product","3":"status-publish","4":"has-post-thumbnail","6":"product_brand-specialspex","7":"product_cat-sportbrille","8":"product_cat-bergsteigerbrille","9":"product_cat-fisch","10":"product_cat-golfbrille","11":"product_cat-gravelbiker-radfahren","12":"product_cat-laufen","13":"product_cat-mountainbiking","14":"product_cat-padel","15":"product_cat-racket-sportarten","16":"product_cat-radfahren","17":"product_cat-radfahrerbrille","18":"product_cat-segeln","19":"product_cat-skilanglauf","20":"product_cat-tennis","21":"product_cat-wandern","23":"first","24":"instock","25":"shipping-taxable","26":"purchasable","27":"product-type-simple"},"_links":{"self":[{"href":"https:\/\/specialspex.artitex.dev\/de\/wp-json\/wp\/v2\/product\/75650","targetHints":{"allow":["GET"]}}],"collection":[{"href":"https:\/\/specialspex.artitex.dev\/de\/wp-json\/wp\/v2\/product"}],"about":[{"href":"https:\/\/specialspex.artitex.dev\/de\/wp-json\/wp\/v2\/types\/product"}],"wp:featuredmedia":[{"embeddable":true,"href":"https:\/\/specialspex.artitex.dev\/de\/wp-json\/wp\/v2\/media\/3673"}],"wp:attachment":[{"href":"https:\/\/specialspex.artitex.dev\/de\/wp-json\/wp\/v2\/media?parent=75650"}],"wp:term":[{"taxonomy":"product_brand","embeddable":true,"href":"https:\/\/specialspex.artitex.dev\/de\/wp-json\/wp\/v2\/product_brand?post=75650"},{"taxonomy":"product_cat","embeddable":true,"href":"https:\/\/specialspex.artitex.dev\/de\/wp-json\/wp\/v2\/product_cat?post=75650"},{"taxonomy":"product_tag","embeddable":true,"href":"https:\/\/specialspex.artitex.dev\/de\/wp-json\/wp\/v2\/product_tag?post=75650"}],"curies":[{"name":"wp","href":"https:\/\/api.w.org\/{rel}","templated":true}]}}