{"id":75668,"date":"2025-11-28T16:42:02","date_gmt":"2025-11-28T15:42:02","guid":{"rendered":"https:\/\/specialspex.artitex.dev\/product\/flight-deck-l-snow-goggles\/"},"modified":"2025-11-28T16:42:02","modified_gmt":"2025-11-28T15:42:02","slug":"flight-deck-l-snow-goggles","status":"publish","type":"product","link":"https:\/\/specialspex.artitex.dev\/de\/sportbrille\/wintersport\/ski-und-snowboardbrillen\/oakley-flight-deck-l-snow-goggles\/","title":{"rendered":"Flight Deck\u2122 L Snow Goggles"},"content":{"rendered":"<p data-start=\"218\" data-end=\"674\">Die Oakley Flight Deck L ist eine leistungsstarke Ski- und Snowboardbrille, die von den Visieren von Kampfjets inspiriert wurde. Das rahmenlose Design bietet ein maximales Sichtfeld, sodass du einen besseren \u00dcberblick \u00fcber das Gel\u00e4nde hast und schneller auf die Bedingungen auf der Piste reagieren kannst. Dank des hochwertigen Bel\u00fcftungssystems und der doppelten Scheibenkonstruktion wird das Beschlagen auch bei intensiven Abfahrten oder wechselnden Wetterbedingungen effektiv reduziert.  <\/p>\n<p data-start=\"676\" data-end=\"896\">Die weiche Dreifach-Schaumstoffschicht passt sich bequem an das Gesicht an und verhindert das Eindringen von Wind und Schnee. Das breite, helmkompatible Band sorgt f\u00fcr einen stabilen Sitz auf praktisch jedem Ski- oder Snowboardhelm. <\/p>\n<p data-start=\"898\" data-end=\"1363\">- Rahmenloses Design f\u00fcr einen extraweiten Panoramablick<br data-start=\"952\" data-end=\"955\">- Doppelte Scheibenkonstruktion und Bel\u00fcftungskan\u00e4le gegen Kondenswasser<br data-start=\"1022\" data-end=\"1025\">- Komfortable Dreifach-Schaumstoffschicht f\u00fcr eine perfekte Anpassung an das Gesicht<br data-start=\"1101\" data-end=\"1104\">- Helmkompatibles Silikonband f\u00fcr einen stabilen Sitz<br data-start=\"1163\" data-end=\"1166\">- Erh\u00e4ltlich mit Prizm Snow Scheibentechnologie f\u00fcr optimalen Kontrast im Schnee<br data-start=\"1244\" data-end=\"1247\">- Erh\u00e4ltlich mit einem Specialspex Skiclip mit Korrekturgl\u00e4sern<br data-start=\"1323\" data-end=\"1326\">- Inklusive Mikrofaser-Brillenetui<\/p>\n","protected":false},"excerpt":{"rendered":"<p data-start=\"218\" data-end=\"674\">Die Oakley Flight Deck L ist eine leistungsstarke Ski- und Snowboardbrille, die von den Visieren von Kampfjets inspiriert wurde. Das rahmenlose Design bietet ein maximales Sichtfeld, sodass du einen besseren \u00dcberblick \u00fcber das Gel\u00e4nde hast und schneller auf die Bedingungen auf der Piste reagieren kannst. Dank des hochwertigen Bel\u00fcftungssystems und der doppelten Scheibenkonstruktion wird das Beschlagen auch bei intensiven Abfahrten oder wechselnden Wetterbedingungen effektiv reduziert.  <\/p>\n<p data-start=\"676\" data-end=\"896\">Die weiche Dreifach-Schaumstoffschicht passt sich bequem an das Gesicht an und verhindert das Eindringen von Wind und Schnee. Das breite, helmtaugliche Band sorgt f\u00fcr einen stabilen Sitz auf praktisch jedem Ski- oder Snowboardhelm. <\/p>\n<p data-start=\"898\" data-end=\"1363\">- Rahmenloses Design f\u00fcr einen extraweiten Panoramablick<br data-start=\"952\" data-end=\"955\">- Doppelte Scheibenkonstruktion und Bel\u00fcftungskan\u00e4le gegen Kondenswasser<br data-start=\"1022\" data-end=\"1025\">- Komfortable Dreifach-Schaumstoffschicht f\u00fcr eine perfekte Anpassung an das Gesicht<br data-start=\"1101\" data-end=\"1104\">- Helmkompatibles Silikonband f\u00fcr einen stabilen Sitz<br data-start=\"1163\" data-end=\"1166\">- Erh\u00e4ltlich mit Prizm Snow Scheibentechnologie f\u00fcr optimalen Kontrast im Schnee<br data-start=\"1244\" data-end=\"1247\">- Erh\u00e4ltlich mit einem Specialspex Skiclip mit Korrekturgl\u00e4sern<br data-start=\"1323\" data-end=\"1326\">- Inklusive Mikrofaser-Brillenetui<\/p>\n","protected":false},"featured_media":68716,"template":"","meta":[],"product_brand":[806],"product_cat":[584,698,700],"product_tag":[],"class_list":{"0":"post-75668","1":"product","2":"type-product","3":"status-publish","4":"has-post-thumbnail","6":"product_brand-oakley","7":"product_cat-sportbrille","8":"product_cat-ski-und-snowboardbrillen","9":"product_cat-wintersport","10":"pa_geschikt-voor-frauen","11":"pa_geschikt-voor-manner","12":"pa_kleur-montuur-blau","13":"pa_kleur-montuur-grun","14":"pa_kleur-montuur-schwarz-2","15":"pa_kleur-montuur-schwarz-3","16":"pa_kleur-montuur-schwarz","17":"pa_kleur-montuur-weiss","18":"pa_maat-montuur-extra-gros","19":"pa_maat-montuur-gross","20":"pa_soort-bril-op-sterkte-ohne-sehstaerke","21":"pa_soort-bril-op-sterkte-with-prescription-insert","23":"first","24":"instock","25":"shipping-taxable","26":"purchasable","27":"product-type-variable"},"_links":{"self":[{"href":"https:\/\/specialspex.artitex.dev\/de\/wp-json\/wp\/v2\/product\/75668","targetHints":{"allow":["GET"]}}],"collection":[{"href":"https:\/\/specialspex.artitex.dev\/de\/wp-json\/wp\/v2\/product"}],"about":[{"href":"https:\/\/specialspex.artitex.dev\/de\/wp-json\/wp\/v2\/types\/product"}],"wp:featuredmedia":[{"embeddable":true,"href":"https:\/\/specialspex.artitex.dev\/de\/wp-json\/wp\/v2\/media\/68716"}],"wp:attachment":[{"href":"https:\/\/specialspex.artitex.dev\/de\/wp-json\/wp\/v2\/media?parent=75668"}],"wp:term":[{"taxonomy":"product_brand","embeddable":true,"href":"https:\/\/specialspex.artitex.dev\/de\/wp-json\/wp\/v2\/product_brand?post=75668"},{"taxonomy":"product_cat","embeddable":true,"href":"https:\/\/specialspex.artitex.dev\/de\/wp-json\/wp\/v2\/product_cat?post=75668"},{"taxonomy":"product_tag","embeddable":true,"href":"https:\/\/specialspex.artitex.dev\/de\/wp-json\/wp\/v2\/product_tag?post=75668"}],"curies":[{"name":"wp","href":"https:\/\/api.w.org\/{rel}","templated":true}]}}