{"id":75676,"date":"2025-11-28T10:34:27","date_gmt":"2025-11-28T09:34:27","guid":{"rendered":"https:\/\/specialspex.artitex.dev\/product\/bisphaera\/"},"modified":"2025-11-28T10:34:27","modified_gmt":"2025-11-28T09:34:27","slug":"bisphaera","status":"publish","type":"product","link":"https:\/\/specialspex.artitex.dev\/de\/sportbrille\/golfbrille\/oakley-bisphaera\/","title":{"rendered":"BiSphaera\u2122"},"content":{"rendered":"<p data-start=\"220\" data-end=\"807\">Die Oakley BiSphaera ist eine vielseitige Sportsonnenbrille mit modernem Design, die m\u00fchelos zwischen intensiver Leistung und Alltagsgebrauch wechseln kann. Dank der Dual-Lens-Konstruktion genie\u00dft du bei sportlichen Aktivit\u00e4ten eine verbesserte Stabilit\u00e4t, zus\u00e4tzliche Abdeckung und ein weites Sichtfeld. Der leichte O Matter-Rahmen sorgt f\u00fcr langanhaltenden Komfort, w\u00e4hrend die Unobtainium-Nasenpads und -Ohrst\u00f6psel einen festen, rutschfesten Halt bieten, auch wenn du schwitzt. Die BiSphaera wurde f\u00fcr Sportler entwickelt, die eine Brille sowohl f\u00fcr das Training als auch f\u00fcr den Alltag nutzen wollen.   <\/p>\n<p data-start=\"809\" data-end=\"1309\">- Modernes Dual-Lens-Design f\u00fcr Stabilit\u00e4t, Komfort und breite Abdeckung<br data-start=\"878\" data-end=\"881\">- Leichter und strapazierf\u00e4higer O Matter-Rahmen f\u00fcr langanhaltenden Komfort<br data-start=\"952\" data-end=\"955\">- Unobtainium-Nasenpads und -Ohrst\u00f6psel f\u00fcr optimalen, rutschfesten Halt<br data-start=\"1015\" data-end=\"1018\">- Geeignet f\u00fcr Multisport-Anwendungen wie Laufen, Radfahren und Fitness<br data-start=\"1094\" data-end=\"1097\">- Erh\u00e4ltlich mit Prizm-Glas-Technologie f\u00fcr verbesserten Kontrast und Detailsicht<br data-start=\"1175\" data-end=\"1178\">- Erh\u00e4ltlich mit verschreibungspflichtigen Gl\u00e4sern, sowohl mit Specialspex-Gl\u00e4sern als auch mit Original-Oakley-Gl\u00e4sern<br data-start=\"1269\" data-end=\"1272\">- Inklusive Schutzh\u00fclle<\/p>\n","protected":false},"excerpt":{"rendered":"<p data-start=\"220\" data-end=\"807\">Die Oakley BiSphaera ist eine vielseitige Sportsonnenbrille mit modernem Design, die m\u00fchelos zwischen intensiver Leistung und Alltagsgebrauch wechseln kann. Dank der Dual-Lens-Konstruktion genie\u00dft du bei sportlichen Aktivit\u00e4ten eine verbesserte Stabilit\u00e4t, zus\u00e4tzliche Abdeckung und ein weites Sichtfeld. Der leichte O Matter-Rahmen sorgt f\u00fcr langanhaltenden Komfort, w\u00e4hrend die Unobtainium-Nasenpads und -Ohrst\u00f6psel einen festen, rutschfesten Halt bieten, auch wenn du schwitzt. Die BiSphaera wurde f\u00fcr Sportler entwickelt, die eine Brille sowohl f\u00fcr das Training als auch f\u00fcr den Alltag nutzen wollen.   <\/p>\n<p data-start=\"809\" data-end=\"1309\">- Modernes Dual-Lens-Design f\u00fcr Stabilit\u00e4t, Komfort und breite Abdeckung<br data-start=\"878\" data-end=\"881\">- Leichter und strapazierf\u00e4higer O Matter-Rahmen f\u00fcr langanhaltenden Komfort<br data-start=\"952\" data-end=\"955\">- Unobtainium-Nasenpads und -Ohrst\u00f6psel f\u00fcr optimalen, rutschfesten Halt<br data-start=\"1015\" data-end=\"1018\">- Geeignet f\u00fcr Multisport-Anwendungen wie Laufen, Radfahren und Fitness<br data-start=\"1094\" data-end=\"1097\">- Erh\u00e4ltlich mit Prizm-Glas-Technologie f\u00fcr verbesserten Kontrast und Detailsicht<br data-start=\"1175\" data-end=\"1178\">- Erh\u00e4ltlich mit verschreibungspflichtigen Gl\u00e4sern, sowohl mit Specialspex-Gl\u00e4sern als auch mit Original-Oakley-Gl\u00e4sern<br data-start=\"1269\" data-end=\"1272\">- Inklusive Schutzh\u00fclle<\/p>\n","protected":false},"featured_media":67793,"template":"","meta":[],"product_brand":[806],"product_cat":[584,660,560,559,662],"product_tag":[],"class_list":{"0":"post-75676","1":"product","2":"type-product","3":"status-publish","4":"has-post-thumbnail","6":"product_brand-oakley","7":"product_cat-sportbrille","8":"product_cat-golfbrille","9":"product_cat-laufen","10":"product_cat-radfahrerbrille","11":"product_cat-trailrunning","12":"pa_geschikt-voor-frauen","13":"pa_geschikt-voor-manner","14":"pa_kleur-montuur-grau","15":"pa_kleur-montuur-schwarz","16":"pa_kleur-montuur-weiss","17":"pa_soort-bril-op-sterkte-mit-sehstaerke","18":"pa_soort-bril-op-sterkte-ohne-sehstaerke","20":"first","21":"instock","22":"sale","23":"shipping-taxable","24":"purchasable","25":"product-type-variable"},"_links":{"self":[{"href":"https:\/\/specialspex.artitex.dev\/de\/wp-json\/wp\/v2\/product\/75676","targetHints":{"allow":["GET"]}}],"collection":[{"href":"https:\/\/specialspex.artitex.dev\/de\/wp-json\/wp\/v2\/product"}],"about":[{"href":"https:\/\/specialspex.artitex.dev\/de\/wp-json\/wp\/v2\/types\/product"}],"wp:featuredmedia":[{"embeddable":true,"href":"https:\/\/specialspex.artitex.dev\/de\/wp-json\/wp\/v2\/media\/67793"}],"wp:attachment":[{"href":"https:\/\/specialspex.artitex.dev\/de\/wp-json\/wp\/v2\/media?parent=75676"}],"wp:term":[{"taxonomy":"product_brand","embeddable":true,"href":"https:\/\/specialspex.artitex.dev\/de\/wp-json\/wp\/v2\/product_brand?post=75676"},{"taxonomy":"product_cat","embeddable":true,"href":"https:\/\/specialspex.artitex.dev\/de\/wp-json\/wp\/v2\/product_cat?post=75676"},{"taxonomy":"product_tag","embeddable":true,"href":"https:\/\/specialspex.artitex.dev\/de\/wp-json\/wp\/v2\/product_tag?post=75676"}],"curies":[{"name":"wp","href":"https:\/\/api.w.org\/{rel}","templated":true}]}}