{"id":75678,"date":"2025-11-27T18:02:07","date_gmt":"2025-11-27T17:02:07","guid":{"rendered":"https:\/\/specialspex.artitex.dev\/product\/volz\/"},"modified":"2025-11-27T18:02:07","modified_gmt":"2025-11-27T17:02:07","slug":"volz","status":"publish","type":"product","link":"https:\/\/specialspex.artitex.dev\/de\/sportbrille\/golfbrille\/specialspex-volz\/","title":{"rendered":"Volz"},"content":{"rendered":"<p>Voltz, eine Kombination aus modischer und sportlicher Passform. Mit der Kurve des Rahmens und den speziellen Griffpads an den Beinen hat sie den perfekten Sitz und bleibt beim Sport fest auf dem Gesicht. <\/p>\n<p>Standardm\u00e4\u00dfig mit grauen Polycarbonat-Gl\u00e4sern<\/p>\n<p>Diese Sportbrille kann mit speziell gebogenen Gl\u00e4sern in der von dir gew\u00e4hlten Farbt\u00f6nung oder sogar mit selbstt\u00f6nenden Gl\u00e4sern verschrieben werden<\/p>\n","protected":false},"excerpt":{"rendered":"<p>Voltz, eine Kombination aus modischer und sportlicher Passform. Mit der Kurve des Rahmens und den speziellen Griffpads an den Beinen hat sie den perfekten Sitz und bleibt beim Sport fest auf dem Gesicht. Standardm\u00e4\u00dfig mit grauen Polycarbonat-Gl\u00e4sern Diese Sportbrille kann mit speziell gebogenen Gl\u00e4sern in der von dir gew\u00e4hlten Farbt\u00f6nung oder sogar mit selbstt\u00f6nenden Gl\u00e4sern &hellip; <a href=\"https:\/\/specialspex.artitex.dev\/de\/sportbrille\/golfbrille\/specialspex-volz\/\">Fortsetzung<\/a><\/p>\n","protected":false},"featured_media":48754,"template":"","meta":[],"product_brand":[783],"product_cat":[666,660,560,559,584],"product_tag":[],"class_list":{"0":"post-75678","1":"product","2":"type-product","3":"status-publish","4":"has-post-thumbnail","6":"product_brand-specialspex","7":"product_cat-tourenmotorrad","8":"product_cat-golfbrille","9":"product_cat-laufen","10":"product_cat-radfahrerbrille","11":"product_cat-sportbrille","12":"pa_geschikt-voor-manner","13":"pa_kleur-montuur-blau","14":"pa_maat-montuur-extra-gros","15":"pa_maat-montuur-gross","16":"pa_soort-bril-op-sterkte-mit-sehstaerke","17":"pa_soort-bril-op-sterkte-ohne-sehstaerke","19":"first","20":"instock","21":"shipping-taxable","22":"purchasable","23":"product-type-simple"},"_links":{"self":[{"href":"https:\/\/specialspex.artitex.dev\/de\/wp-json\/wp\/v2\/product\/75678","targetHints":{"allow":["GET"]}}],"collection":[{"href":"https:\/\/specialspex.artitex.dev\/de\/wp-json\/wp\/v2\/product"}],"about":[{"href":"https:\/\/specialspex.artitex.dev\/de\/wp-json\/wp\/v2\/types\/product"}],"wp:featuredmedia":[{"embeddable":true,"href":"https:\/\/specialspex.artitex.dev\/de\/wp-json\/wp\/v2\/media\/48754"}],"wp:attachment":[{"href":"https:\/\/specialspex.artitex.dev\/de\/wp-json\/wp\/v2\/media?parent=75678"}],"wp:term":[{"taxonomy":"product_brand","embeddable":true,"href":"https:\/\/specialspex.artitex.dev\/de\/wp-json\/wp\/v2\/product_brand?post=75678"},{"taxonomy":"product_cat","embeddable":true,"href":"https:\/\/specialspex.artitex.dev\/de\/wp-json\/wp\/v2\/product_cat?post=75678"},{"taxonomy":"product_tag","embeddable":true,"href":"https:\/\/specialspex.artitex.dev\/de\/wp-json\/wp\/v2\/product_tag?post=75678"}],"curies":[{"name":"wp","href":"https:\/\/api.w.org\/{rel}","templated":true}]}}