{"id":75682,"date":"2025-11-27T17:30:07","date_gmt":"2025-11-27T16:30:07","guid":{"rendered":"https:\/\/specialspex.artitex.dev\/product\/bahia\/"},"modified":"2025-11-27T17:30:07","modified_gmt":"2025-11-27T16:30:07","slug":"bahia","status":"publish","type":"product","link":"https:\/\/specialspex.artitex.dev\/de\/sport-laessig\/julbo-bahia\/","title":{"rendered":"Bahia"},"content":{"rendered":"<p data-start=\"138\" data-end=\"493\">Die Bahia strahlt den Outdoor-Geist aus, der Julbo seit 1888 antreibt. Der gro\u00dfe, rechteckige Rahmen aus hochwertigem Acetat verbindet Komfort mit Stil, w\u00e4hrend die flexiblen Metallb\u00fcgel mit zweifarbigen Enden f\u00fcr einen sportlichen und maskulinen Look sorgen. Ein einfach zu tragendes Modell, das sowohl leger als auch aktiv getragen werden kann.  <\/p>\n<p data-start=\"495\" data-end=\"750\" data-is-last-node=\"\" data-is-only-node=\"\">- Hochwertiger Acetat-Rahmen<br data-start=\"524\" data-end=\"527\">- Flexible Metallbeine mit zweifarbigen Enden<br data-start=\"581\" data-end=\"584\">- Metall-Endst\u00fccke f\u00fcr St\u00e4rke und Design<br data-start=\"631\" data-end=\"634\">- Bequem und leicht<br data-start=\"663\" data-end=\"666\">- Sportlicher Look<br data-start=\"703\" data-end=\"706\">- Geeignet f\u00fcr den Alltag und den Au\u00dfeneinsatz<\/p>\n","protected":false},"excerpt":{"rendered":"<p data-start=\"138\" data-end=\"493\">Die Bahia strahlt den Outdoor-Geist aus, der Julbo seit 1888 antreibt. Der gro\u00dfe, rechteckige Rahmen aus hochwertigem Acetat verbindet Komfort mit Stil, w\u00e4hrend die flexiblen Metallb\u00fcgel mit zweifarbigen Enden f\u00fcr einen sportlichen und maskulinen Look sorgen. Ein einfach zu tragendes Modell, das sowohl leger als auch aktiv getragen werden kann.  <\/p>\n<p data-start=\"495\" data-end=\"750\" data-is-last-node=\"\" data-is-only-node=\"\">- Hochwertiger Acetat-Rahmen<br data-start=\"524\" data-end=\"527\">- Flexible Metallbeine mit zweifarbigen Enden<br data-start=\"581\" data-end=\"584\">- Metall-Endst\u00fccke f\u00fcr St\u00e4rke und Design<br data-start=\"631\" data-end=\"634\">- Bequem und leicht<br data-start=\"663\" data-end=\"666\">- Sportlicher Look<br data-start=\"703\" data-end=\"706\">- Geeignet f\u00fcr den Alltag und den Au\u00dfeneinsatz<\/p>\n","protected":false},"featured_media":67720,"template":"","meta":[],"product_brand":[790],"product_cat":[696],"product_tag":[],"class_list":{"0":"post-75682","1":"product","2":"type-product","3":"status-publish","4":"has-post-thumbnail","6":"product_brand-julbo","7":"product_cat-sport-laessig","8":"pa_geschikt-voor-sportbrillen-fuer-kinder","9":"pa_kleur-montuur-grau","10":"pa_soort-bril-op-sterkte-mit-sehstaerke","12":"first","13":"instock","14":"shipping-taxable","15":"purchasable","16":"product-type-simple"},"_links":{"self":[{"href":"https:\/\/specialspex.artitex.dev\/de\/wp-json\/wp\/v2\/product\/75682","targetHints":{"allow":["GET"]}}],"collection":[{"href":"https:\/\/specialspex.artitex.dev\/de\/wp-json\/wp\/v2\/product"}],"about":[{"href":"https:\/\/specialspex.artitex.dev\/de\/wp-json\/wp\/v2\/types\/product"}],"wp:featuredmedia":[{"embeddable":true,"href":"https:\/\/specialspex.artitex.dev\/de\/wp-json\/wp\/v2\/media\/67720"}],"wp:attachment":[{"href":"https:\/\/specialspex.artitex.dev\/de\/wp-json\/wp\/v2\/media?parent=75682"}],"wp:term":[{"taxonomy":"product_brand","embeddable":true,"href":"https:\/\/specialspex.artitex.dev\/de\/wp-json\/wp\/v2\/product_brand?post=75682"},{"taxonomy":"product_cat","embeddable":true,"href":"https:\/\/specialspex.artitex.dev\/de\/wp-json\/wp\/v2\/product_cat?post=75682"},{"taxonomy":"product_tag","embeddable":true,"href":"https:\/\/specialspex.artitex.dev\/de\/wp-json\/wp\/v2\/product_tag?post=75682"}],"curies":[{"name":"wp","href":"https:\/\/api.w.org\/{rel}","templated":true}]}}