{"id":75684,"date":"2025-11-27T18:26:59","date_gmt":"2025-11-27T17:26:59","guid":{"rendered":"https:\/\/specialspex.artitex.dev\/product\/fosbury\/"},"modified":"2025-11-27T18:26:59","modified_gmt":"2025-11-27T17:26:59","slug":"fosbury","status":"publish","type":"product","link":"https:\/\/specialspex.artitex.dev\/de\/sportbrille\/golfbrille\/specialspex-fosbury\/","title":{"rendered":"Fosbury"},"content":{"rendered":"<p>Die Fosbury zeichnet sich durch ihre breite Nase und die durchgehende Kurve aus. Durch die breite Gr\u00f6\u00dfe eignet sie sich sehr gut f\u00fcr etwas gr\u00f6\u00dfere Gesichtsformen und ist mit einer weichen Nasenst\u00fctze ausgestattet, die f\u00fcr einen bequemen Sitz und einen guten Halt sorgt, auch wenn du schwitzt. <\/p>\n<p>Gerade Beine mit Federsystem machen es einfach, sie unter dem Helm zu platzieren. Entwickelt mit einem sehr guten Preis-Leistungs-Verh\u00e4ltnis <\/p>\n<p>Diese Sportbrille kann mit speziell gebogenen Gl\u00e4sern in der von dir gew\u00e4hlten Farbt\u00f6nung oder sogar mit selbstt\u00f6nenden Gl\u00e4sern verschrieben werden<\/p>\n","protected":false},"excerpt":{"rendered":"<p>Die Fosbury zeichnet sich durch ihre breite Nase und die durchgehende Kurve aus. Durch die breite Gr\u00f6\u00dfe eignet sie sich sehr gut f\u00fcr etwas gr\u00f6\u00dfere Gesichtsformen und ist mit einer weichen Nasenst\u00fctze ausgestattet, die f\u00fcr einen bequemen Sitz und einen guten Halt sorgt, auch wenn du schwitzt. <\/p>\n<p>Gerade Beine mit Federsystem machen es einfach, sie unter dem Helm zu platzieren. Entwickelt mit einem sehr guten Preis-Leistungs-Verh\u00e4ltnis <\/p>\n<p>Diese Sportbrille kann mit speziell gebogenen Gl\u00e4sern in der von dir gew\u00e4hlten Farbt\u00f6nung oder sogar mit selbstt\u00f6nenden Gl\u00e4sern verschrieben werden<\/p>\n","protected":false},"featured_media":3621,"template":"","meta":[],"product_brand":[783],"product_cat":[659,660,663,584,666],"product_tag":[],"class_list":{"0":"post-75684","1":"product","2":"type-product","3":"status-publish","4":"has-post-thumbnail","6":"product_brand-specialspex","7":"product_cat-motorradbrille","8":"product_cat-golfbrille","9":"product_cat-segeln","10":"product_cat-sportbrille","11":"product_cat-tourenmotorrad","12":"pa_geschikt-voor-manner","13":"pa_kleur-montuur-schwarz","14":"pa_maat-montuur-gross","15":"pa_soort-bril-op-sterkte-mit-sehstaerke","16":"pa_soort-bril-op-sterkte-ohne-sehstaerke","18":"first","19":"instock","20":"shipping-taxable","21":"purchasable","22":"product-type-simple"},"_links":{"self":[{"href":"https:\/\/specialspex.artitex.dev\/de\/wp-json\/wp\/v2\/product\/75684","targetHints":{"allow":["GET"]}}],"collection":[{"href":"https:\/\/specialspex.artitex.dev\/de\/wp-json\/wp\/v2\/product"}],"about":[{"href":"https:\/\/specialspex.artitex.dev\/de\/wp-json\/wp\/v2\/types\/product"}],"wp:featuredmedia":[{"embeddable":true,"href":"https:\/\/specialspex.artitex.dev\/de\/wp-json\/wp\/v2\/media\/3621"}],"wp:attachment":[{"href":"https:\/\/specialspex.artitex.dev\/de\/wp-json\/wp\/v2\/media?parent=75684"}],"wp:term":[{"taxonomy":"product_brand","embeddable":true,"href":"https:\/\/specialspex.artitex.dev\/de\/wp-json\/wp\/v2\/product_brand?post=75684"},{"taxonomy":"product_cat","embeddable":true,"href":"https:\/\/specialspex.artitex.dev\/de\/wp-json\/wp\/v2\/product_cat?post=75684"},{"taxonomy":"product_tag","embeddable":true,"href":"https:\/\/specialspex.artitex.dev\/de\/wp-json\/wp\/v2\/product_tag?post=75684"}],"curies":[{"name":"wp","href":"https:\/\/api.w.org\/{rel}","templated":true}]}}