{"id":75692,"date":"2025-11-27T10:38:14","date_gmt":"2025-11-27T09:38:14","guid":{"rendered":"https:\/\/specialspex.artitex.dev\/product\/maluhia\/"},"modified":"2025-11-27T10:38:14","modified_gmt":"2025-11-27T09:38:14","slug":"maluhia","status":"publish","type":"product","link":"https:\/\/specialspex.artitex.dev\/de\/sportbrille\/golfbrille\/maui-jim-maluhia\/","title":{"rendered":"Maluhia"},"content":{"rendered":"<p data-start=\"42\" data-end=\"538\">Die Maluhia - hawaiianisch f\u00fcr Ruhe oder Frieden - strahlt genau das aus: einen entspannten, flie\u00dfenden Look kombiniert mit der technischen Klarheit, f\u00fcr die Maui Jim bekannt ist. Die weiche, abgerundete Form verleiht ihr einen femininen, modernen Look, w\u00e4hrend der Rahmen auch an langen Tagen im Freien leicht und bequem bleibt. Mit den PolarizedPlus2-Gl\u00e4sern siehst du alles mit mehr Farbe, mehr Kontrast und ohne Blendung, ideal f\u00fcr Strand, Wasser, den t\u00e4glichen Gebrauch, Autofahrten, auf dem Fahrrad und auf dem Golfplatz.  <\/p>\n<p data-start=\"540\" data-end=\"877\">- Leichter und bequemer Rahmen mit weichen, runden Linien<br data-start=\"595\" data-end=\"598\">- PolarizedPlus2 Linsentechnologie f\u00fcr Farbverst\u00e4rkung, Kontrast und Blendschutz<br data-start=\"670\" data-end=\"673\">- Stabile, bequeme Passform f\u00fcr Alltag, Reisen und Outdoor<br data-start=\"822\" data-end=\"825\">- Geeignet f\u00fcr Cashual, Strand, Wasser, Motorradfahren und Golf<\/p>\n<p data-start=\"879\" data-end=\"1090\">Erh\u00e4ltlich mit verschreibungspflichtigen Gl\u00e4sern<br data-start=\"898\" data-end=\"901\">Du kannst die Maui Jim Maluhia mit verschreibungspflichtigen Gl\u00e4sern von Specialspex oder mit originalen Maui Jim RX-Gl\u00e4sern anfertigen lassen. Beide Optionen bieten hervorragende Klarheit und vollen UV-Schutz. <\/p>\n<p data-start=\"1092\" data-end=\"1206\" data-is-last-node=\"\" data-is-only-node=\"\">Willst du mehr wissen? Lies unseren Blog \u00fcber die Originalbrillen von Maui Jim: <br data-start=\"1149\" data-end=\"1152\"><a class=\"decorated-link cursor-pointer\" target=\"_new\" rel=\"noopener\" data-start=\"1152\" data-end=\"1206\" data-is-last-node=\"\">https:\/\/specialspex.com\/blog\/maui-jim-originele-glazen<\/a><\/p>\n","protected":false},"excerpt":{"rendered":"<p data-start=\"42\" data-end=\"538\">Die Maluhia - hawaiianisch f\u00fcr Ruhe oder Frieden - strahlt genau das aus: einen entspannten, flie\u00dfenden Look kombiniert mit der technischen Klarheit, f\u00fcr die Maui Jim bekannt ist. Die weiche, abgerundete Form verleiht ihr einen femininen, modernen Look, w\u00e4hrend der Rahmen auch an langen Tagen im Freien leicht und bequem bleibt. Mit den PolarizedPlus2-Gl\u00e4sern siehst du alles mit mehr Farbe, Kontrast und ohne Blendung, ideal f\u00fcr Strand, Wasser, den t\u00e4glichen Gebrauch, Autofahrten, auf dem Motorrad und auf dem Golfplatz.  <\/p>\n<p data-start=\"540\" data-end=\"877\">- Leichter und bequemer Rahmen mit weichen, runden Linien<br data-start=\"595\" data-end=\"598\">- PolarizedPlus2 Linsentechnologie f\u00fcr Farbverst\u00e4rkung, Kontrast und Blendschutz<br data-start=\"670\" data-end=\"673\">- Stabile, bequeme Passform f\u00fcr Alltag, Reisen und Outdoor<br data-start=\"822\" data-end=\"825\">- Geeignet f\u00fcr Cashual, Strand, Wasser, Motorradfahren und Golf<\/p>\n<p data-start=\"879\" data-end=\"1090\">Erh\u00e4ltlich in verschreibungspflichtigen Gl\u00e4sern<br data-start=\"898\" data-end=\"901\">Du kannst die Maui Jim Maluhia in verschreibungspflichtigen Gl\u00e4sern mit Specialspex Custom Gl\u00e4sern oder mit originalen Maui Jim RX Gl\u00e4sern anfertigen lassen. Beide Optionen bieten hervorragende Klarheit und vollen UV-Schutz. <\/p>\n<p data-start=\"1092\" data-end=\"1206\" data-is-last-node=\"\" data-is-only-node=\"\">Willst du mehr wissen? Lies unseren Blog \u00fcber die Originalbrillen von Maui Jim: <br data-start=\"1149\" data-end=\"1152\"><a class=\"decorated-link cursor-pointer\" target=\"_new\" rel=\"noopener\" data-start=\"1152\" data-end=\"1206\" data-is-last-node=\"\">https:\/\/specialspex.com\/blog\/maui-jim-originele-glazen<\/a><\/p>\n","protected":false},"featured_media":67161,"template":"","meta":[],"product_brand":[818],"product_cat":[660,663,696],"product_tag":[],"class_list":{"0":"post-75692","1":"product","2":"type-product","3":"status-publish","4":"has-post-thumbnail","6":"product_brand-maui-jim","7":"product_cat-golfbrille","8":"product_cat-segeln","9":"product_cat-sport-laessig","10":"pa_geschikt-voor-frauen","11":"pa_kleur-montuur-braun","12":"pa_maat-montuur-medium","13":"pa_soort-bril-op-sterkte-mit-sehstaerke","14":"pa_soort-bril-op-sterkte-ohne-sehstaerke","16":"first","17":"instock","18":"shipping-taxable","19":"purchasable","20":"product-type-simple"},"_links":{"self":[{"href":"https:\/\/specialspex.artitex.dev\/de\/wp-json\/wp\/v2\/product\/75692","targetHints":{"allow":["GET"]}}],"collection":[{"href":"https:\/\/specialspex.artitex.dev\/de\/wp-json\/wp\/v2\/product"}],"about":[{"href":"https:\/\/specialspex.artitex.dev\/de\/wp-json\/wp\/v2\/types\/product"}],"wp:featuredmedia":[{"embeddable":true,"href":"https:\/\/specialspex.artitex.dev\/de\/wp-json\/wp\/v2\/media\/67161"}],"wp:attachment":[{"href":"https:\/\/specialspex.artitex.dev\/de\/wp-json\/wp\/v2\/media?parent=75692"}],"wp:term":[{"taxonomy":"product_brand","embeddable":true,"href":"https:\/\/specialspex.artitex.dev\/de\/wp-json\/wp\/v2\/product_brand?post=75692"},{"taxonomy":"product_cat","embeddable":true,"href":"https:\/\/specialspex.artitex.dev\/de\/wp-json\/wp\/v2\/product_cat?post=75692"},{"taxonomy":"product_tag","embeddable":true,"href":"https:\/\/specialspex.artitex.dev\/de\/wp-json\/wp\/v2\/product_tag?post=75692"}],"curies":[{"name":"wp","href":"https:\/\/api.w.org\/{rel}","templated":true}]}}