{"id":75693,"date":"2025-11-27T11:22:08","date_gmt":"2025-11-27T10:22:08","guid":{"rendered":"https:\/\/specialspex.artitex.dev\/product\/ano-nui\/"},"modified":"2025-11-27T11:22:08","modified_gmt":"2025-11-27T10:22:08","slug":"ano-nui","status":"publish","type":"product","link":"https:\/\/specialspex.artitex.dev\/de\/sportbrille\/wassersport\/fisch\/maui-jim-ano-nui\/","title":{"rendered":"Ano Nui"},"content":{"rendered":"<p data-start=\"42\" data-end=\"514\">Die Ano Nui - hawaiianisch f\u00fcr etwas Gro\u00dfes oder Beeindruckendes - hat einen coolen, ger\u00e4umigen Look mit einer bequemen Passform f\u00fcr gr\u00f6\u00dfere Gesichtsformen. Das Design kombiniert eine leichte, robuste Konstruktion mit der beeindruckenden Klarheit der PolarizedPlus2-Gl\u00e4ser von Maui Jim. Die Farben werden lebendiger, der Kontrast nimmt zu und die Blendung auf Wasser- und Stra\u00dfenoberfl\u00e4chen verschwindet vollst\u00e4ndig. Perfekt f\u00fcr den t\u00e4glichen Gebrauch, am Strand, beim Angeln, bei Autofahrten, auf dem Motorrad und auf dem Golfplatz.   <\/p>\n<p data-start=\"516\" data-end=\"907\">- Gro\u00dfz\u00fcgige, bequeme Rahmen f\u00fcr gr\u00f6\u00dfere Gesichtsformen<br data-start=\"573\" data-end=\"576\">- Leichter, stabiler Rahmen, der auch bei l\u00e4ngerem Tragen bequem bleibt<br data-start=\"637\" data-end=\"640\">- PolarizedPlus2 Technologie f\u00fcr satte Farben, hohen Kontrast und Blendschutz<br data-start=\"716\" data-end=\"719\">- Stabiler Sitz f\u00fcr Outdoor, Wasser, Sport und Reisen<br data-start=\"849\" data-end=\"852\">- Ideal f\u00fcr Strand, Wassersport, Motorradfahren und Golf<\/p>\n<p data-start=\"909\" data-end=\"1143\">Erh\u00e4ltlich in verschreibungspflichtigen Gl\u00e4sern<br data-start=\"928\" data-end=\"931\">Du kannst die Maui Jim Ano Nui in verschreibungspflichtigen Gl\u00e4sern mit Specialspex Custom Gl\u00e4sern oder mit original Maui Jim RX Gl\u00e4sern anfertigen lassen. Beide Optionen bieten hervorragende Klarheit, vollen UV-Schutz und ein luxuri\u00f6ses Seherlebnis. <\/p>\n<p data-start=\"1145\" data-end=\"1259\" data-is-last-node=\"\" data-is-only-node=\"\">Willst du mehr wissen? Lies unseren Blog \u00fcber die Originalbrillen von Maui Jim: <br data-start=\"1202\" data-end=\"1205\"><a class=\"decorated-link cursor-pointer\" target=\"_new\" rel=\"noopener\" data-start=\"1205\" data-end=\"1259\" data-is-last-node=\"\">https:\/\/specialspex.com\/blog\/maui-jim-originele-glazen<\/a><\/p>\n","protected":false},"excerpt":{"rendered":"<p data-start=\"42\" data-end=\"514\">Die Ano Nui - hawaiianisch f\u00fcr etwas Gro\u00dfes oder Beeindruckendes - hat einen coolen, ger\u00e4umigen Look mit einer bequemen Passform f\u00fcr gr\u00f6\u00dfere Gesichtsformen. Das Design kombiniert eine leichte, robuste Konstruktion mit der beeindruckenden Klarheit der PolarizedPlus2-Gl\u00e4ser von Maui Jim. Die Farben werden lebendiger, der Kontrast nimmt zu und die Blendung auf Wasser- und Stra\u00dfenoberfl\u00e4chen verschwindet vollst\u00e4ndig. Perfekt f\u00fcr den t\u00e4glichen Gebrauch, am Strand, beim Angeln, bei Autofahrten, auf dem Motorrad und auf dem Golfplatz.   <\/p>\n<p data-start=\"516\" data-end=\"907\">- Gro\u00dfz\u00fcgige, bequeme Rahmen f\u00fcr gr\u00f6\u00dfere Gesichtsformen<br data-start=\"573\" data-end=\"576\">- Leichter, stabiler Rahmen, der auch bei l\u00e4ngerem Tragen bequem bleibt<br data-start=\"637\" data-end=\"640\">- PolarizedPlus2 Technologie f\u00fcr satte Farben, hohen Kontrast und Blendschutz<br data-start=\"716\" data-end=\"719\">- Stabiler Sitz f\u00fcr Outdoor, Wasser, Sport und Reisen<br data-start=\"849\" data-end=\"852\">- Ideal f\u00fcr Strand, Wassersport, Motorradfahren und Golf<\/p>\n<p data-start=\"909\" data-end=\"1143\">Erh\u00e4ltlich in verschreibungspflichtigen Gl\u00e4sern<br data-start=\"928\" data-end=\"931\">Du kannst die Maui Jim Ano Nui in verschreibungspflichtigen Gl\u00e4sern mit Specialspex Custom Gl\u00e4sern oder mit original Maui Jim RX Gl\u00e4sern anfertigen lassen. Beide Optionen bieten hervorragende Klarheit, vollen UV-Schutz und ein luxuri\u00f6ses Seherlebnis. <\/p>\n<p data-start=\"1145\" data-end=\"1259\" data-is-last-node=\"\" data-is-only-node=\"\">Willst du mehr wissen? Lies unseren Blog \u00fcber die Originalbrillen von Maui Jim: <br data-start=\"1202\" data-end=\"1205\"><a class=\"decorated-link cursor-pointer\" target=\"_new\" rel=\"noopener\" data-start=\"1205\" data-end=\"1259\" data-is-last-node=\"\">https:\/\/specialspex.com\/blog\/maui-jim-originele-glazen<\/a><\/p>\n","protected":false},"featured_media":67050,"template":"","meta":[],"product_brand":[818],"product_cat":[660,695,659,663,666],"product_tag":[],"class_list":{"0":"post-75693","1":"product","2":"type-product","3":"status-publish","4":"has-post-thumbnail","6":"product_brand-maui-jim","7":"product_cat-golfbrille","8":"product_cat-fisch","9":"product_cat-motorradbrille","10":"product_cat-segeln","11":"product_cat-tourenmotorrad","12":"pa_geschikt-voor-frauen","13":"pa_geschikt-voor-manner","14":"pa_kleur-montuur-braun","15":"pa_kleur-montuur-grun","16":"pa_maat-montuur-extra-gros","17":"pa_maat-montuur-gross","18":"pa_soort-bril-op-sterkte-mit-sehstaerke","19":"pa_soort-bril-op-sterkte-ohne-sehstaerke","21":"first","22":"instock","23":"shipping-taxable","24":"purchasable","25":"product-type-simple"},"_links":{"self":[{"href":"https:\/\/specialspex.artitex.dev\/de\/wp-json\/wp\/v2\/product\/75693","targetHints":{"allow":["GET"]}}],"collection":[{"href":"https:\/\/specialspex.artitex.dev\/de\/wp-json\/wp\/v2\/product"}],"about":[{"href":"https:\/\/specialspex.artitex.dev\/de\/wp-json\/wp\/v2\/types\/product"}],"wp:featuredmedia":[{"embeddable":true,"href":"https:\/\/specialspex.artitex.dev\/de\/wp-json\/wp\/v2\/media\/67050"}],"wp:attachment":[{"href":"https:\/\/specialspex.artitex.dev\/de\/wp-json\/wp\/v2\/media?parent=75693"}],"wp:term":[{"taxonomy":"product_brand","embeddable":true,"href":"https:\/\/specialspex.artitex.dev\/de\/wp-json\/wp\/v2\/product_brand?post=75693"},{"taxonomy":"product_cat","embeddable":true,"href":"https:\/\/specialspex.artitex.dev\/de\/wp-json\/wp\/v2\/product_cat?post=75693"},{"taxonomy":"product_tag","embeddable":true,"href":"https:\/\/specialspex.artitex.dev\/de\/wp-json\/wp\/v2\/product_tag?post=75693"}],"curies":[{"name":"wp","href":"https:\/\/api.w.org\/{rel}","templated":true}]}}