{"id":75695,"date":"2025-11-27T10:23:03","date_gmt":"2025-11-27T09:23:03","guid":{"rendered":"https:\/\/specialspex.artitex.dev\/product\/hoopili\/"},"modified":"2025-11-27T10:23:03","modified_gmt":"2025-11-27T09:23:03","slug":"hoopili","status":"publish","type":"product","link":"https:\/\/specialspex.artitex.dev\/de\/sportbrille\/wassersport\/fisch\/maui-jim-hoopili\/","title":{"rendered":"Ho&#8217;opili"},"content":{"rendered":"<p data-start=\"42\" data-end=\"518\">Die Ho&#8217;opili - hawaiianisch f\u00fcr &#8222;verbinden&#8220; oder &#8222;zusammenbringen&#8220; - wurde f\u00fcr diejenigen entwickelt, die eine leichte, moderne Sonnenbrille mit einem sofortigen, bequemen Sitz suchen. Der Rahmen hat einen entspannten, modernen Look mit weichen Linien, w\u00e4hrend die PolarizedPlus2 Gl\u00e4ser tiefe Farben, hohen Kontrast und blendfreie Klarheit bieten. Ideal f\u00fcr den t\u00e4glichen Gebrauch, einen Tag auf dem Wasser, auf dem Motorrad oder auf dem Golfplatz, wo scharfe Sicht und Tiefenwahrnehmung wichtig sind.  <\/p>\n<p data-start=\"520\" data-end=\"835\">- Leichter Rahmen mit moderner, zug\u00e4nglicher Form<br data-start=\"574\" data-end=\"577\">- PolarizedPlus2 Technologie f\u00fcr Farbverst\u00e4rkung, Kontrast und Blendschutz<br data-start=\"645\" data-end=\"648\">- Bequeme Passform, die den ganzen Tag bequem bleibt<br data-start=\"780\" data-end=\"783\">- Geeignet f\u00fcr Strand, Wasser, Motorradfahren und Golf<\/p>\n<p data-start=\"837\" data-end=\"1093\">Erh\u00e4ltlich in verschreibungspflichtigen Gl\u00e4sern<br data-start=\"856\" data-end=\"859\">Du kannst die Maui Jim Ho&#8217;opili in verschreibungspflichtigen Gl\u00e4sern mit Specialspex Custom Gl\u00e4sern oder mit original Maui Jim RX Gl\u00e4sern anfertigen lassen. Beide Optionen bieten hervorragende Klarheit, vollen UV-Schutz und klare, entspannte Sicht f\u00fcr jeden Tag. <\/p>\n<p data-start=\"1095\" data-end=\"1209\" data-is-last-node=\"\" data-is-only-node=\"\">Willst du mehr wissen? Lies unseren Blog \u00fcber die Originalbrillen von Maui Jim: <br data-start=\"1152\" data-end=\"1155\"><a class=\"decorated-link cursor-pointer\" target=\"_new\" rel=\"noopener\" data-start=\"1155\" data-end=\"1209\" data-is-last-node=\"\">https:\/\/specialspex.com\/blog\/maui-jim-originele-glazen<\/a><\/p>\n","protected":false},"excerpt":{"rendered":"<p data-start=\"42\" data-end=\"531\">Die Lehiwa - hawaiianisch f\u00fcr elegant oder anmutig - ist eine raffinierte Sonnenbrille, die Luxus und Komfort in einem entspannten Maui Jim-Stil vereint. Die weiche, abgerundete Form verleiht ihr einen femininen, modernen Look, w\u00e4hrend der leichte Rahmen auch an langen Tagen im Freien bequem bleibt. Dank der PolarizedPlus2-Gl\u00e4ser genie\u00dft du lebendige Farben, hohe Kontraste und blendfreie Klarheit, ideal f\u00fcr den Alltag, Strand, Wasser, Autofahrten, das Motorrad oder einen Tag auf dem Golfplatz.  <\/p>\n<p data-start=\"533\" data-end=\"858\">- Leichter und bequemer Rahmen mit eleganter, abgerundeter Form<br data-start=\"592\" data-end=\"595\">- PolarizedPlus2-Gl\u00e4ser f\u00fcr Farbverst\u00e4rkung, Kontrast und Blendschutz<br data-start=\"658\" data-end=\"661\">- Stabile, bequeme Passform f\u00fcr Alltag und Reise<br data-start=\"803\" data-end=\"806\">- Geeignet f\u00fcr Strand, Wasser, Motorradfahren und Golf<\/p>\n<p data-start=\"860\" data-end=\"1093\">Erh\u00e4ltlich mit verschreibungspflichtigen Gl\u00e4sern<br data-start=\"879\" data-end=\"882\">Du kannst die Maui Jim Lehiwa mit verschreibungspflichtigen Gl\u00e4sern von Specialspex oder mit originalen Maui Jim RX-Gl\u00e4sern anfertigen lassen. Beide Optionen bieten hervorragende Klarheit, vollen UV-Schutz und ein luxuri\u00f6ses Seherlebnis. <\/p>\n<p data-start=\"1095\" data-end=\"1209\" data-is-last-node=\"\" data-is-only-node=\"\">Willst du mehr wissen? Lies unseren Blog \u00fcber die Originalbrillen von Maui Jim: <br data-start=\"1152\" data-end=\"1155\"><a class=\"decorated-link cursor-pointer\" target=\"_new\" rel=\"noopener\" data-start=\"1155\" data-end=\"1209\" data-is-last-node=\"\">https:\/\/specialspex.com\/blog\/maui-jim-originele-glazen<\/a><\/p>\n","protected":false},"featured_media":67155,"template":"","meta":[],"product_brand":[818],"product_cat":[696,695,660,663,666],"product_tag":[],"class_list":{"0":"post-75695","1":"product","2":"type-product","3":"status-publish","4":"has-post-thumbnail","6":"product_brand-maui-jim","7":"product_cat-sport-laessig","8":"product_cat-fisch","9":"product_cat-golfbrille","10":"product_cat-segeln","11":"product_cat-tourenmotorrad","12":"pa_geschikt-voor-frauen","13":"pa_geschikt-voor-manner","14":"pa_kleur-montuur-orange","15":"pa_kleur-montuur-schwarz","16":"pa_maat-montuur-medium","17":"pa_soort-bril-op-sterkte-mit-sehstaerke","18":"pa_soort-bril-op-sterkte-ohne-sehstaerke","20":"first","21":"instock","22":"shipping-taxable","23":"purchasable","24":"product-type-simple"},"_links":{"self":[{"href":"https:\/\/specialspex.artitex.dev\/de\/wp-json\/wp\/v2\/product\/75695","targetHints":{"allow":["GET"]}}],"collection":[{"href":"https:\/\/specialspex.artitex.dev\/de\/wp-json\/wp\/v2\/product"}],"about":[{"href":"https:\/\/specialspex.artitex.dev\/de\/wp-json\/wp\/v2\/types\/product"}],"wp:featuredmedia":[{"embeddable":true,"href":"https:\/\/specialspex.artitex.dev\/de\/wp-json\/wp\/v2\/media\/67155"}],"wp:attachment":[{"href":"https:\/\/specialspex.artitex.dev\/de\/wp-json\/wp\/v2\/media?parent=75695"}],"wp:term":[{"taxonomy":"product_brand","embeddable":true,"href":"https:\/\/specialspex.artitex.dev\/de\/wp-json\/wp\/v2\/product_brand?post=75695"},{"taxonomy":"product_cat","embeddable":true,"href":"https:\/\/specialspex.artitex.dev\/de\/wp-json\/wp\/v2\/product_cat?post=75695"},{"taxonomy":"product_tag","embeddable":true,"href":"https:\/\/specialspex.artitex.dev\/de\/wp-json\/wp\/v2\/product_tag?post=75695"}],"curies":[{"name":"wp","href":"https:\/\/api.w.org\/{rel}","templated":true}]}}