{"id":75700,"date":"2025-11-27T10:22:20","date_gmt":"2025-11-27T09:22:20","guid":{"rendered":"https:\/\/specialspex.artitex.dev\/product\/lehiwa\/"},"modified":"2025-11-27T10:22:20","modified_gmt":"2025-11-27T09:22:20","slug":"lehiwa","status":"publish","type":"product","link":"https:\/\/specialspex.artitex.dev\/de\/sportbrille\/wassersport\/fisch\/maui-jim-lehiwa\/","title":{"rendered":"Lehiwa"},"content":{"rendered":"<p data-start=\"42\" data-end=\"531\">Die Lehiwa - hawaiianisch f\u00fcr elegant oder anmutig - ist eine raffinierte Sonnenbrille, die Luxus und Komfort in einem entspannten Maui Jim-Stil vereint. Die weiche, abgerundete Form verleiht ihr einen femininen, modernen Look, w\u00e4hrend der leichte Rahmen auch an langen Tagen im Freien bequem bleibt. Dank der PolarizedPlus2-Gl\u00e4ser genie\u00dft du lebendige Farben, hohe Kontraste und blendfreie Klarheit, ideal f\u00fcr den Alltag, Strand, Wasser, Autofahrten, das Motorrad oder einen Tag auf dem Golfplatz.  <\/p>\n<p data-start=\"533\" data-end=\"858\">- Leichter und bequemer Rahmen mit eleganter, abgerundeter Form<br data-start=\"592\" data-end=\"595\">- PolarizedPlus2-Gl\u00e4ser f\u00fcr Farbverst\u00e4rkung, Kontrast und Blendschutz<br data-start=\"658\" data-end=\"661\">- Stabile, bequeme Passform f\u00fcr Alltag und Reise<br data-start=\"803\" data-end=\"806\">- Geeignet f\u00fcr Strand, Wasser, Motorradfahren und Golf<\/p>\n<p data-start=\"860\" data-end=\"1093\">Erh\u00e4ltlich mit verschreibungspflichtigen Gl\u00e4sern<br data-start=\"879\" data-end=\"882\">Du kannst die Maui Jim Lehiwa mit verschreibungspflichtigen Gl\u00e4sern von Specialspex oder mit originalen Maui Jim RX-Gl\u00e4sern anfertigen lassen. Beide Optionen bieten hervorragende Klarheit, vollen UV-Schutz und ein luxuri\u00f6ses Seherlebnis. <\/p>\n<p data-start=\"1095\" data-end=\"1209\" data-is-last-node=\"\" data-is-only-node=\"\">Willst du mehr wissen? Lies unseren Blog \u00fcber die Originalbrillen von Maui Jim: <br data-start=\"1152\" data-end=\"1155\"><a class=\"decorated-link cursor-pointer\" target=\"_new\" rel=\"noopener\" data-start=\"1155\" data-end=\"1209\" data-is-last-node=\"\">https:\/\/specialspex.com\/blog\/maui-jim-originele-glazen<\/a><\/p>\n","protected":false},"excerpt":{"rendered":"<p data-start=\"42\" data-end=\"531\">Die Lehiwa - hawaiianisch f\u00fcr elegant oder anmutig - ist eine raffinierte Sonnenbrille, die Luxus und Komfort in einem entspannten Maui Jim-Stil vereint. Die weiche, abgerundete Form verleiht ihr einen femininen, modernen Look, w\u00e4hrend der leichte Rahmen auch an langen Tagen im Freien bequem bleibt. Dank der PolarizedPlus2-Gl\u00e4ser genie\u00dft du lebendige Farben, hohe Kontraste und blendfreie Klarheit, ideal f\u00fcr den Alltag, Strand, Wasser, Autofahrten, das Motorrad oder einen Tag auf dem Golfplatz.  <\/p>\n<p data-start=\"533\" data-end=\"858\">- Leichter und bequemer Rahmen mit eleganter, abgerundeter Form<br data-start=\"592\" data-end=\"595\">- PolarizedPlus2-Gl\u00e4ser f\u00fcr Farbverst\u00e4rkung, Kontrast und Blendschutz<br data-start=\"658\" data-end=\"661\">- Stabile, bequeme Passform f\u00fcr Alltag und Reise<br data-start=\"803\" data-end=\"806\">- Geeignet f\u00fcr Strand, Wasser, Motorradfahren und Golf<\/p>\n<p data-start=\"860\" data-end=\"1093\">Erh\u00e4ltlich mit verschreibungspflichtigen Gl\u00e4sern<br data-start=\"879\" data-end=\"882\">Du kannst die Maui Jim Lehiwa mit verschreibungspflichtigen Gl\u00e4sern von Specialspex oder mit originalen Maui Jim RX-Gl\u00e4sern anfertigen lassen. Beide Optionen bieten hervorragende Klarheit, vollen UV-Schutz und ein luxuri\u00f6ses Seherlebnis. <\/p>\n<p data-start=\"1095\" data-end=\"1209\" data-is-last-node=\"\" data-is-only-node=\"\">Willst du mehr wissen? Lies unseren Blog \u00fcber die Originalbrillen von Maui Jim: <br data-start=\"1152\" data-end=\"1155\"><a class=\"decorated-link cursor-pointer\" target=\"_new\" rel=\"noopener\" data-start=\"1155\" data-end=\"1209\" data-is-last-node=\"\">https:\/\/specialspex.com\/blog\/maui-jim-originele-glazen<\/a><\/p>\n","protected":false},"featured_media":67176,"template":"","meta":[],"product_brand":[818],"product_cat":[696,695,660,663,666],"product_tag":[],"class_list":{"0":"post-75700","1":"product","2":"type-product","3":"status-publish","4":"has-post-thumbnail","6":"product_brand-maui-jim","7":"product_cat-sport-laessig","8":"product_cat-fisch","9":"product_cat-golfbrille","10":"product_cat-segeln","11":"product_cat-tourenmotorrad","12":"pa_geschikt-voor-frauen","13":"pa_geschikt-voor-manner","14":"pa_kleur-montuur-orange","15":"pa_kleur-montuur-schwarz","16":"pa_maat-montuur-gross","17":"pa_soort-bril-op-sterkte-mit-sehstaerke","18":"pa_soort-bril-op-sterkte-ohne-sehstaerke","20":"first","21":"instock","22":"shipping-taxable","23":"purchasable","24":"product-type-simple"},"_links":{"self":[{"href":"https:\/\/specialspex.artitex.dev\/de\/wp-json\/wp\/v2\/product\/75700","targetHints":{"allow":["GET"]}}],"collection":[{"href":"https:\/\/specialspex.artitex.dev\/de\/wp-json\/wp\/v2\/product"}],"about":[{"href":"https:\/\/specialspex.artitex.dev\/de\/wp-json\/wp\/v2\/types\/product"}],"wp:featuredmedia":[{"embeddable":true,"href":"https:\/\/specialspex.artitex.dev\/de\/wp-json\/wp\/v2\/media\/67176"}],"wp:attachment":[{"href":"https:\/\/specialspex.artitex.dev\/de\/wp-json\/wp\/v2\/media?parent=75700"}],"wp:term":[{"taxonomy":"product_brand","embeddable":true,"href":"https:\/\/specialspex.artitex.dev\/de\/wp-json\/wp\/v2\/product_brand?post=75700"},{"taxonomy":"product_cat","embeddable":true,"href":"https:\/\/specialspex.artitex.dev\/de\/wp-json\/wp\/v2\/product_cat?post=75700"},{"taxonomy":"product_tag","embeddable":true,"href":"https:\/\/specialspex.artitex.dev\/de\/wp-json\/wp\/v2\/product_tag?post=75700"}],"curies":[{"name":"wp","href":"https:\/\/api.w.org\/{rel}","templated":true}]}}