{"id":75749,"date":"2025-12-04T10:39:35","date_gmt":"2025-12-04T09:39:35","guid":{"rendered":"https:\/\/specialspex.artitex.dev\/product\/echo-2\/"},"modified":"2025-12-04T10:39:35","modified_gmt":"2025-12-04T09:39:35","slug":"echo-2","status":"publish","type":"product","link":"https:\/\/specialspex.artitex.dev\/de\/sportbrille\/wintersport\/ski-und-snowboardbrillen\/julbo-echo-2\/","title":{"rendered":"Echo"},"content":{"rendered":"<p data-start=\"40\" data-end=\"294\">Die Julbo ECHO ist f\u00fcr junge Skifahrer im Alter von 8-12 Jahren, die Top-Qualit\u00e4t wollen. Das rahmenlose Design bietet maximale Sicht, der doppelte Schirm sch\u00fctzt die Augen und verhindert Beschlag. Dank des gelenkigen Kopfbandclips passt sie perfekt \u00fcber jeden Helm.  <\/p>\n<p data-start=\"296\" data-end=\"484\">Der ultrad\u00fcnne Rahmen mit gro\u00dfer sph\u00e4rischer Spiegelscheibe schafft einen modernen Look. Das trendige Gummiband sieht sowohl an Jungen als auch an M\u00e4dchen gut aus, stilvoll und gesch\u00fctzt auf der Piste. <\/p>\n<p data-start=\"486\" data-end=\"684\" data-is-last-node=\"\" data-is-only-node=\"\"><br data-start=\"513\" data-end=\"516\">- Rahmenlos f\u00fcr weite Sicht<br data-start=\"544\" data-end=\"547\">- Doppelter Schirm gegen Kondenswasser<br data-start=\"576\" data-end=\"579\">- Stirnbandclip f\u00fcr Helmsitz<br data-start=\"611\" data-end=\"614\">- Leichter, d\u00fcnner Rahmen mit sph\u00e4rischer Linse<br data-start=\"653\" data-end=\"656\">- Stylisches Gummiband<\/p>\n","protected":false},"excerpt":{"rendered":"<p data-start=\"40\" data-end=\"294\">Die Julbo ECHO ist f\u00fcr junge Skifahrer im Alter von 8-12 Jahren, die Top-Qualit\u00e4t wollen. Das rahmenlose Design bietet maximale Sicht, der doppelte Schirm sch\u00fctzt die Augen und verhindert Beschlag. Dank des gelenkigen Kopfbandclips passt sie perfekt \u00fcber jeden Helm.  <\/p>\n<p data-start=\"296\" data-end=\"484\">Der ultrad\u00fcnne Rahmen mit gro\u00dfer sph\u00e4rischer Spiegelscheibe schafft einen modernen Look. Das trendige Gummiband sieht sowohl an Jungen als auch an M\u00e4dchen gut aus, stilvoll und gesch\u00fctzt auf der Piste. <\/p>\n<p data-start=\"486\" data-end=\"684\" data-is-last-node=\"\" data-is-only-node=\"\"><br data-start=\"513\" data-end=\"516\">- Rahmenlos f\u00fcr weite Sicht<br data-start=\"544\" data-end=\"547\">- Doppelter Schirm gegen Kondenswasser<br data-start=\"576\" data-end=\"579\">- Stirnbandclip f\u00fcr Helmsitz<br data-start=\"611\" data-end=\"614\">- Leichter, d\u00fcnner Rahmen mit sph\u00e4rischer Linse<br data-start=\"653\" data-end=\"656\">- Stylisches Gummiband<\/p>\n","protected":false},"featured_media":49150,"template":"","meta":[],"product_brand":[790],"product_cat":[700,698],"product_tag":[],"class_list":{"0":"post-75749","1":"product","2":"type-product","3":"status-publish","4":"has-post-thumbnail","6":"product_brand-julbo","7":"product_cat-wintersport","8":"product_cat-ski-und-snowboardbrillen","9":"pa_geschikt-voor-sportbrillen-fuer-kinder","10":"pa_kleur-montuur-rot","11":"pa_kleur-montuur-schwarz","12":"pa_maat-montuur-kinder-von-8-12-jahren","13":"pa_soort-bril-op-sterkte-ohne-sehstaerke","14":"pa_soort-bril-op-sterkte-with-prescription-insert","16":"first","17":"instock","18":"shipping-taxable","19":"purchasable","20":"product-type-simple"},"_links":{"self":[{"href":"https:\/\/specialspex.artitex.dev\/de\/wp-json\/wp\/v2\/product\/75749","targetHints":{"allow":["GET"]}}],"collection":[{"href":"https:\/\/specialspex.artitex.dev\/de\/wp-json\/wp\/v2\/product"}],"about":[{"href":"https:\/\/specialspex.artitex.dev\/de\/wp-json\/wp\/v2\/types\/product"}],"wp:featuredmedia":[{"embeddable":true,"href":"https:\/\/specialspex.artitex.dev\/de\/wp-json\/wp\/v2\/media\/49150"}],"wp:attachment":[{"href":"https:\/\/specialspex.artitex.dev\/de\/wp-json\/wp\/v2\/media?parent=75749"}],"wp:term":[{"taxonomy":"product_brand","embeddable":true,"href":"https:\/\/specialspex.artitex.dev\/de\/wp-json\/wp\/v2\/product_brand?post=75749"},{"taxonomy":"product_cat","embeddable":true,"href":"https:\/\/specialspex.artitex.dev\/de\/wp-json\/wp\/v2\/product_cat?post=75749"},{"taxonomy":"product_tag","embeddable":true,"href":"https:\/\/specialspex.artitex.dev\/de\/wp-json\/wp\/v2\/product_tag?post=75749"}],"curies":[{"name":"wp","href":"https:\/\/api.w.org\/{rel}","templated":true}]}}