{"id":75756,"date":"2025-12-03T21:32:18","date_gmt":"2025-12-03T20:32:18","guid":{"rendered":"https:\/\/specialspex.artitex.dev\/product\/faster-m\/"},"modified":"2026-04-18T12:07:58","modified_gmt":"2026-04-18T10:07:58","slug":"faster-m","status":"publish","type":"product","link":"https:\/\/specialspex.artitex.dev\/de\/sportbrille\/laufen\/julbo-faster-m\/","title":{"rendered":"Faster M Spectron"},"content":{"rendered":"<p data-start=\"59\" data-end=\"335\">Die Julbo FASTER M ist eine ultraleichte, leistungsstarke Brille mit einer aerodynamischen, umh\u00fcllenden Form. Die sph\u00e4rischen Monolinsen bieten hervorragende Sicht und Schutz, w\u00e4hrend der leichte Rahmen f\u00fcr Komfort und Stabilit\u00e4t sorgt, selbst bei Helmnutzung und intensiven Aktivit\u00e4ten. <\/p>\n<p data-start=\"337\" data-end=\"643\">- Ultraleichter Rahmen mit aerodynamischer, umh\u00fcllender Form<br data-start=\"423\" data-end=\"426\">- Sph\u00e4rische Monolinsen f\u00fcr maximale Sicht und Schutz<\/p>\n<p data-start=\"337\" data-end=\"643\">- <strong data-start=\"40\" data-end=\"67\">Julbo Spectron 3<\/strong> ist eine dunkle, robuste Sportbrille mit UV-Schutz, ideal f\u00fcr sonnige Tage und aktive Outdoor-Sportarten<br data-start=\"481\" data-end=\"484\">- Bequem und stabil, bleibt auch bei Bewegung an Ort und Stelle<br data-start=\"541\" data-end=\"544\">- Geeignet f\u00fcr den Helm und verschiedene sportliche Aktivit\u00e4ten<br data-start=\"600\" data-end=\"603\">- Ideal zum Laufen, Radfahren und Skifahren<\/p>\n<p>&nbsp;<\/p>\n","protected":false},"excerpt":{"rendered":"<p data-start=\"62\" data-end=\"270\">Die Julbo THE STREETS ist eine zeitlose, l\u00e4ssige Brille, die f\u00fcr jede Umgebung geeignet ist. Der ergonomische Rahmen mit weicher, umh\u00fcllender Passform bietet Komfort und Stabilit\u00e4t sowohl in der Stadt als auch in der Natur. <\/p>\n<p data-start=\"272\" data-end=\"568\"><br data-start=\"299\" data-end=\"302\">- Zeitloses, l\u00e4ssiges Design f\u00fcr den t\u00e4glichen Gebrauch<br data-start=\"351\" data-end=\"354\">- Ergonomischer Rahmen f\u00fcr optimalen Tragekomfort<\/p>\n<p data-start=\"272\" data-end=\"568\">- Die <strong data-start=\"40\" data-end=\"67\">Julbo Spectron 3<\/strong> ist eine dunkle, robuste Sportbrille mit UV-Schutz, ideal f\u00fcr sonnige Tage und aktive Outdoor-Sportarten<br data-start=\"402\" data-end=\"405\">- Weiche, umlaufende Passform f\u00fcr stabilen Sitz<br data-start=\"453\" data-end=\"456\">- Leicht und bequem f\u00fcr langes Tragen<br data-start=\"507\" data-end=\"510\">- Ideal f\u00fcr Stadt, Natur und moderne Erkundungstouren<\/p>\n","protected":false},"featured_media":71698,"template":"","meta":[],"product_brand":[790],"product_cat":[584,560,638,561,559],"product_tag":[],"class_list":{"0":"post-75756","1":"product","2":"type-product","3":"status-publish","4":"has-post-thumbnail","6":"product_brand-julbo","7":"product_cat-sportbrille","8":"product_cat-laufen","9":"product_cat-mountainbiking","10":"product_cat-radfahren","11":"product_cat-radfahrerbrille","12":"pa_geschikt-voor-frauen","13":"pa_kleur-montuur-blau","14":"pa_kleur-montuur-blau-2","15":"pa_kleur-montuur-grau","16":"pa_kleur-montuur-marine","17":"pa_kleur-montuur-rosa","18":"pa_kleur-montuur-schwarz","19":"pa_kleur-montuur-schwarz-2","20":"pa_kleur-montuur-silber","21":"pa_maat-montuur-extra-klein","22":"pa_maat-montuur-klein","23":"pa_soort-bril-op-sterkte-mit-korrektionsglaesern-im-visier","24":"pa_soort-bril-op-sterkte-ohne-sehstaerke","25":"pa_soort-bril-op-sterkte-with-prescription-insert","27":"first","28":"instock","29":"shipping-taxable","30":"purchasable","31":"product-type-variable"},"_links":{"self":[{"href":"https:\/\/specialspex.artitex.dev\/de\/wp-json\/wp\/v2\/product\/75756","targetHints":{"allow":["GET"]}}],"collection":[{"href":"https:\/\/specialspex.artitex.dev\/de\/wp-json\/wp\/v2\/product"}],"about":[{"href":"https:\/\/specialspex.artitex.dev\/de\/wp-json\/wp\/v2\/types\/product"}],"wp:featuredmedia":[{"embeddable":true,"href":"https:\/\/specialspex.artitex.dev\/de\/wp-json\/wp\/v2\/media\/71698"}],"wp:attachment":[{"href":"https:\/\/specialspex.artitex.dev\/de\/wp-json\/wp\/v2\/media?parent=75756"}],"wp:term":[{"taxonomy":"product_brand","embeddable":true,"href":"https:\/\/specialspex.artitex.dev\/de\/wp-json\/wp\/v2\/product_brand?post=75756"},{"taxonomy":"product_cat","embeddable":true,"href":"https:\/\/specialspex.artitex.dev\/de\/wp-json\/wp\/v2\/product_cat?post=75756"},{"taxonomy":"product_tag","embeddable":true,"href":"https:\/\/specialspex.artitex.dev\/de\/wp-json\/wp\/v2\/product_tag?post=75756"}],"curies":[{"name":"wp","href":"https:\/\/api.w.org\/{rel}","templated":true}]}}