{"id":75757,"date":"2025-12-04T10:20:42","date_gmt":"2025-12-04T09:20:42","guid":{"rendered":"https:\/\/specialspex.artitex.dev\/product\/atome\/"},"modified":"2025-12-04T10:20:42","modified_gmt":"2025-12-04T09:20:42","slug":"atome","status":"publish","type":"product","link":"https:\/\/specialspex.artitex.dev\/de\/sportbrille\/wintersport\/ski-und-snowboardbrillen\/julbo-atome\/","title":{"rendered":"Atome"},"content":{"rendered":"<p data-start=\"56\" data-end=\"436\">Die Julbo ATOME ist eine Allround-Skibrille f\u00fcr Kinder, die Komfort, Stil und Leistung bei jeder Abfahrt wollen. Das rahmenlose Design und die breite zylindrische Scheibe sorgen f\u00fcr ein weites Sichtfeld, w\u00e4hrend die Bel\u00fcftungs\u00f6ffnungen und die Anti-Beschlag-Behandlung die Sicht klar halten. Die Brille passt auf jeden Helm und bleibt auch beim aktiven Skifahren oder Snowboarden zuverl\u00e4ssig an ihrem Platz.  <\/p>\n<p data-start=\"438\" data-end=\"733\"><br data-start=\"465\" data-end=\"468\">- Rahmenloser Rahmen f\u00fcr modernen Look und leichten Komfort<br data-start=\"527\" data-end=\"530\">- Breite zylindrische Scheibe f\u00fcr maximales Sichtfeld<br data-start=\"582\" data-end=\"585\">- Integrierte Bel\u00fcftung f\u00fcr kontinuierlichen Luftstrom<br data-start=\"634\" data-end=\"637\">- Anti-Beschlag-Beschichtung f\u00fcr klare Sicht bei allen Bedingungen<br data-start=\"699\" data-end=\"702\">- Kompatibel mit jedem Skihelm<\/p>\n","protected":false},"excerpt":{"rendered":"<p data-start=\"56\" data-end=\"436\">Die Julbo ATOME ist eine Allround-Skibrille f\u00fcr Kinder, die Komfort, Stil und Leistung bei jeder Abfahrt wollen. Das rahmenlose Design und die breite zylindrische Scheibe sorgen f\u00fcr ein weites Sichtfeld, w\u00e4hrend die Bel\u00fcftungs\u00f6ffnungen und die Anti-Beschlag-Behandlung die Sicht klar halten. Die Brille passt auf jeden Helm und bleibt auch beim aktiven Skifahren oder Snowboarden zuverl\u00e4ssig an ihrem Platz.  <\/p>\n<p data-start=\"438\" data-end=\"733\"><br data-start=\"465\" data-end=\"468\">- Rahmenloser Rahmen f\u00fcr modernen Look und leichten Komfort<br data-start=\"527\" data-end=\"530\">- Breite zylindrische Scheibe f\u00fcr maximales Sichtfeld<br data-start=\"582\" data-end=\"585\">- Integrierte Bel\u00fcftung f\u00fcr kontinuierlichen Luftstrom<br data-start=\"634\" data-end=\"637\">- Anti-Beschlag-Beschichtung f\u00fcr klare Sicht bei allen Bedingungen<br data-start=\"699\" data-end=\"702\">- Kompatibel mit jedem Skihelm<\/p>\n","protected":false},"featured_media":61252,"template":"","meta":[],"product_brand":[790],"product_cat":[700,698],"product_tag":[],"class_list":{"0":"post-75757","1":"product","2":"type-product","3":"status-publish","4":"has-post-thumbnail","6":"product_brand-julbo","7":"product_cat-wintersport","8":"product_cat-ski-und-snowboardbrillen","9":"pa_geschikt-voor-sportbrillen-fuer-kinder","10":"pa_kleur-montuur-schwarz","11":"pa_maat-montuur-kinder-von-8-12-jahren","12":"pa_soort-bril-op-sterkte-ohne-sehstaerke","13":"pa_soort-bril-op-sterkte-with-prescription-insert","15":"first","16":"instock","17":"shipping-taxable","18":"purchasable","19":"product-type-simple"},"_links":{"self":[{"href":"https:\/\/specialspex.artitex.dev\/de\/wp-json\/wp\/v2\/product\/75757","targetHints":{"allow":["GET"]}}],"collection":[{"href":"https:\/\/specialspex.artitex.dev\/de\/wp-json\/wp\/v2\/product"}],"about":[{"href":"https:\/\/specialspex.artitex.dev\/de\/wp-json\/wp\/v2\/types\/product"}],"wp:featuredmedia":[{"embeddable":true,"href":"https:\/\/specialspex.artitex.dev\/de\/wp-json\/wp\/v2\/media\/61252"}],"wp:attachment":[{"href":"https:\/\/specialspex.artitex.dev\/de\/wp-json\/wp\/v2\/media?parent=75757"}],"wp:term":[{"taxonomy":"product_brand","embeddable":true,"href":"https:\/\/specialspex.artitex.dev\/de\/wp-json\/wp\/v2\/product_brand?post=75757"},{"taxonomy":"product_cat","embeddable":true,"href":"https:\/\/specialspex.artitex.dev\/de\/wp-json\/wp\/v2\/product_cat?post=75757"},{"taxonomy":"product_tag","embeddable":true,"href":"https:\/\/specialspex.artitex.dev\/de\/wp-json\/wp\/v2\/product_tag?post=75757"}],"curies":[{"name":"wp","href":"https:\/\/api.w.org\/{rel}","templated":true}]}}