{"id":75773,"date":"2025-12-03T21:55:23","date_gmt":"2025-12-03T20:55:23","guid":{"rendered":"https:\/\/specialspex.artitex.dev\/product\/faster-l\/"},"modified":"2026-04-18T12:07:57","modified_gmt":"2026-04-18T10:07:57","slug":"faster-l","status":"publish","type":"product","link":"https:\/\/specialspex.artitex.dev\/de\/sportbrille\/laufen\/julbo-faster-l\/","title":{"rendered":"Faster L Spectron"},"content":{"rendered":"<p data-start=\"59\" data-end=\"337\">Die Julbo FASTER L ist eine ultraleichte, leistungsstarke Sonnenbrille mit einer aerodynamischen, umh\u00fcllenden Form. Die sph\u00e4rischen Monolinsen bieten hervorragende Sicht und Schutz, w\u00e4hrend der bequeme Rahmen f\u00fcr Stabilit\u00e4t bei intensiven Aktivit\u00e4ten sorgt, mit oder ohne Helm. <\/p>\n<p data-start=\"339\" data-end=\"645\"><br data-start=\"366\" data-end=\"369\">- Ultraleichter Rahmen mit aerodynamischer, umh\u00fcllender Form<br data-start=\"425\" data-end=\"428\">- Sph\u00e4rische Monolinsen f\u00fcr optimale Sicht und Schutz<\/p>\n<p data-start=\"339\" data-end=\"645\">- <strong data-start=\"40\" data-end=\"67\">Julbo Spectron 3<\/strong> ist eine dunkle, robuste Sportbrille mit UV-Schutz, ideal f\u00fcr sonnige Tage und aktive Outdoor-Sportarten<br data-start=\"483\" data-end=\"486\">- Bequem und stabil, bleibt auch bei Bewegung an Ort und Stelle<br data-start=\"543\" data-end=\"546\">- Geeignet f\u00fcr den Helm und verschiedene sportliche Aktivit\u00e4ten<br data-start=\"602\" data-end=\"605\">- Ideal zum Laufen, Radfahren und Skifahren<\/p>\n<p>&nbsp;<\/p>\n","protected":false},"excerpt":{"rendered":"<p data-start=\"59\" data-end=\"337\">Die Julbo FASTER L ist eine ultraleichte, leistungsstarke Sonnenbrille mit einer aerodynamischen, umh\u00fcllenden Form. Die sph\u00e4rischen Monolinsen bieten hervorragende Sicht und Schutz, w\u00e4hrend der bequeme Rahmen f\u00fcr Stabilit\u00e4t bei intensiven Aktivit\u00e4ten sorgt, mit oder ohne Helm. <\/p>\n<p data-start=\"339\" data-end=\"645\"><br data-start=\"366\" data-end=\"369\">- Ultraleichter Rahmen mit aerodynamischer, umh\u00fcllender Form<br data-start=\"425\" data-end=\"428\">- Sph\u00e4rische Monolinsen f\u00fcr optimale Sicht und Schutz<\/p>\n<p data-start=\"339\" data-end=\"645\">- <strong data-start=\"40\" data-end=\"67\">Julbo Spectron 3<\/strong> ist eine dunkle, robuste Sportbrille mit UV-Schutz, ideal f\u00fcr sonnige Tage und aktive Outdoor-Sportarten<br data-start=\"483\" data-end=\"486\">- Bequem und stabil, bleibt auch bei Bewegung an Ort und Stelle<br data-start=\"543\" data-end=\"546\">- Geeignet f\u00fcr den Helm und verschiedene sportliche Aktivit\u00e4ten<br data-start=\"602\" data-end=\"605\">- Ideal zum Laufen, Radfahren und Skifahren<\/p>\n","protected":false},"featured_media":71814,"template":"","meta":[],"product_brand":[790],"product_cat":[584,560,638,561,559],"product_tag":[],"class_list":{"0":"post-75773","1":"product","2":"type-product","3":"status-publish","4":"has-post-thumbnail","6":"product_brand-julbo","7":"product_cat-sportbrille","8":"product_cat-laufen","9":"product_cat-mountainbiking","10":"product_cat-radfahren","11":"product_cat-radfahrerbrille","12":"pa_geschikt-voor-frauen","13":"pa_geschikt-voor-manner","14":"pa_kleur-montuur-blau","15":"pa_kleur-montuur-blau-2","16":"pa_kleur-montuur-grau","17":"pa_kleur-montuur-grun","18":"pa_kleur-montuur-marine","19":"pa_kleur-montuur-schwarz","20":"pa_kleur-montuur-schwarz-3","21":"pa_kleur-montuur-schwarz-2","22":"pa_maat-montuur-klein","23":"pa_maat-montuur-medium","24":"pa_soort-bril-op-sterkte-mit-korrektionsglaesern-im-visier","25":"pa_soort-bril-op-sterkte-ohne-sehstaerke","26":"pa_soort-bril-op-sterkte-with-prescription-insert","28":"first","29":"instock","30":"shipping-taxable","31":"purchasable","32":"product-type-variable"},"_links":{"self":[{"href":"https:\/\/specialspex.artitex.dev\/de\/wp-json\/wp\/v2\/product\/75773","targetHints":{"allow":["GET"]}}],"collection":[{"href":"https:\/\/specialspex.artitex.dev\/de\/wp-json\/wp\/v2\/product"}],"about":[{"href":"https:\/\/specialspex.artitex.dev\/de\/wp-json\/wp\/v2\/types\/product"}],"wp:featuredmedia":[{"embeddable":true,"href":"https:\/\/specialspex.artitex.dev\/de\/wp-json\/wp\/v2\/media\/71814"}],"wp:attachment":[{"href":"https:\/\/specialspex.artitex.dev\/de\/wp-json\/wp\/v2\/media?parent=75773"}],"wp:term":[{"taxonomy":"product_brand","embeddable":true,"href":"https:\/\/specialspex.artitex.dev\/de\/wp-json\/wp\/v2\/product_brand?post=75773"},{"taxonomy":"product_cat","embeddable":true,"href":"https:\/\/specialspex.artitex.dev\/de\/wp-json\/wp\/v2\/product_cat?post=75773"},{"taxonomy":"product_tag","embeddable":true,"href":"https:\/\/specialspex.artitex.dev\/de\/wp-json\/wp\/v2\/product_tag?post=75773"}],"curies":[{"name":"wp","href":"https:\/\/api.w.org\/{rel}","templated":true}]}}