{"id":75778,"date":"2025-12-03T20:40:05","date_gmt":"2025-12-03T19:40:05","guid":{"rendered":"https:\/\/specialspex.artitex.dev\/product\/spark-2\/"},"modified":"2026-04-18T12:08:00","modified_gmt":"2026-04-18T10:08:00","slug":"spark-2","status":"publish","type":"product","link":"https:\/\/specialspex.artitex.dev\/de\/sport-laessig\/julbo-spark-2\/","title":{"rendered":"Spark"},"content":{"rendered":"<p data-start=\"56\" data-end=\"343\">Die Julbo SPARK ist die ideale Wahl f\u00fcr alle, die sich eine Brille w\u00fcnschen, die alles kann: stilvoll in der Stadt, leistungsstark bei sportlichen Aktivit\u00e4ten. Das elegante Design wird mit technischen Grip-Details kombiniert, damit die Brille immer bequem und stabil bleibt - auch in Bewegung. <\/p>\n<p data-start=\"345\" data-end=\"641\"><br data-start=\"372\" data-end=\"375\">- Elegantes, vielseitiges Design f\u00fcr Stadt und Sport<br data-start=\"423\" data-end=\"426\">- Technische F\u00fc\u00dfe und Nase f\u00fcr festen Halt<br data-start=\"472\" data-end=\"475\">- Bequem und stabil bei t\u00e4glichen und aktiven Momenten<br data-start=\"538\" data-end=\"541\">- Vielseitig f\u00fcr eine Vielzahl von Aktivit\u00e4ten<br data-start=\"590\" data-end=\"593\">- Ideal f\u00fcr aktive und stilvolle Nutzer<\/p>\n","protected":false},"excerpt":{"rendered":"<p data-start=\"56\" data-end=\"343\">Die Julbo SPARK ist die ideale Wahl f\u00fcr alle, die sich eine Brille w\u00fcnschen, die alles kann: stilvoll in der Stadt, leistungsstark bei sportlichen Aktivit\u00e4ten. Das elegante Design wird mit technischen Grip-Details kombiniert, damit die Brille immer bequem und stabil bleibt - auch in Bewegung. <\/p>\n<p data-start=\"345\" data-end=\"641\"><br data-start=\"372\" data-end=\"375\">- Elegantes, vielseitiges Design f\u00fcr Stadt und Sport<br data-start=\"423\" data-end=\"426\">- Technische F\u00fc\u00dfe und Nase f\u00fcr festen Halt<br data-start=\"472\" data-end=\"475\">- Bequem und stabil bei t\u00e4glichen und aktiven Momenten<br data-start=\"538\" data-end=\"541\">- Vielseitig f\u00fcr eine Vielzahl von Aktivit\u00e4ten<br data-start=\"590\" data-end=\"593\">- Ideal f\u00fcr aktive und stilvolle Nutzer<\/p>\n","protected":false},"featured_media":61816,"template":"","meta":[],"product_brand":[790],"product_cat":[696,584],"product_tag":[],"class_list":{"0":"post-75778","1":"product","2":"type-product","3":"status-publish","4":"has-post-thumbnail","6":"product_brand-julbo","7":"product_cat-sport-laessig","8":"product_cat-sportbrille","9":"pa_geschikt-voor-frauen","10":"pa_kleur-montuur-grau","11":"pa_soort-bril-op-sterkte-mit-sehstaerke","12":"pa_soort-bril-op-sterkte-ohne-sehstaerke","14":"first","15":"instock","16":"shipping-taxable","17":"purchasable","18":"product-type-simple"},"_links":{"self":[{"href":"https:\/\/specialspex.artitex.dev\/de\/wp-json\/wp\/v2\/product\/75778","targetHints":{"allow":["GET"]}}],"collection":[{"href":"https:\/\/specialspex.artitex.dev\/de\/wp-json\/wp\/v2\/product"}],"about":[{"href":"https:\/\/specialspex.artitex.dev\/de\/wp-json\/wp\/v2\/types\/product"}],"wp:featuredmedia":[{"embeddable":true,"href":"https:\/\/specialspex.artitex.dev\/de\/wp-json\/wp\/v2\/media\/61816"}],"wp:attachment":[{"href":"https:\/\/specialspex.artitex.dev\/de\/wp-json\/wp\/v2\/media?parent=75778"}],"wp:term":[{"taxonomy":"product_brand","embeddable":true,"href":"https:\/\/specialspex.artitex.dev\/de\/wp-json\/wp\/v2\/product_brand?post=75778"},{"taxonomy":"product_cat","embeddable":true,"href":"https:\/\/specialspex.artitex.dev\/de\/wp-json\/wp\/v2\/product_cat?post=75778"},{"taxonomy":"product_tag","embeddable":true,"href":"https:\/\/specialspex.artitex.dev\/de\/wp-json\/wp\/v2\/product_tag?post=75778"}],"curies":[{"name":"wp","href":"https:\/\/api.w.org\/{rel}","templated":true}]}}