{"id":75782,"date":"2025-12-03T21:03:56","date_gmt":"2025-12-03T20:03:56","guid":{"rendered":"https:\/\/specialspex.artitex.dev\/product\/the-streets\/"},"modified":"2026-04-18T12:07:59","modified_gmt":"2026-04-18T10:07:59","slug":"the-streets","status":"publish","type":"product","link":"https:\/\/specialspex.artitex.dev\/de\/sport-laessig\/julbo-the-streets\/","title":{"rendered":"The Streets"},"content":{"rendered":"<p data-start=\"62\" data-end=\"270\">Die Julbo THE STREETS ist eine zeitlose, l\u00e4ssige Brille, die f\u00fcr jede Umgebung geeignet ist. Der ergonomische Rahmen mit weicher, umh\u00fcllender Passform bietet Komfort und Stabilit\u00e4t sowohl in der Stadt als auch in der Natur. <\/p>\n<p data-start=\"272\" data-end=\"568\"><br data-start=\"299\" data-end=\"302\">- Zeitloses, l\u00e4ssiges Design f\u00fcr den Alltag<br data-start=\"351\" data-end=\"354\">- Ergonomischer Rahmen f\u00fcr optimalen Komfort<br data-start=\"402\" data-end=\"405\">- Weiche, anschmiegsame Passform f\u00fcr stabilen Sitz<br data-start=\"453\" data-end=\"456\">- Leicht und bequem f\u00fcr lang anhaltenden Tragekomfort<br data-start=\"507\" data-end=\"510\">- Ideal f\u00fcr die Stadt, das Land und moderne Erkundungen<\/p>\n<p>&nbsp;<\/p>\n","protected":false},"excerpt":{"rendered":"<p data-start=\"62\" data-end=\"270\">Die Julbo THE STREETS ist eine zeitlose, l\u00e4ssige Brille, die f\u00fcr jede Umgebung geeignet ist. Der ergonomische Rahmen mit weicher, umh\u00fcllender Passform bietet Komfort und Stabilit\u00e4t sowohl in der Stadt als auch in der Natur. <\/p>\n<p data-start=\"272\" data-end=\"568\"><br data-start=\"299\" data-end=\"302\">- Zeitloses, l\u00e4ssiges Design f\u00fcr den Alltag<br data-start=\"351\" data-end=\"354\">- Ergonomischer Rahmen f\u00fcr optimalen Komfort<br data-start=\"402\" data-end=\"405\">- Weiche, anschmiegsame Passform f\u00fcr stabilen Sitz<br data-start=\"453\" data-end=\"456\">- Leicht und bequem f\u00fcr lang anhaltenden Tragekomfort<br data-start=\"507\" data-end=\"510\">- Ideal f\u00fcr die Stadt, das Land und moderne Erkundungen<\/p>\n","protected":false},"featured_media":71624,"template":"","meta":[],"product_brand":[790],"product_cat":[584,696],"product_tag":[],"class_list":{"0":"post-75782","1":"product","2":"type-product","3":"status-publish","4":"has-post-thumbnail","6":"product_brand-julbo","7":"product_cat-sportbrille","8":"product_cat-sport-laessig","9":"pa_geschikt-voor-frauen","10":"pa_geschikt-voor-manner","11":"pa_kleur-montuur-braun","12":"pa_kleur-montuur-schwarz","13":"pa_maat-montuur-klein","14":"pa_maat-montuur-medium","15":"pa_soort-bril-op-sterkte-mit-sehstaerke","16":"pa_soort-bril-op-sterkte-ohne-sehstaerke","18":"first","19":"instock","20":"shipping-taxable","21":"purchasable","22":"product-type-variable"},"_links":{"self":[{"href":"https:\/\/specialspex.artitex.dev\/de\/wp-json\/wp\/v2\/product\/75782","targetHints":{"allow":["GET"]}}],"collection":[{"href":"https:\/\/specialspex.artitex.dev\/de\/wp-json\/wp\/v2\/product"}],"about":[{"href":"https:\/\/specialspex.artitex.dev\/de\/wp-json\/wp\/v2\/types\/product"}],"wp:featuredmedia":[{"embeddable":true,"href":"https:\/\/specialspex.artitex.dev\/de\/wp-json\/wp\/v2\/media\/71624"}],"wp:attachment":[{"href":"https:\/\/specialspex.artitex.dev\/de\/wp-json\/wp\/v2\/media?parent=75782"}],"wp:term":[{"taxonomy":"product_brand","embeddable":true,"href":"https:\/\/specialspex.artitex.dev\/de\/wp-json\/wp\/v2\/product_brand?post=75782"},{"taxonomy":"product_cat","embeddable":true,"href":"https:\/\/specialspex.artitex.dev\/de\/wp-json\/wp\/v2\/product_cat?post=75782"},{"taxonomy":"product_tag","embeddable":true,"href":"https:\/\/specialspex.artitex.dev\/de\/wp-json\/wp\/v2\/product_tag?post=75782"}],"curies":[{"name":"wp","href":"https:\/\/api.w.org\/{rel}","templated":true}]}}