{"id":75787,"date":"2025-12-03T20:19:33","date_gmt":"2025-12-03T19:19:33","guid":{"rendered":"https:\/\/specialspex.artitex.dev\/product\/shine-l\/"},"modified":"2026-04-18T12:08:01","modified_gmt":"2026-04-18T10:08:01","slug":"shine-l","status":"publish","type":"product","link":"https:\/\/specialspex.artitex.dev\/de\/sport-laessig\/julbo-shine-l\/","title":{"rendered":"Shine L"},"content":{"rendered":"<p data-start=\"58\" data-end=\"351\">Die Julbo SHINE L ist eine elegante, vielseitige Performance-Brille in Pantoform, die sowohl in der Stadt als auch in der Natur perfekt passt. Die schlanken Federn, der technische Nasensteg und die Grip Tech-Eins\u00e4tze sorgen f\u00fcr einen bequemen und stabilen Sitz bei allt\u00e4glichen und sportlichen Aktivit\u00e4ten. <\/p>\n<p data-start=\"353\" data-end=\"664\"><br data-start=\"380\" data-end=\"383\">- Elegante Pantoform f\u00fcr den t\u00e4glichen Gebrauch und Outdoor-Aktivit\u00e4ten<br data-start=\"449\" data-end=\"452\">- Schlanke, leichte Federn f\u00fcr hohen Tragekomfort<br data-start=\"497\" data-end=\"500\">- Technischer Nasensteg mit Grip Tech f\u00fcr zus\u00e4tzliche Stabilit\u00e4t<br data-start=\"557\" data-end=\"560\">- Vielseitiges Design f\u00fcr eine Vielzahl von Situationen<br data-start=\"609\" data-end=\"612\">- Ideal f\u00fcr aktive Nutzer in der Stadt und im Freien<\/p>\n<p>&nbsp;<\/p>\n","protected":false},"excerpt":{"rendered":"<p data-start=\"58\" data-end=\"351\">Die Julbo SHINE L ist eine elegante, vielseitige Performance-Brille in Pantoform, die sowohl in der Stadt als auch in der Natur perfekt passt. Die schlanken Federn, der technische Nasensteg und die Grip Tech-Eins\u00e4tze sorgen f\u00fcr einen bequemen und stabilen Sitz bei allt\u00e4glichen und sportlichen Aktivit\u00e4ten. <\/p>\n<p data-start=\"353\" data-end=\"664\"><br data-start=\"380\" data-end=\"383\">- Elegante Pantoform f\u00fcr den t\u00e4glichen Gebrauch und Outdoor-Aktivit\u00e4ten<br data-start=\"449\" data-end=\"452\">- Schlanke, leichte Federn f\u00fcr hohen Tragekomfort<br data-start=\"497\" data-end=\"500\">- Technischer Nasensteg mit Grip Tech f\u00fcr zus\u00e4tzliche Stabilit\u00e4t<br data-start=\"557\" data-end=\"560\">- Vielseitiges Design f\u00fcr eine Vielzahl von Situationen<br data-start=\"609\" data-end=\"612\">- Ideal f\u00fcr aktive Nutzer in der Stadt und im Freien<\/p>\n","protected":false},"featured_media":71560,"template":"","meta":[],"product_brand":[790],"product_cat":[696,584],"product_tag":[],"class_list":{"0":"post-75787","1":"product","2":"type-product","3":"status-publish","4":"has-post-thumbnail","6":"product_brand-julbo","7":"product_cat-sport-laessig","8":"product_cat-sportbrille","9":"pa_geschikt-voor-frauen","10":"pa_kleur-montuur-gold","11":"pa_kleur-montuur-schwarz","12":"pa_maat-montuur-medium","13":"pa_soort-bril-op-sterkte-mit-sehstaerke","14":"pa_soort-bril-op-sterkte-ohne-sehstaerke","16":"first","17":"instock","18":"shipping-taxable","19":"purchasable","20":"product-type-variable"},"_links":{"self":[{"href":"https:\/\/specialspex.artitex.dev\/de\/wp-json\/wp\/v2\/product\/75787","targetHints":{"allow":["GET"]}}],"collection":[{"href":"https:\/\/specialspex.artitex.dev\/de\/wp-json\/wp\/v2\/product"}],"about":[{"href":"https:\/\/specialspex.artitex.dev\/de\/wp-json\/wp\/v2\/types\/product"}],"wp:featuredmedia":[{"embeddable":true,"href":"https:\/\/specialspex.artitex.dev\/de\/wp-json\/wp\/v2\/media\/71560"}],"wp:attachment":[{"href":"https:\/\/specialspex.artitex.dev\/de\/wp-json\/wp\/v2\/media?parent=75787"}],"wp:term":[{"taxonomy":"product_brand","embeddable":true,"href":"https:\/\/specialspex.artitex.dev\/de\/wp-json\/wp\/v2\/product_brand?post=75787"},{"taxonomy":"product_cat","embeddable":true,"href":"https:\/\/specialspex.artitex.dev\/de\/wp-json\/wp\/v2\/product_cat?post=75787"},{"taxonomy":"product_tag","embeddable":true,"href":"https:\/\/specialspex.artitex.dev\/de\/wp-json\/wp\/v2\/product_tag?post=75787"}],"curies":[{"name":"wp","href":"https:\/\/api.w.org\/{rel}","templated":true}]}}