{"id":75838,"date":"2025-12-03T14:20:14","date_gmt":"2025-12-03T13:20:14","guid":{"rendered":"https:\/\/specialspex.artitex.dev\/product\/71190\/"},"modified":"2025-12-03T14:20:14","modified_gmt":"2025-12-03T13:20:14","slug":"71190","status":"publish","type":"product","link":"https:\/\/specialspex.artitex.dev\/de\/sportbrille\/golfbrille\/oakley-71190\/","title":{"rendered":"Thurso"},"content":{"rendered":"<p data-start=\"183\" data-end=\"637\">Die Oakley Thurso ist eine moderne Lifestyle-Brille, die Komfort und Vielseitigkeit mit einem schlanken, modernen Look kombiniert. Das leichte O Matter-Material macht die Brille langlebig und bequem genug f\u00fcr den t\u00e4glichen Gebrauch, w\u00e4hrend der Drei-Punkt-Sitz f\u00fcr eine stabile und pr\u00e4zise Ausrichtung der Gl\u00e4ser sorgt. Die Form der Thurso bietet eine nat\u00fcrliche Passform f\u00fcr eine Vielzahl von Gesichtsformen und wirkt sowohl sportlich als auch l\u00e4ssig.  <\/p>\n<p data-start=\"639\" data-end=\"874\">Dank der subtilen Wickelung und der weichen Linienf\u00fchrung bietet dieses Modell ein angenehmes Tragegef\u00fchl und ausreichend Schutz vor Sonnenlicht und Reflexionen. Die Thurso ist ideal f\u00fcr den t\u00e4glichen Gebrauch, die Arbeit, die Freizeit und leichte sportliche Aktivit\u00e4ten. <\/p>\n<p data-start=\"876\" data-end=\"1298\">- Leichter und strapazierf\u00e4higer O Matter-Rahmen<br data-start=\"919\" data-end=\"922\">- Drei-Punkt-Sitz f\u00fcr stabile und pr\u00e4zise Ausrichtung<br data-start=\"979\" data-end=\"982\">- Bequeme, alltagstaugliche Passform<br data-start=\"1036\" data-end=\"1039\">- Modernes, vielseitiges Design f\u00fcr l\u00e4ssige und aktive Momente<br data-start=\"1111\" data-end=\"1114\">- Erh\u00e4ltlich mit Prizm-Gl\u00e4sern f\u00fcr besseren Kontrast und mehr Details<br data-start=\"1175\" data-end=\"1178\">- Erh\u00e4ltlich mit Korrektionsgl\u00e4sern, sowohl mit Specialspex-Gl\u00e4sern als auch mit Original-Oakley-Gl\u00e4sern<br data-start=\"1258\" data-end=\"1261\">- Inklusive Schutzh\u00fclle<\/p>\n","protected":false},"excerpt":{"rendered":"<p data-start=\"183\" data-end=\"637\">Die Oakley Thurso ist eine moderne Lifestyle-Brille, die Komfort und Vielseitigkeit mit einem schlanken, zeitgem\u00e4\u00dfen Look kombiniert. Das leichte O Matter-Material macht die Brille langlebig und bequem genug f\u00fcr den t\u00e4glichen Gebrauch, w\u00e4hrend der Drei-Punkt-Sitz f\u00fcr eine stabile und pr\u00e4zise Ausrichtung der Gl\u00e4ser sorgt. Die Form der Thurso bietet eine nat\u00fcrliche Passform f\u00fcr eine Vielzahl von Gesichtsformen und wirkt sowohl sportlich als auch l\u00e4ssig.  <\/p>\n<p data-start=\"639\" data-end=\"874\">Dank der subtilen Wickelung und der weichen Linienf\u00fchrung bietet dieses Modell ein angenehmes Tragegef\u00fchl und ausreichend Schutz vor Sonnenlicht und Reflexionen. Die Thurso ist ideal f\u00fcr den t\u00e4glichen Gebrauch, die Arbeit, die Freizeit und leichte sportliche Aktivit\u00e4ten. <\/p>\n<p data-start=\"876\" data-end=\"1298\">- Leichter und strapazierf\u00e4higer O Matter-Rahmen<br data-start=\"919\" data-end=\"922\">- Drei-Punkt-Sitz f\u00fcr stabile und pr\u00e4zise Ausrichtung<br data-start=\"979\" data-end=\"982\">- Bequeme, alltagstaugliche Passform<br data-start=\"1036\" data-end=\"1039\">- Modernes, vielseitiges Design f\u00fcr l\u00e4ssige und aktive Momente<br data-start=\"1111\" data-end=\"1114\">- Erh\u00e4ltlich mit Prizm-Gl\u00e4sern f\u00fcr besseren Kontrast und mehr Details<br data-start=\"1175\" data-end=\"1178\">- Erh\u00e4ltlich mit Korrektionsgl\u00e4sern, sowohl mit Specialspex-Gl\u00e4sern als auch mit Original-Oakley-Gl\u00e4sern<br data-start=\"1258\" data-end=\"1261\">- Inklusive Schutzh\u00fclle<\/p>\n","protected":false},"featured_media":71207,"template":"","meta":[],"product_brand":[806],"product_cat":[584,660,696],"product_tag":[],"class_list":{"0":"post-75838","1":"product","2":"type-product","3":"status-publish","4":"has-post-thumbnail","6":"product_brand-oakley","7":"product_cat-sportbrille","8":"product_cat-golfbrille","9":"product_cat-sport-laessig","10":"pa_geschikt-voor-frauen","11":"pa_geschikt-voor-manner","12":"pa_kleur-montuur-braun","13":"pa_kleur-montuur-schwarz","14":"pa_maat-montuur-gross","15":"pa_maat-montuur-medium","16":"pa_soort-bril-op-sterkte-ohne-sehstaerke","18":"first","19":"instock","20":"sale","21":"shipping-taxable","22":"purchasable","23":"product-type-variable"},"_links":{"self":[{"href":"https:\/\/specialspex.artitex.dev\/de\/wp-json\/wp\/v2\/product\/75838","targetHints":{"allow":["GET"]}}],"collection":[{"href":"https:\/\/specialspex.artitex.dev\/de\/wp-json\/wp\/v2\/product"}],"about":[{"href":"https:\/\/specialspex.artitex.dev\/de\/wp-json\/wp\/v2\/types\/product"}],"wp:featuredmedia":[{"embeddable":true,"href":"https:\/\/specialspex.artitex.dev\/de\/wp-json\/wp\/v2\/media\/71207"}],"wp:attachment":[{"href":"https:\/\/specialspex.artitex.dev\/de\/wp-json\/wp\/v2\/media?parent=75838"}],"wp:term":[{"taxonomy":"product_brand","embeddable":true,"href":"https:\/\/specialspex.artitex.dev\/de\/wp-json\/wp\/v2\/product_brand?post=75838"},{"taxonomy":"product_cat","embeddable":true,"href":"https:\/\/specialspex.artitex.dev\/de\/wp-json\/wp\/v2\/product_cat?post=75838"},{"taxonomy":"product_tag","embeddable":true,"href":"https:\/\/specialspex.artitex.dev\/de\/wp-json\/wp\/v2\/product_tag?post=75838"}],"curies":[{"name":"wp","href":"https:\/\/api.w.org\/{rel}","templated":true}]}}