{"id":75842,"date":"2025-12-03T21:19:06","date_gmt":"2025-12-03T20:19:06","guid":{"rendered":"https:\/\/specialspex.artitex.dev\/product\/whoops\/"},"modified":"2026-04-18T12:07:59","modified_gmt":"2026-04-18T10:07:59","slug":"whoops","status":"publish","type":"product","link":"https:\/\/specialspex.artitex.dev\/de\/sportbrille\/bergsteigerbrille\/julbo-whoops\/","title":{"rendered":"Whoops"},"content":{"rendered":"<p data-start=\"57\" data-end=\"265\">Die Julbo WHOOPS ist eine vielseitige Brille f\u00fcr schmale Gesichter, die f\u00fcr jedes Terrain geeignet ist. Der sch\u00fctzende Rahmen und die gebogenen Beine sorgen f\u00fcr einen bequemen, stabilen Sitz bei jeder Aktivit\u00e4t. <\/p>\n<p data-start=\"267\" data-end=\"543\"><br data-start=\"294\" data-end=\"297\">- Speziell entwickelt f\u00fcr schmale Gesichter<br data-start=\"339\" data-end=\"342\">- Sch\u00fctzende Rahmen f\u00fcr vielseitigen Einsatz<br data-start=\"387\" data-end=\"390\">- Gebogene Beine f\u00fcr optimalen Halt und Komfort<br data-start=\"435\" data-end=\"438\">- Leicht und stabil in der Bewegung<br data-start=\"480\" data-end=\"483\">- Ideal f\u00fcr Outdoor-Aktivit\u00e4ten<\/p>\n","protected":false},"excerpt":{"rendered":"<p data-start=\"57\" data-end=\"265\">Die Julbo WHOOPS ist eine vielseitige Brille f\u00fcr schmale Gesichter, die f\u00fcr jedes Terrain geeignet ist. Der sch\u00fctzende Rahmen und die gebogenen Beine sorgen f\u00fcr einen bequemen, stabilen Sitz bei jeder Aktivit\u00e4t. <\/p>\n<p data-start=\"267\" data-end=\"543\"><br data-start=\"294\" data-end=\"297\">- Speziell entwickelt f\u00fcr schmale Gesichter<br data-start=\"339\" data-end=\"342\">- Sch\u00fctzende Rahmen f\u00fcr vielseitigen Einsatz<br data-start=\"387\" data-end=\"390\">- Gebogene Beine f\u00fcr optimalen Halt und Komfort<br data-start=\"435\" data-end=\"438\">- Leicht und stabil in der Bewegung<br data-start=\"480\" data-end=\"483\">- Ideal f\u00fcr Aktivit\u00e4ten im Freien<\/p>\n","protected":false},"featured_media":45304,"template":"","meta":[],"product_brand":[790],"product_cat":[658,699,661],"product_tag":[],"class_list":{"0":"post-75842","1":"product","2":"type-product","3":"status-publish","4":"has-post-thumbnail","6":"product_brand-julbo","7":"product_cat-bergsteigerbrille","8":"product_cat-gletscher","9":"product_cat-wandern","10":"pa_geschikt-voor-frauen","11":"pa_geschikt-voor-manner","12":"pa_kleur-montuur-schwarz","13":"pa_soort-bril-op-sterkte-mit-sehstaerke","14":"pa_soort-bril-op-sterkte-ohne-sehstaerke","16":"first","17":"instock","18":"shipping-taxable","19":"purchasable","20":"product-type-simple"},"_links":{"self":[{"href":"https:\/\/specialspex.artitex.dev\/de\/wp-json\/wp\/v2\/product\/75842","targetHints":{"allow":["GET"]}}],"collection":[{"href":"https:\/\/specialspex.artitex.dev\/de\/wp-json\/wp\/v2\/product"}],"about":[{"href":"https:\/\/specialspex.artitex.dev\/de\/wp-json\/wp\/v2\/types\/product"}],"wp:featuredmedia":[{"embeddable":true,"href":"https:\/\/specialspex.artitex.dev\/de\/wp-json\/wp\/v2\/media\/45304"}],"wp:attachment":[{"href":"https:\/\/specialspex.artitex.dev\/de\/wp-json\/wp\/v2\/media?parent=75842"}],"wp:term":[{"taxonomy":"product_brand","embeddable":true,"href":"https:\/\/specialspex.artitex.dev\/de\/wp-json\/wp\/v2\/product_brand?post=75842"},{"taxonomy":"product_cat","embeddable":true,"href":"https:\/\/specialspex.artitex.dev\/de\/wp-json\/wp\/v2\/product_cat?post=75842"},{"taxonomy":"product_tag","embeddable":true,"href":"https:\/\/specialspex.artitex.dev\/de\/wp-json\/wp\/v2\/product_tag?post=75842"}],"curies":[{"name":"wp","href":"https:\/\/api.w.org\/{rel}","templated":true}]}}