{"id":75857,"date":"2025-12-01T15:27:33","date_gmt":"2025-12-01T14:27:33","guid":{"rendered":"https:\/\/specialspex.artitex.dev\/product\/crossline\/"},"modified":"2025-12-01T15:27:33","modified_gmt":"2025-12-01T14:27:33","slug":"crossline","status":"publish","type":"product","link":"https:\/\/specialspex.artitex.dev\/de\/sportbrille\/julbo-crossline\/","title":{"rendered":"Crossline"},"content":{"rendered":"<p data-start=\"131\" data-end=\"468\">Die Julbo Crossline ist eine vielseitige Multisport-Sonnenbrille, die m\u00fchelos mit deinem aktiven Lebensstil mitgeht. Dank des mittelgro\u00dfen, verst\u00e4rkten Rahmens passt sie sich praktisch jedem Gesicht an und ist ideal zum Laufen, Radfahren oder f\u00fcr den t\u00e4glichen Gebrauch. Perfekt f\u00fcr alle, die Stil und optische Korrektur kombinieren wollen.  <\/p>\n<p data-start=\"470\" data-end=\"788\"><br data-start=\"497\" data-end=\"500\">- Verst\u00e4rkte, leichte Fassung f\u00fcr intensiven Alltagsgebrauch<br data-start=\"559\" data-end=\"562\">- 3D Fit Nose Evo f\u00fcr festen, bequemen Sitz<br data-start=\"614\" data-end=\"617\">- D\u00fcnne CustomFIT-B\u00fcgel f\u00fcr optimale Passform<br data-start=\"666\" data-end=\"669\" data-is-only-node=\"\">- Geeignet f\u00fcr Sport und Outdoor-Aktivit\u00e4ten<br data-start=\"714\" data-end=\"717\">- Auch mit Korrektionsgl\u00e4sern in verschiedenen T\u00f6nungen \/ Co-T\u00f6nungen erh\u00e4ltlich<\/p>\n<p>&nbsp;<\/p>\n","protected":false},"excerpt":{"rendered":"<p data-start=\"131\" data-end=\"468\">Die Julbo Crossline ist eine vielseitige Multisport-Sonnenbrille, die m\u00fchelos mit deinem aktiven Lebensstil mitgeht. Dank des mittelgro\u00dfen, verst\u00e4rkten Rahmens passt sie praktisch auf jedes Gesicht und ist ideal zum Laufen, Radfahren oder f\u00fcr den t\u00e4glichen Gebrauch. Perfekt f\u00fcr alle, die Stil und optische Korrektur kombinieren wollen.  <\/p>\n<p data-start=\"470\" data-end=\"788\"><br data-start=\"497\" data-end=\"500\">- Verst\u00e4rkte, leichte Fassung f\u00fcr intensiven Alltagsgebrauch<br data-start=\"559\" data-end=\"562\">- 3D Fit Nose Evo f\u00fcr festen, bequemen Sitz<br data-start=\"614\" data-end=\"617\">- D\u00fcnne CustomFIT-B\u00fcgel f\u00fcr optimale Passform<br data-start=\"666\" data-end=\"669\" data-is-only-node=\"\">- Geeignet f\u00fcr Sport und Outdoor-Aktivit\u00e4ten<br data-start=\"714\" data-end=\"717\">- Auch mit Korrektionsgl\u00e4sern in verschiedenen T\u00f6nungen \/ Co-T\u00f6nungen erh\u00e4ltlich<\/p>\n","protected":false},"featured_media":69399,"template":"","meta":[],"product_brand":[790],"product_cat":[584],"product_tag":[],"class_list":{"0":"post-75857","1":"product","2":"type-product","3":"status-publish","4":"has-post-thumbnail","6":"product_brand-julbo","7":"product_cat-sportbrille","8":"pa_geschikt-voor-frauen","9":"pa_geschikt-voor-manner","10":"pa_kleur-montuur-blau","11":"pa_kleur-montuur-grun","12":"pa_kleur-montuur-schwarz","13":"pa_maat-montuur-gross","14":"pa_maat-montuur-medium","15":"pa_soort-bril-op-sterkte-mit-sehstaerke","16":"pa_soort-bril-op-sterkte-ohne-sehstaerke","18":"first","19":"instock","20":"shipping-taxable","21":"purchasable","22":"product-type-variable"},"_links":{"self":[{"href":"https:\/\/specialspex.artitex.dev\/de\/wp-json\/wp\/v2\/product\/75857","targetHints":{"allow":["GET"]}}],"collection":[{"href":"https:\/\/specialspex.artitex.dev\/de\/wp-json\/wp\/v2\/product"}],"about":[{"href":"https:\/\/specialspex.artitex.dev\/de\/wp-json\/wp\/v2\/types\/product"}],"wp:featuredmedia":[{"embeddable":true,"href":"https:\/\/specialspex.artitex.dev\/de\/wp-json\/wp\/v2\/media\/69399"}],"wp:attachment":[{"href":"https:\/\/specialspex.artitex.dev\/de\/wp-json\/wp\/v2\/media?parent=75857"}],"wp:term":[{"taxonomy":"product_brand","embeddable":true,"href":"https:\/\/specialspex.artitex.dev\/de\/wp-json\/wp\/v2\/product_brand?post=75857"},{"taxonomy":"product_cat","embeddable":true,"href":"https:\/\/specialspex.artitex.dev\/de\/wp-json\/wp\/v2\/product_cat?post=75857"},{"taxonomy":"product_tag","embeddable":true,"href":"https:\/\/specialspex.artitex.dev\/de\/wp-json\/wp\/v2\/product_tag?post=75857"}],"curies":[{"name":"wp","href":"https:\/\/api.w.org\/{rel}","templated":true}]}}