{"id":75861,"date":"2025-12-01T15:23:25","date_gmt":"2025-12-01T14:23:25","guid":{"rendered":"https:\/\/specialspex.artitex.dev\/product\/holbrook-rx-54\/"},"modified":"2025-12-01T15:23:25","modified_gmt":"2025-12-01T14:23:25","slug":"holbrook-rx-54","status":"publish","type":"product","link":"https:\/\/specialspex.artitex.dev\/de\/sport-laessig\/oakley-holbrook-rx-54\/","title":{"rendered":"Holbrook Rx 54"},"content":{"rendered":"<p data-start=\"202\" data-end=\"708\">Die Oakley Holbrook RX 54 ist die optische Version des kultigen Holbrook-Designs. Diese Fassung kombiniert die vertraute klassische Form mit moderner Oakley-Technologie und ist damit ideal f\u00fcr den Alltag, die Arbeit und die Freizeit. Das leichte O Matter-Material sorgt f\u00fcr lang anhaltenden Tragekomfort, w\u00e4hrend die Metallnieten und die Square-O-Details der Fassung ihren unverwechselbaren Look verleihen. Die nat\u00fcrliche Kurve und die mittlere Passform der RX 54 bieten ein stabiles und bequemes Tragegef\u00fchl.   <\/p>\n<p data-start=\"710\" data-end=\"1039\">- Leichte und langlebige O Matter-Fassung<br data-start=\"753\" data-end=\"756\">- Ikonisches Holbrook-Design mit Metallnieten und Square-O-Details<br data-start=\"823\" data-end=\"826\">- Bequeme, alltagstaugliche Passform<br data-start=\"880\" data-end=\"883\">- Geeignet f\u00fcr mittlere bis gr\u00f6\u00dfere Gesichtsformen<br data-start=\"937\" data-end=\"940\">- Mit hochwertigen Specialspex-Gl\u00e4sern erh\u00e4ltlich<br data-start=\"999\" data-end=\"1002\">- Inklusive Schutzetui<\/p>\n","protected":false},"excerpt":{"rendered":"<p data-start=\"202\" data-end=\"708\">Die Oakley Holbrook RX 54 ist die optische Version des kultigen Holbrook-Designs. Diese Fassung kombiniert die vertraute klassische Form mit moderner Oakley-Technologie und ist damit ideal f\u00fcr den Alltag, die Arbeit und die Freizeit. Das leichte O Matter-Material sorgt f\u00fcr lang anhaltenden Tragekomfort, w\u00e4hrend die Metallnieten und die Square-O-Details der Fassung ihren unverwechselbaren Look verleihen. Die nat\u00fcrliche Kurve und die mittlere Passform der RX 54 bieten ein stabiles und bequemes Tragegef\u00fchl.   <\/p>\n<p data-start=\"710\" data-end=\"1039\">- Leichte und langlebige O Matter-Fassung<br data-start=\"753\" data-end=\"756\">- Ikonisches Holbrook-Design mit Metallnieten und Square-O-Details<br data-start=\"823\" data-end=\"826\">- Bequeme, alltagstaugliche Passform<br data-start=\"880\" data-end=\"883\">- Geeignet f\u00fcr mittlere bis gr\u00f6\u00dfere Gesichtsformen<br data-start=\"937\" data-end=\"940\">- Mit hochwertigen Specialspex-Gl\u00e4sern erh\u00e4ltlich<br data-start=\"999\" data-end=\"1002\">- Inklusive Schutzetui<\/p>\n","protected":false},"featured_media":69340,"template":"","meta":[],"product_brand":[806],"product_cat":[696],"product_tag":[],"class_list":{"0":"post-75861","1":"product","2":"type-product","3":"status-publish","4":"has-post-thumbnail","6":"product_brand-oakley","7":"product_cat-sport-laessig","8":"pa_geschikt-voor-frauen","9":"pa_geschikt-voor-manner","10":"pa_kleur-montuur-blau","11":"pa_kleur-montuur-braun","12":"pa_kleur-montuur-schwarz","13":"pa_kleur-montuur-transparent-klar","14":"pa_maat-montuur-klein","15":"pa_maat-montuur-medium","16":"pa_soort-bril-op-sterkte-mit-sehstaerke","18":"first","19":"instock","20":"sale","21":"shipping-taxable","22":"purchasable","23":"product-type-variable"},"_links":{"self":[{"href":"https:\/\/specialspex.artitex.dev\/de\/wp-json\/wp\/v2\/product\/75861","targetHints":{"allow":["GET"]}}],"collection":[{"href":"https:\/\/specialspex.artitex.dev\/de\/wp-json\/wp\/v2\/product"}],"about":[{"href":"https:\/\/specialspex.artitex.dev\/de\/wp-json\/wp\/v2\/types\/product"}],"wp:featuredmedia":[{"embeddable":true,"href":"https:\/\/specialspex.artitex.dev\/de\/wp-json\/wp\/v2\/media\/69340"}],"wp:attachment":[{"href":"https:\/\/specialspex.artitex.dev\/de\/wp-json\/wp\/v2\/media?parent=75861"}],"wp:term":[{"taxonomy":"product_brand","embeddable":true,"href":"https:\/\/specialspex.artitex.dev\/de\/wp-json\/wp\/v2\/product_brand?post=75861"},{"taxonomy":"product_cat","embeddable":true,"href":"https:\/\/specialspex.artitex.dev\/de\/wp-json\/wp\/v2\/product_cat?post=75861"},{"taxonomy":"product_tag","embeddable":true,"href":"https:\/\/specialspex.artitex.dev\/de\/wp-json\/wp\/v2\/product_tag?post=75861"}],"curies":[{"name":"wp","href":"https:\/\/api.w.org\/{rel}","templated":true}]}}