{"id":75865,"date":"2025-12-01T14:17:41","date_gmt":"2025-12-01T13:17:41","guid":{"rendered":"https:\/\/specialspex.artitex.dev\/product\/holbrook\/"},"modified":"2025-12-01T14:17:41","modified_gmt":"2025-12-01T13:17:41","slug":"holbrook","status":"publish","type":"product","link":"https:\/\/specialspex.artitex.dev\/de\/sportbrille\/oakley-holbrook\/","title":{"rendered":"Holbrook"},"content":{"rendered":"<p data-start=\"177\" data-end=\"705\">Die Oakley Holbrook ist ein zeitloses und kultiges Design, das klassische Linien mit moderner Oakley-Technologie kombiniert. Inspiriert von den Filmhelden der 1940er, 50er und 60er Jahre, strahlt diese Brille Abenteuer- und Entdeckergeist aus. Der leichte O Matter-Rahmen bietet langanhaltenden Komfort, w\u00e4hrend die charakteristischen Metallnieten und Square-O-Details f\u00fcr den unverkennbaren Holbrook-Stil sorgen. Die 6-Basen-Glasform sorgt f\u00fcr eine nat\u00fcrliche Passform und ein weites Sichtfeld und eignet sich sowohl f\u00fcr den Alltag als auch f\u00fcr aktive Momente.   <\/p>\n<p data-start=\"707\" data-end=\"1123\">- Leichter O Matter-Rahmen mit ikonischen Metalldetails in Form eines quadratischen O<br data-start=\"777\" data-end=\"780\">- 6-Basen-Glasgeometrie mit HDO-Optik f\u00fcr klare und pr\u00e4zise Sicht<br data-start=\"849\" data-end=\"852\">- Erh\u00e4ltlich mit Prizm-Gl\u00e4sern f\u00fcr verbesserten Kontrast und Detailsicht<br data-start=\"926\" data-end=\"929\">- M\u00f6glich mit polarisierten und Iridium-Gl\u00e4sern f\u00fcr reduzierte Blendung<br data-start=\"1000\" data-end=\"1003\">- Erh\u00e4ltlich sowohl mit Specialspex-Gl\u00e4sern als auch mit Original-Oakley-Gl\u00e4sern<br data-start=\"1083\" data-end=\"1086\">- Inklusive Schutzh\u00fclle<\/p>\n","protected":false},"excerpt":{"rendered":"<p data-start=\"177\" data-end=\"705\">Die Oakley Holbrook ist ein zeitloses und kultiges Design, das klassische Linien mit moderner Oakley-Technologie kombiniert. Inspiriert von den Filmhelden der 1940er, 50er und 60er Jahre, strahlt diese Brille Abenteuer- und Entdeckergeist aus. Der leichte O Matter-Rahmen bietet langanhaltenden Komfort, w\u00e4hrend die charakteristischen Metallnieten und die Square-O-Details f\u00fcr den erkennbaren Holbrook-Stil sorgen. Die 6-Basen-Glasform sorgt f\u00fcr eine nat\u00fcrliche Passform und ein weites Sichtfeld und eignet sich sowohl f\u00fcr den Alltag als auch f\u00fcr aktive Momente.   <\/p>\n<p data-start=\"707\" data-end=\"1123\">- Leichter O Matter-Rahmen mit ikonischen Metalldetails in Form eines quadratischen O<br data-start=\"777\" data-end=\"780\">- 6-Basen-Glasgeometrie mit HDO-Optik f\u00fcr klare und pr\u00e4zise Sicht<br data-start=\"849\" data-end=\"852\">- Erh\u00e4ltlich mit Prizm-Gl\u00e4sern f\u00fcr verbesserten Kontrast und Detailsicht<br data-start=\"926\" data-end=\"929\">- M\u00f6glich mit polarisierten und Iridium-Gl\u00e4sern f\u00fcr reduzierte Blendung<br data-start=\"1000\" data-end=\"1003\">- Erh\u00e4ltlich sowohl mit Specialspex-Gl\u00e4sern als auch mit Original-Oakley-Gl\u00e4sern<br data-start=\"1083\" data-end=\"1086\">- Inklusive Schutzh\u00fclle<\/p>\n","protected":false},"featured_media":69261,"template":"","meta":[],"product_brand":[806],"product_cat":[584],"product_tag":[],"class_list":{"0":"post-75865","1":"product","2":"type-product","3":"status-publish","4":"has-post-thumbnail","6":"product_brand-oakley","7":"product_cat-sportbrille","8":"pa_geschikt-voor-frauen","9":"pa_geschikt-voor-manner","10":"pa_kleur-montuur-braun","11":"pa_kleur-montuur-camouflage","12":"pa_kleur-montuur-grau","13":"pa_kleur-montuur-schwarz-3","14":"pa_kleur-montuur-schwarz","15":"pa_kleur-montuur-schwarz-2","16":"pa_maat-montuur-gross","17":"pa_maat-montuur-medium","19":"first","20":"instock","21":"sale","22":"shipping-taxable","23":"purchasable","24":"product-type-variable"},"_links":{"self":[{"href":"https:\/\/specialspex.artitex.dev\/de\/wp-json\/wp\/v2\/product\/75865","targetHints":{"allow":["GET"]}}],"collection":[{"href":"https:\/\/specialspex.artitex.dev\/de\/wp-json\/wp\/v2\/product"}],"about":[{"href":"https:\/\/specialspex.artitex.dev\/de\/wp-json\/wp\/v2\/types\/product"}],"wp:featuredmedia":[{"embeddable":true,"href":"https:\/\/specialspex.artitex.dev\/de\/wp-json\/wp\/v2\/media\/69261"}],"wp:attachment":[{"href":"https:\/\/specialspex.artitex.dev\/de\/wp-json\/wp\/v2\/media?parent=75865"}],"wp:term":[{"taxonomy":"product_brand","embeddable":true,"href":"https:\/\/specialspex.artitex.dev\/de\/wp-json\/wp\/v2\/product_brand?post=75865"},{"taxonomy":"product_cat","embeddable":true,"href":"https:\/\/specialspex.artitex.dev\/de\/wp-json\/wp\/v2\/product_cat?post=75865"},{"taxonomy":"product_tag","embeddable":true,"href":"https:\/\/specialspex.artitex.dev\/de\/wp-json\/wp\/v2\/product_tag?post=75865"}],"curies":[{"name":"wp","href":"https:\/\/api.w.org\/{rel}","templated":true}]}}