{"id":75875,"date":"2025-12-01T13:24:27","date_gmt":"2025-12-01T12:24:27","guid":{"rendered":"https:\/\/specialspex.artitex.dev\/product\/gibston\/"},"modified":"2025-12-01T13:24:27","modified_gmt":"2025-12-01T12:24:27","slug":"gibston","status":"publish","type":"product","link":"https:\/\/specialspex.artitex.dev\/de\/sportbrille\/bergsteigerbrille\/oakley-gibston\/","title":{"rendered":"Gibston"},"content":{"rendered":"<p data-start=\"204\" data-end=\"729\">Die Oakley Gibston ist eine stylische High-Wrap-Fassung, die hervorragenden Schutz mit einem modernen, sportlichen Look kombiniert. Dank der vollst\u00e4ndig umschlie\u00dfenden Form bietet die Brille optimalen Schutz vor Sonne und Wind, ideal f\u00fcr aktiven Sport und den t\u00e4glichen Gebrauch. Der leichte O Matter-Rahmen sorgt f\u00fcr lang anhaltenden Tragekomfort, w\u00e4hrend der Drei-Punkt-Sitz die Brille pr\u00e4zise und stabil ausrichtet. Die Gibston ist au\u00dferdem m\u00fctzenkompatibel, sodass du sie m\u00fchelos mit einer M\u00fctze tragen kannst, ohne die Sicht zu behindern.   <\/p>\n<p data-start=\"731\" data-end=\"1170\">- High-Wrap-Design f\u00fcr maximalen Schutz aus allen Blickwinkeln<br data-start=\"792\" data-end=\"795\">- Cap-kompatibler Rahmen mit Pfoten, die die periphere Sicht optimieren<br data-start=\"864\" data-end=\"867\">- Drei-Punkt-Passform f\u00fcr komfortable und stabile Ausrichtung<br data-start=\"926\" data-end=\"929\">- Leichtes und langlebiges O Matter-Material<br data-start=\"974\" data-end=\"977\">- Erh\u00e4ltlich mit Prizm-Glas-Technologie f\u00fcr besseren Kontrast und mehr Details<br data-start=\"1047\" data-end=\"1050\">- Sowohl mit Specialspex-Gl\u00e4sern als auch mit Original-Oakley-Gl\u00e4sern erh\u00e4ltlich<br data-start=\"1130\" data-end=\"1133\">- Inklusive Schutzh\u00fclle<\/p>\n","protected":false},"excerpt":{"rendered":"<p data-start=\"204\" data-end=\"729\">Die Oakley Gibston ist eine stylische High-Wrap-Fassung, die hervorragenden Schutz mit einem modernen, sportlichen Look kombiniert. Dank der vollst\u00e4ndig umschlie\u00dfenden Form bietet die Brille optimalen Schutz vor Sonne und Wind, ideal f\u00fcr aktiven Sport und den t\u00e4glichen Gebrauch. Der leichte O Matter-Rahmen sorgt f\u00fcr lang anhaltenden Komfort, w\u00e4hrend der Drei-Punkt-Sitz die Brille pr\u00e4zise und stabil ausrichtet. Die Gibston ist au\u00dferdem m\u00fctzenkompatibel, sodass du sie m\u00fchelos mit einer M\u00fctze tragen kannst, ohne die Sicht zu behindern.   <\/p>\n<p data-start=\"731\" data-end=\"1170\">- High-Wrap-Design f\u00fcr maximalen Schutz aus allen Blickwinkeln<br data-start=\"792\" data-end=\"795\">- Cap-kompatibler Rahmen mit Pfoten, die die periphere Sicht optimieren<br data-start=\"864\" data-end=\"867\">- Drei-Punkt-Passform f\u00fcr komfortable und stabile Ausrichtung<br data-start=\"926\" data-end=\"929\">- Leichtes und langlebiges O Matter-Material<br data-start=\"974\" data-end=\"977\">- Erh\u00e4ltlich mit Prizm-Glas-Technologie f\u00fcr besseren Kontrast und mehr Details<br data-start=\"1047\" data-end=\"1050\">- Sowohl mit Specialspex-Gl\u00e4sern als auch mit Original-Oakley-Gl\u00e4sern erh\u00e4ltlich<br data-start=\"1130\" data-end=\"1133\">- Inklusive Schutzh\u00fclle<\/p>\n","protected":false},"featured_media":69137,"template":"","meta":[],"product_brand":[806],"product_cat":[659,658,695,663,584,688],"product_tag":[],"class_list":{"0":"post-75875","1":"product","2":"type-product","3":"status-publish","4":"has-post-thumbnail","6":"product_brand-oakley","7":"product_cat-motorradbrille","8":"product_cat-bergsteigerbrille","9":"product_cat-fisch","10":"product_cat-segeln","11":"product_cat-sportbrille","12":"product_cat-wassersport","13":"pa_geschikt-voor-frauen","14":"pa_geschikt-voor-manner","15":"pa_kleur-montuur-grau","16":"pa_kleur-montuur-schwarz","17":"pa_kleur-montuur-schwarz-2","18":"pa_kleur-montuur-transparent-klar","19":"pa_maat-montuur-gross","20":"pa_maat-montuur-medium","21":"pa_soort-bril-op-sterkte-mit-sehstaerke","22":"pa_soort-bril-op-sterkte-ohne-sehstaerke","24":"first","25":"instock","26":"shipping-taxable","27":"purchasable","28":"product-type-variable"},"_links":{"self":[{"href":"https:\/\/specialspex.artitex.dev\/de\/wp-json\/wp\/v2\/product\/75875","targetHints":{"allow":["GET"]}}],"collection":[{"href":"https:\/\/specialspex.artitex.dev\/de\/wp-json\/wp\/v2\/product"}],"about":[{"href":"https:\/\/specialspex.artitex.dev\/de\/wp-json\/wp\/v2\/types\/product"}],"wp:featuredmedia":[{"embeddable":true,"href":"https:\/\/specialspex.artitex.dev\/de\/wp-json\/wp\/v2\/media\/69137"}],"wp:attachment":[{"href":"https:\/\/specialspex.artitex.dev\/de\/wp-json\/wp\/v2\/media?parent=75875"}],"wp:term":[{"taxonomy":"product_brand","embeddable":true,"href":"https:\/\/specialspex.artitex.dev\/de\/wp-json\/wp\/v2\/product_brand?post=75875"},{"taxonomy":"product_cat","embeddable":true,"href":"https:\/\/specialspex.artitex.dev\/de\/wp-json\/wp\/v2\/product_cat?post=75875"},{"taxonomy":"product_tag","embeddable":true,"href":"https:\/\/specialspex.artitex.dev\/de\/wp-json\/wp\/v2\/product_tag?post=75875"}],"curies":[{"name":"wp","href":"https:\/\/api.w.org\/{rel}","templated":true}]}}