{"id":75944,"date":"2025-11-25T12:25:32","date_gmt":"2025-11-25T11:25:32","guid":{"rendered":"https:\/\/specialspex.artitex.dev\/product\/g13\/"},"modified":"2025-11-25T12:25:32","modified_gmt":"2025-11-25T11:25:32","slug":"g13","status":"publish","type":"product","link":"https:\/\/specialspex.artitex.dev\/de\/sportbrille\/gloryfy-g13\/","title":{"rendered":"G13"},"content":{"rendered":"<p data-pm-slice=\"1 1 []\">Die Gloryfy G13 ist eine unzerbrechliche Sportbrille, die maximalen Schutz und au\u00dfergew\u00f6hnlichen Tragekomfort bietet, sowohl bei sportlichen Aktivit\u00e4ten als auch im Alltag. Dank einzigartiger, innovativer Materialien sind sowohl der Rahmen als auch die Gl\u00e4ser nahezu unzerbrechlich und machen die Brille resistent gegen St\u00f6\u00dfe und anspruchsvolle Bedingungen. Die kontrastreichen Gl\u00e4ser sorgen f\u00fcr eine klare Sicht in den verschiedensten Situationen, w\u00e4hrend die stabile Passform daf\u00fcr sorgt, dass die Brille bei Bewegungen sicher an ihrem Platz bleibt.  <\/p>\n<p>&nbsp;<\/p>\n<p>Die G13 wird komplett in Tirol (\u00d6sterreich) hergestellt, wo Hightech und pr\u00e4zise Handarbeit zusammenkommen, um eine Brille von h\u00f6chster Qualit\u00e4t zu produzieren.<\/p>\n<p>&nbsp;<\/p>\n<p>- Unzerbrechlicher Rahmen und unzerbrechliche Gl\u00e4ser f\u00fcr maximale Sicherheit<\/p>\n<p>- Kontrastverst\u00e4rkendes Glas f\u00fcr klare Sicht beim Sport und im Alltag<\/p>\n<p>- Sehr stabile Passform, ideal f\u00fcr dynamische und intensive Aktivit\u00e4ten<\/p>\n<p>- Bequemes Design f\u00fcr lang anhaltenden Tragekomfort<\/p>\n<p>- Erh\u00e4ltlich mit verschreibungspflichtigen hochwertigen Gl\u00e4sern von Specialspex<\/p>\n<p>- Made in Tirol (\u00d6sterreich) mit Hightech-Produktion und Handwerkskunst<\/p>\n<p>- Inklusive sch\u00fctzendem Aufbewahrungsetui<\/p>\n","protected":false},"excerpt":{"rendered":"<p data-pm-slice=\"1 1 []\">Die Gloryfy G13 ist eine unzerbrechliche Sportbrille, die maximalen Schutz und au\u00dfergew\u00f6hnlichen Tragekomfort bietet, sowohl bei sportlichen Aktivit\u00e4ten als auch im Alltag. Dank einzigartiger, innovativer Materialien sind sowohl der Rahmen als auch die Gl\u00e4ser nahezu unzerbrechlich und machen die Brille resistent gegen St\u00f6\u00dfe und anspruchsvolle Bedingungen. Die kontrastreichen Gl\u00e4ser sorgen f\u00fcr eine klare Sicht in den verschiedensten Situationen, w\u00e4hrend die stabile Passform daf\u00fcr sorgt, dass die Brille bei Bewegungen sicher an ihrem Platz bleibt.  <\/p>\n<p>&nbsp;<\/p>\n<p>Die G13 wird komplett in Tirol (\u00d6sterreich) hergestellt, wo Hightech und pr\u00e4zise Handarbeit zusammenkommen, um eine Brille von h\u00f6chster Qualit\u00e4t zu produzieren.<\/p>\n<p>&nbsp;<\/p>\n<p>- Unzerbrechlicher Rahmen und unzerbrechliche Gl\u00e4ser f\u00fcr maximale Sicherheit<\/p>\n<p>- Kontrastverst\u00e4rkendes Glas f\u00fcr klare Sicht beim Sport und im Alltag<\/p>\n<p>- Sehr stabile Passform, ideal f\u00fcr dynamische und intensive Aktivit\u00e4ten<\/p>\n<p>- Bequemes Design f\u00fcr langfristigen Tragekomfort<\/p>\n<p>- Erh\u00e4ltlich mit verschreibungspflichtigen hochwertigen Gl\u00e4sern von Specialspex<\/p>\n<p>- Made in Tirol (\u00d6sterreich) mit Hightech-Produktion und Handwerkskunst<\/p>\n<p>- Inklusive sch\u00fctzendem Aufbewahrungsetui<\/p>\n","protected":false},"featured_media":66289,"template":"","meta":[],"product_brand":[823],"product_cat":[584],"product_tag":[],"class_list":{"0":"post-75944","1":"product","2":"type-product","3":"status-publish","4":"has-post-thumbnail","6":"product_brand-gloryfy","7":"product_cat-sportbrille","8":"pa_geschikt-voor-frauen","9":"pa_geschikt-voor-manner","10":"pa_kleur-montuur-blau","11":"pa_kleur-montuur-grau","12":"pa_maat-montuur-gross","13":"pa_maat-montuur-medium","14":"pa_soort-bril-op-sterkte-mit-sehstaerke","15":"pa_soort-bril-op-sterkte-ohne-sehstaerke","17":"first","18":"instock","19":"shipping-taxable","20":"purchasable","21":"product-type-variable"},"_links":{"self":[{"href":"https:\/\/specialspex.artitex.dev\/de\/wp-json\/wp\/v2\/product\/75944","targetHints":{"allow":["GET"]}}],"collection":[{"href":"https:\/\/specialspex.artitex.dev\/de\/wp-json\/wp\/v2\/product"}],"about":[{"href":"https:\/\/specialspex.artitex.dev\/de\/wp-json\/wp\/v2\/types\/product"}],"wp:featuredmedia":[{"embeddable":true,"href":"https:\/\/specialspex.artitex.dev\/de\/wp-json\/wp\/v2\/media\/66289"}],"wp:attachment":[{"href":"https:\/\/specialspex.artitex.dev\/de\/wp-json\/wp\/v2\/media?parent=75944"}],"wp:term":[{"taxonomy":"product_brand","embeddable":true,"href":"https:\/\/specialspex.artitex.dev\/de\/wp-json\/wp\/v2\/product_brand?post=75944"},{"taxonomy":"product_cat","embeddable":true,"href":"https:\/\/specialspex.artitex.dev\/de\/wp-json\/wp\/v2\/product_cat?post=75944"},{"taxonomy":"product_tag","embeddable":true,"href":"https:\/\/specialspex.artitex.dev\/de\/wp-json\/wp\/v2\/product_tag?post=75944"}],"curies":[{"name":"wp","href":"https:\/\/api.w.org\/{rel}","templated":true}]}}