{"id":75945,"date":"2025-11-25T14:47:15","date_gmt":"2025-11-25T13:47:15","guid":{"rendered":"https:\/\/specialspex.artitex.dev\/product\/g25\/"},"modified":"2025-11-25T14:47:15","modified_gmt":"2025-11-25T13:47:15","slug":"g25","status":"publish","type":"product","link":"https:\/\/specialspex.artitex.dev\/de\/zubehoer\/gloryfy-g25\/","title":{"rendered":"G25"},"content":{"rendered":"<p data-start=\"190\" data-end=\"610\">Die Gloryfy G25 ist eine ultraleichte, rahmenlose und v\u00f6llig unzerbrechliche Sportbrille, die maximalen Schutz und ein breites, ungehindertes Sichtfeld bietet. Dank der optimalen Bel\u00fcftung bleibt deine Sicht klar, egal ob du auf dem Rennrad, auf Mountainbike-Trails oder beim Laufen unterwegs bist. Die unzerbrechlichen Gl\u00e4ser sorgen f\u00fcr eine hohe Leistung unter allen Bedingungen und machen die G25 ideal f\u00fcr Sport, Alltag und Reisen.  <\/p>\n<p data-start=\"612\" data-end=\"798\">Wie alle Gloryfy-Modelle wird auch die G25 in Tirol (\u00d6sterreich) hergestellt, wo Hightech-Fertigung und pr\u00e4zise Handarbeit zu einer Brille von au\u00dfergew\u00f6hnlicher Qualit\u00e4t zusammenkommen.<\/p>\n<p data-start=\"800\" data-end=\"1128\">- Ultraleichtes, rahmenloses Design mit weitem Sichtfeld<br data-start=\"853\" data-end=\"856\">- Unzerbrechliche Gl\u00e4ser und Konstruktion f\u00fcr maximale Sicherheit<br data-start=\"916\" data-end=\"919\">- Hervorragende Bel\u00fcftung f\u00fcr klare Sicht bei intensivem Sport<br data-start=\"986\" data-end=\"989\">- Stabiler und bequemer Sitz<br data-start=\"1023\" data-end=\"1026\">- Kann mit original Gloryfy-Gl\u00e4sern im Visier erhalten werden<br data-start=\"1092\" data-end=\"1095\">- Hergestellt in Tirol (\u00d6sterreich)<\/p>\n<p data-start=\"800\" data-end=\"1128\">\n","protected":false},"excerpt":{"rendered":"<p>Die Gloryfy G25 ist eine ultraleichte, rahmenlose und v\u00f6llig unzerbrechliche Sportbrille, die maximalen Schutz und ein breites, ungehindertes Sichtfeld bietet. Dank der optimalen Bel\u00fcftung bleibt deine Sicht klar, egal ob du auf dem Rennrad, auf Mountainbike-Trails oder beim Laufen unterwegs bist. Die unzerbrechlichen Gl\u00e4ser sorgen f\u00fcr eine hohe Leistung unter allen Bedingungen und machen die &hellip; <a href=\"https:\/\/specialspex.artitex.dev\/de\/zubehoer\/gloryfy-g25\/\">Fortsetzung<\/a><\/p>\n","protected":false},"featured_media":66373,"template":"","meta":[],"product_brand":[823],"product_cat":[200],"product_tag":[],"class_list":{"0":"post-75945","1":"product","2":"type-product","3":"status-publish","4":"has-post-thumbnail","6":"product_brand-gloryfy","7":"product_cat-zubehoer","8":"pa_geschikt-voor-frauen","9":"pa_geschikt-voor-manner","10":"pa_kleur-montuur-blau","11":"pa_kleur-montuur-lila","12":"pa_maat-montuur-klein","13":"pa_maat-montuur-medium","14":"pa_soort-bril-op-sterkte-mit-korrektionsglaesern-im-visier","15":"pa_soort-bril-op-sterkte-ohne-sehstaerke","17":"first","18":"instock","19":"shipping-taxable","20":"purchasable","21":"product-type-variable"},"_links":{"self":[{"href":"https:\/\/specialspex.artitex.dev\/de\/wp-json\/wp\/v2\/product\/75945","targetHints":{"allow":["GET"]}}],"collection":[{"href":"https:\/\/specialspex.artitex.dev\/de\/wp-json\/wp\/v2\/product"}],"about":[{"href":"https:\/\/specialspex.artitex.dev\/de\/wp-json\/wp\/v2\/types\/product"}],"wp:featuredmedia":[{"embeddable":true,"href":"https:\/\/specialspex.artitex.dev\/de\/wp-json\/wp\/v2\/media\/66373"}],"wp:attachment":[{"href":"https:\/\/specialspex.artitex.dev\/de\/wp-json\/wp\/v2\/media?parent=75945"}],"wp:term":[{"taxonomy":"product_brand","embeddable":true,"href":"https:\/\/specialspex.artitex.dev\/de\/wp-json\/wp\/v2\/product_brand?post=75945"},{"taxonomy":"product_cat","embeddable":true,"href":"https:\/\/specialspex.artitex.dev\/de\/wp-json\/wp\/v2\/product_cat?post=75945"},{"taxonomy":"product_tag","embeddable":true,"href":"https:\/\/specialspex.artitex.dev\/de\/wp-json\/wp\/v2\/product_tag?post=75945"}],"curies":[{"name":"wp","href":"https:\/\/api.w.org\/{rel}","templated":true}]}}