{"id":75946,"date":"2025-11-25T12:13:31","date_gmt":"2025-11-25T11:13:31","guid":{"rendered":"https:\/\/specialspex.artitex.dev\/product\/kurt-medium\/"},"modified":"2025-11-25T12:13:31","modified_gmt":"2025-11-25T11:13:31","slug":"kurt-medium","status":"publish","type":"product","link":"https:\/\/specialspex.artitex.dev\/de\/sicherheit\/bolle-safety-kurt-medium\/","title":{"rendered":"Kurt Medium"},"content":{"rendered":"<p data-start=\"97\" data-end=\"433\">Diese Boll\u00e9 Schutzbrille ist ideal f\u00fcr Menschen mit schmalen Gesichtern. Sie kombiniert ein sportliches und robustes Design mit maximalem Schutz. Das Modell ist die kleinere Version der Kurt Wide und hat integrierte Seitenschilde, die vor fliegenden Partikeln, Fl\u00fcssigkeiten und Staub sch\u00fctzen. Sie ist standardm\u00e4\u00dfig EN-166-zertifiziert.  <\/p>\n<p data-start=\"435\" data-end=\"726\" data-is-last-node=\"\" data-is-only-node=\"\">- EN-166-zertifizierter Schutz<br data-start=\"471\" data-end=\"474\">- Integrierte Seitenkappen f\u00fcr zus\u00e4tzliche Sicherheit<br data-start=\"521\" data-end=\"524\">- Kompaktes Modell, kleinere Version von Kurt Wide<br data-start=\"571\" data-end=\"574\">- Kann in deiner bevorzugten Farbe oder zusammen mit deiner Sehst\u00e4rke angefertigt werden<br data-start=\"628\" data-end=\"631\">- Vollst\u00e4ndig anpassbare Gl\u00e4ser<br data-start=\"675\" data-end=\"678\">- Der Startpreis beinhaltet klare Standardgl\u00e4ser<\/p>\n","protected":false},"excerpt":{"rendered":"<p data-start=\"97\" data-end=\"433\">Diese Boll\u00e9 Schutzbrille ist ideal f\u00fcr Menschen mit schmalen Gesichtern. Sie kombiniert ein sportliches und robustes Design mit maximalem Schutz. Das Modell ist die kleinere Version der Kurt Wide und hat integrierte Seitenschilde, die vor fliegenden Partikeln, Fl\u00fcssigkeiten und Staub sch\u00fctzen. Sie ist standardm\u00e4\u00dfig EN-166-zertifiziert.  <\/p>\n<p data-start=\"435\" data-end=\"726\" data-is-last-node=\"\" data-is-only-node=\"\">- EN-166-zertifizierter Schutz<br data-start=\"471\" data-end=\"474\">- Integrierte Seitenkappen f\u00fcr zus\u00e4tzliche Sicherheit<br data-start=\"521\" data-end=\"524\">- Kompaktes Modell, kleinere Version von Kurt Wide<br data-start=\"571\" data-end=\"574\">- Kann in deiner bevorzugten Farbe oder zusammen mit deiner Sehst\u00e4rke angefertigt werden<br data-start=\"628\" data-end=\"631\">- Vollst\u00e4ndig anpassbare Gl\u00e4ser<br data-start=\"675\" data-end=\"678\">- Der Startpreis beinhaltet klare Standardgl\u00e4ser<\/p>\n","protected":false},"featured_media":62005,"template":"","meta":[],"product_brand":[786],"product_cat":[628],"product_tag":[],"class_list":{"0":"post-75946","1":"product","2":"type-product","3":"status-publish","4":"has-post-thumbnail","6":"product_brand-bolle-safety","7":"product_cat-sicherheit","8":"pa_geschikt-voor-frauen","9":"pa_geschikt-voor-manner","10":"pa_kleur-montuur-gelb","11":"pa_kleur-montuur-grau","12":"pa_kleur-montuur-transparent-klar","13":"pa_maat-montuur-klein","14":"pa_soort-bril-op-sterkte-geeignet-fuer-hohe-staerken","15":"pa_soort-bril-op-sterkte-mit-sehstaerke","17":"first","18":"instock","19":"shipping-taxable","20":"purchasable","21":"product-type-simple"},"_links":{"self":[{"href":"https:\/\/specialspex.artitex.dev\/de\/wp-json\/wp\/v2\/product\/75946","targetHints":{"allow":["GET"]}}],"collection":[{"href":"https:\/\/specialspex.artitex.dev\/de\/wp-json\/wp\/v2\/product"}],"about":[{"href":"https:\/\/specialspex.artitex.dev\/de\/wp-json\/wp\/v2\/types\/product"}],"wp:featuredmedia":[{"embeddable":true,"href":"https:\/\/specialspex.artitex.dev\/de\/wp-json\/wp\/v2\/media\/62005"}],"wp:attachment":[{"href":"https:\/\/specialspex.artitex.dev\/de\/wp-json\/wp\/v2\/media?parent=75946"}],"wp:term":[{"taxonomy":"product_brand","embeddable":true,"href":"https:\/\/specialspex.artitex.dev\/de\/wp-json\/wp\/v2\/product_brand?post=75946"},{"taxonomy":"product_cat","embeddable":true,"href":"https:\/\/specialspex.artitex.dev\/de\/wp-json\/wp\/v2\/product_cat?post=75946"},{"taxonomy":"product_tag","embeddable":true,"href":"https:\/\/specialspex.artitex.dev\/de\/wp-json\/wp\/v2\/product_tag?post=75946"}],"curies":[{"name":"wp","href":"https:\/\/api.w.org\/{rel}","templated":true}]}}